{"id":17173,"date":"2023-02-17T18:58:00","date_gmt":"2023-02-17T18:58:00","guid":{"rendered":"https:\/\/www.arovite.com\/?page_id=17173"},"modified":"2023-02-22T12:38:30","modified_gmt":"2023-02-22T12:38:30","slug":"fundacion-centro-para-la-memoria-de-las-victimas-del-terrorismo-2021b","status":"publish","type":"page","link":"https:\/\/www.arovite.com\/es\/fundacion-centro-para-la-memoria-de-las-victimas-del-terrorismo-2021b\/","title":{"rendered":"FUNDACI\u00d3N CENTRO PARA LA MEMORIA DE LAS V\u00cdCTIMAS DEL TERRORISMO (2021b)"},"content":{"rendered":"<div class=\"wpb-content-wrapper\"><p>[vc_row][vc_column width=&#8221;1\/1&#8243;][vc_column_text][vc_empty_space height=&#8221;20&#8243;]<br \/>\n<strong>Referencia bibliogr\u00e1fica<\/strong><br \/>\nFUNDACI\u00d3N CENTRO PARA LA MEMORIA DE LAS V\u00cdCTIMAS DEL TERRORISMO (2021): \u00abBalance del terrorismo en Espa\u00f1a, 2020\u00bb, <em>Cuadernos del Centro Memorial de las V\u00edctimas del Terrorismo<\/em>, n\u00ba 11.<\/p>\n<p><a class=\"button blue  medium \" href=\"http:\/\/www.memorialvt.com\/wp-content\/uploads\/2021\/06\/Cuadernos11.pdf\" target=\"_blank\" rel=\"noopener\">Consultar PDF<\/a>[vc_empty_space height=&#8221;10&#8243;]<br \/>\n<strong>Resumen<\/strong><br \/>\nEl Centro Memorial ha elaborado un balance de todo lo relacionado con el terrorismo que afect\u00f3 a Espa\u00f1a durante el a\u00f1o 2020. Este balance se suma a los realizados desde 2015, lo que permite disponer a trav\u00e9s de la publicaci\u00f3n <em>Cuadernos<\/em> de una serie de datos de los \u00faltimos seis a\u00f1os. Gracias a ellos, podemos tener una imagen m\u00e1s completa de la amenaza terrorista y ver su evoluci\u00f3n a lo largo del tiempo, tanto en lo que concierne a nuestro pa\u00eds como a nuestro entorno m\u00e1s cercano. Tambi\u00e9n se recuerda a las v\u00edctimas de cada a\u00f1o, algo que, por fortuna, no ha sido necesario hacer en el ejercicio de 2020. [vc_empty_space height=&#8221;10&#8243;]<br \/>\n<strong>Tipo de documento<\/strong><br \/>\nInforme<br \/>\n[vc_empty_space height=&#8221;10&#8243;]<br \/>\n[\/vc_column_text][\/vc_column][\/vc_row]<\/p>\n<\/div>","protected":false},"excerpt":{"rendered":"<p>[vc_row][vc_column width=&#8221;1\/1&#8243;][vc_column_text][vc_empty_space height=&#8221;20&#8243;] Referencia bibliogr\u00e1fica FUNDACI\u00d3N CENTRO PARA LA MEMORIA DE LAS V\u00cdCTIMAS DEL TERRORISMO (2021): \u00abBalance del terrorismo en Espa\u00f1a, 2020\u00bb, Cuadernos del Centro Memorial de las V\u00edctimas del&hellip;<\/p>\n","protected":false},"author":1,"featured_media":0,"parent":0,"menu_order":0,"comment_status":"closed","ping_status":"closed","template":"","meta":{"om_disable_all_campaigns":false,"_monsterinsights_skip_tracking":false,"_monsterinsights_sitenote_active":false,"_monsterinsights_sitenote_note":"","_monsterinsights_sitenote_category":0,"_uf_show_specific_survey":0,"_uf_disable_surveys":false,"_vp_format_video_url":"","_vp_image_focal_point":[],"_vp_custom_popup_image":0,"_vp_format_audio_url":"","_vp_custom_thumbnail":0,"_vp_custom_thumbnail_focal_point":[],"_vp_hover_thumbnail":0,"_vp_hover_thumbnail_focal_point":[],"footnotes":""},"class_list":["post-17173","page","type-page","status-publish","hentry"],"aioseo_notices":[],"_links":{"self":[{"href":"https:\/\/www.arovite.com\/es\/wp-json\/wp\/v2\/pages\/17173","targetHints":{"allow":["GET"]}}],"collection":[{"href":"https:\/\/www.arovite.com\/es\/wp-json\/wp\/v2\/pages"}],"about":[{"href":"https:\/\/www.arovite.com\/es\/wp-json\/wp\/v2\/types\/page"}],"author":[{"embeddable":true,"href":"https:\/\/www.arovite.com\/es\/wp-json\/wp\/v2\/users\/1"}],"replies":[{"embeddable":true,"href":"https:\/\/www.arovite.com\/es\/wp-json\/wp\/v2\/comments?post=17173"}],"version-history":[{"count":3,"href":"https:\/\/www.arovite.com\/es\/wp-json\/wp\/v2\/pages\/17173\/revisions"}],"predecessor-version":[{"id":17603,"href":"https:\/\/www.arovite.com\/es\/wp-json\/wp\/v2\/pages\/17173\/revisions\/17603"}],"wp:attachment":[{"href":"https:\/\/www.arovite.com\/es\/wp-json\/wp\/v2\/media?parent=17173"}],"curies":[{"name":"wp","href":"https:\/\/api.w.org\/{rel}","templated":true}]}}