{"id":17041,"date":"2023-02-15T19:03:17","date_gmt":"2023-02-15T19:03:17","guid":{"rendered":"https:\/\/www.arovite.com\/?page_id=17041"},"modified":"2023-02-17T12:55:21","modified_gmt":"2023-02-17T12:55:21","slug":"alonso-zarza-martin-y-merino-pacheco-francisco-javier-2022","status":"publish","type":"page","link":"https:\/\/www.arovite.com\/es\/alonso-zarza-martin-y-merino-pacheco-francisco-javier-2022\/","title":{"rendered":"ALONSO ZARZA, Mart\u00edn y MERINO PACHECO, Francisco Javier (2022)"},"content":{"rendered":"<div class=\"wpb-content-wrapper\"><p>[vc_row][vc_column width=&#8221;1\/1&#8243;][vc_column_text][vc_empty_space height=&#8221;20&#8243;]<br \/>\n <strong>Referencia bibliogr\u00e1fica<\/strong><br \/>\nALONSO ZARZA, Mart\u00edn y MERINO PACHECO, Francisco Javier (2022): \u00abRet\u00f3rica noble, pr\u00e1cticas criminales. El c\u00f3digo del conflicto vasco a partir del documental Pays Basque et libert\u00e9. Un long chemin vers la paix, de Thomas Lacoste\u00bb, <em>Araucaria. Revista Iberoamericana de Filosof\u00eda, Pol\u00edtica, Humanidades y Relaciones Internacionales<\/em>, n\u00ba 50, pp. 159-182.<\/p>\n<p><a class=\"button blue medium \" href=\"https:\/\/dialnet.unirioja.es\/descarga\/articulo\/8571862.pdf\" target=\"_blank\" rel=\"noopener\">Consultar PDF<\/a>[vc_empty_space height=&#8221;10&#8243;]<br \/>\n<strong>Resumen<\/strong><br \/>\nEste texto analiza las estrategias narrativas del nacionalismo vasco radical (NVR) a partir del documental de Thomas Lacoste, Pays Basque et libert\u00e9 (2019). Se compone de cuatro partes. La primera se centra en unas consideraciones generales sobre el lenguaje para enmarcar las pr\u00e1cticas narrativas del NVR. La segunda y tercera abordan los dos elementos centrales de la estrategia de comunicaci\u00f3n aberzale: el uso de figuras internacionales como mecanismo de amplificaci\u00f3n, por un lado, y la apropiaci\u00f3n de un lenguaje noble que funciona como elemento legitimador y de prestigio (hoja de parra), mientras que incorpora elementos susceptibles de ser decodificados por los miembros del colectivo como parte de su interpretaci\u00f3n can\u00f3nica (silbidos de perro), por otro. En la cuarta se resumen los principales ejes argumentativos que vehiculan los participantes en el documental. Se cierra el texto con una breve conclusi\u00f3n. La herramienta metodol\u00f3gica principal es el an\u00e1lisis de contenido. [vc_empty_space height=&#8221;10&#8243;]<br \/>\n<strong>Abstract<\/strong><br \/>\nThis paper analyzes the narrative strategies of Radical Basque Nationalism (RBN), taking advantage of Thomas Lacoste&#8217;s documentary, Pays Basque et libert\u00e9 (2019). It is made up of four parts. The first, as an introduction, focuses on general considerations about language to frame the narrative practices of the RBN. The second and third address the two central elements of the nationalist communication strategy: the use of international figures as an amplification mechanism, on the one hand, and the appropriation of a noble language that functions as a legitimating and prestigious element (figleaf), while it incorporates elements that can be decoded by the members of the collective as part of its canonical interpretation (dogwhistles), on the other. The fourth summarizes the main argumentative axes conveyed by the participants in the documentary. The text is closed with a brief conclusion. The main methodological tool is the analysis of contents. [vc_empty_space height=&#8221;10&#8243;]<br \/>\n<strong>Autor<\/strong><br \/>\nMart\u00edn Alonso Zarza. <a title=\"Dialnet\" href=\"https:\/\/dialnet.unirioja.es\/servlet\/autor?codigo=2327050\" target=\"_blank\" rel=\"noopener\">P\u00e1gina del autor en Dialnet.<\/a><br \/>\nFrancisco Javier Merino Pacheco. <a title=\"Dialnet\" href=\"https:\/\/dialnet.unirioja.es\/servlet\/autor?codigo=1162470\" target=\"_blank\" rel=\"noopener\">P\u00e1gina del autor en Dialnet.<\/a><br \/>\n[vc_empty_space height=&#8221;10&#8243;]<br \/>\n<strong>Tipo de documento<\/strong><br \/>\nArt\u00edculo<br \/>\n[vc_empty_space height=&#8221;10&#8243;]<br \/>\n[\/vc_column_text][\/vc_column][\/vc_row]<\/p>\n<\/div>","protected":false},"excerpt":{"rendered":"<p>[vc_row][vc_column width=&#8221;1\/1&#8243;][vc_column_text][vc_empty_space height=&#8221;20&#8243;] Referencia bibliogr\u00e1fica ALONSO ZARZA, Mart\u00edn y MERINO PACHECO, Francisco Javier (2022): \u00abRet\u00f3rica noble, pr\u00e1cticas criminales. El c\u00f3digo del conflicto vasco a partir del documental Pays Basque et&hellip;<\/p>\n","protected":false},"author":1,"featured_media":0,"parent":0,"menu_order":0,"comment_status":"closed","ping_status":"closed","template":"","meta":{"om_disable_all_campaigns":false,"_monsterinsights_skip_tracking":false,"_monsterinsights_sitenote_active":false,"_monsterinsights_sitenote_note":"","_monsterinsights_sitenote_category":0,"_uf_show_specific_survey":0,"_uf_disable_surveys":false,"_vp_format_video_url":"","_vp_image_focal_point":[],"_vp_custom_popup_image":0,"_vp_format_audio_url":"","_vp_custom_thumbnail":0,"_vp_custom_thumbnail_focal_point":[],"_vp_hover_thumbnail":0,"_vp_hover_thumbnail_focal_point":[],"footnotes":""},"class_list":["post-17041","page","type-page","status-publish","hentry"],"aioseo_notices":[],"_links":{"self":[{"href":"https:\/\/www.arovite.com\/es\/wp-json\/wp\/v2\/pages\/17041","targetHints":{"allow":["GET"]}}],"collection":[{"href":"https:\/\/www.arovite.com\/es\/wp-json\/wp\/v2\/pages"}],"about":[{"href":"https:\/\/www.arovite.com\/es\/wp-json\/wp\/v2\/types\/page"}],"author":[{"embeddable":true,"href":"https:\/\/www.arovite.com\/es\/wp-json\/wp\/v2\/users\/1"}],"replies":[{"embeddable":true,"href":"https:\/\/www.arovite.com\/es\/wp-json\/wp\/v2\/comments?post=17041"}],"version-history":[{"count":3,"href":"https:\/\/www.arovite.com\/es\/wp-json\/wp\/v2\/pages\/17041\/revisions"}],"predecessor-version":[{"id":17120,"href":"https:\/\/www.arovite.com\/es\/wp-json\/wp\/v2\/pages\/17041\/revisions\/17120"}],"wp:attachment":[{"href":"https:\/\/www.arovite.com\/es\/wp-json\/wp\/v2\/media?parent=17041"}],"curies":[{"name":"wp","href":"https:\/\/api.w.org\/{rel}","templated":true}]}}