{"id":17035,"date":"2023-02-15T18:55:07","date_gmt":"2023-02-15T18:55:07","guid":{"rendered":"https:\/\/www.arovite.com\/?page_id=17035"},"modified":"2023-02-15T18:55:07","modified_gmt":"2023-02-15T18:55:07","slug":"alonso-mauricio-carlos-2014","status":"publish","type":"page","link":"https:\/\/www.arovite.com\/es\/alonso-mauricio-carlos-2014\/","title":{"rendered":"ALONSO MAURICIO, Carlos (2014)"},"content":{"rendered":"<div class=\"wpb-content-wrapper\"><p>[vc_row][vc_column width=&#8221;1\/1&#8243;][vc_column_text][vc_empty_space height=&#8221;20&#8243;]<br \/>\n <strong>Referencia bibliogr\u00e1fica<\/strong><br \/>\nALONSO MAURICIO, Carlos (2014): \u00abLa libertad de expresi\u00f3n del terrorista en Espa\u00f1a\u00bb, <em>El Tiempo de los Derechos<\/em>, n\u00ba 16, pp. 1-26.<\/p>\n<p><a class=\"button blue medium \" href=\"https:\/\/www.academia.edu\/11844024\/La_libertad_de_expresi%C3%B3n_del_terrorista_en_Espa%C3%B1a\" target=\"_blank\" rel=\"noopener\">Consultar PDF<\/a>[vc_empty_space height=&#8221;10&#8243;]<br \/>\n<strong>Resumen<\/strong><br \/>\nEl objeto del presente trabajo es, en primer lugar, realizar un estudio t\u00e9cnico jur\u00eddico, es decir, valorar objetivamente la legislaci\u00f3n vigente atendiendo al cumplimiento de los principios y normas que inspiran la materia penal para, en segundo t\u00e9rmino, valorar la utilidad y adecuaci\u00f3n de esta normativa a las necesidades pol\u00edtico-jur\u00eddicas de un proceso encaminado a la finalizaci\u00f3n de la actividad terrorista en Espa\u00f1a. Este an\u00e1lisis constituye una aproximaci\u00f3n inicial a un problema pol\u00edtico jur\u00eddico de primer orden, el terrorismo. No pretendo en \u00e9l analizar todos los extremos filos\u00f3ficos, jur\u00eddicos, sociales y pol\u00edticos que afectan a la actividad terrorista y a la actividad antiterrorista, sino exponer, con la brevedad que obliga el formato en que se presenta, una reflexi\u00f3n esencialmente t\u00e9cnico jur\u00eddica del caso espa\u00f1ol. \u00c9ste es un trabajo ineludible para iniciar una investigaci\u00f3n que pretendo, en un futuro no definido, seguir desarrollando y ampliando. [vc_empty_space height=&#8221;10&#8243;]<br \/>\n<strong>Autor<\/strong><br \/>\nCarlos Alonso Mauricio. <a title=\"Dialnet\" href=\"https:\/\/dialnet.unirioja.es\/servlet\/autor?codigo=4584252\" target=\"_blank\" rel=\"noopener\">P\u00e1gina del autor en Dialnet.<\/a><br \/>\n[vc_empty_space height=&#8221;10&#8243;]<br \/>\n<strong>Tipo de documento<\/strong><br \/>\nWorking Papers<br \/>\n[vc_empty_space height=&#8221;10&#8243;]<br \/>\n[\/vc_column_text][\/vc_column][\/vc_row]<\/p>\n<\/div>","protected":false},"excerpt":{"rendered":"<p>[vc_row][vc_column width=&#8221;1\/1&#8243;][vc_column_text][vc_empty_space height=&#8221;20&#8243;] Referencia bibliogr\u00e1fica ALONSO MAURICIO, Carlos (2014): \u00abLa libertad de expresi\u00f3n del terrorista en Espa\u00f1a\u00bb, El Tiempo de los Derechos, n\u00ba 16, pp. 1-26. Consultar PDF[vc_empty_space height=&#8221;10&#8243;] Resumen&hellip;<\/p>\n","protected":false},"author":1,"featured_media":0,"parent":0,"menu_order":0,"comment_status":"closed","ping_status":"closed","template":"","meta":{"om_disable_all_campaigns":false,"_monsterinsights_skip_tracking":false,"_monsterinsights_sitenote_active":false,"_monsterinsights_sitenote_note":"","_monsterinsights_sitenote_category":0,"_uf_show_specific_survey":0,"_uf_disable_surveys":false,"_vp_format_video_url":"","_vp_image_focal_point":[],"_vp_custom_popup_image":0,"_vp_format_audio_url":"","_vp_custom_thumbnail":0,"_vp_custom_thumbnail_focal_point":[],"_vp_hover_thumbnail":0,"_vp_hover_thumbnail_focal_point":[],"footnotes":""},"class_list":["post-17035","page","type-page","status-publish","hentry"],"aioseo_notices":[],"_links":{"self":[{"href":"https:\/\/www.arovite.com\/es\/wp-json\/wp\/v2\/pages\/17035","targetHints":{"allow":["GET"]}}],"collection":[{"href":"https:\/\/www.arovite.com\/es\/wp-json\/wp\/v2\/pages"}],"about":[{"href":"https:\/\/www.arovite.com\/es\/wp-json\/wp\/v2\/types\/page"}],"author":[{"embeddable":true,"href":"https:\/\/www.arovite.com\/es\/wp-json\/wp\/v2\/users\/1"}],"replies":[{"embeddable":true,"href":"https:\/\/www.arovite.com\/es\/wp-json\/wp\/v2\/comments?post=17035"}],"version-history":[{"count":1,"href":"https:\/\/www.arovite.com\/es\/wp-json\/wp\/v2\/pages\/17035\/revisions"}],"predecessor-version":[{"id":17036,"href":"https:\/\/www.arovite.com\/es\/wp-json\/wp\/v2\/pages\/17035\/revisions\/17036"}],"wp:attachment":[{"href":"https:\/\/www.arovite.com\/es\/wp-json\/wp\/v2\/media?parent=17035"}],"curies":[{"name":"wp","href":"https:\/\/api.w.org\/{rel}","templated":true}]}}