{"id":17023,"date":"2023-02-15T18:23:59","date_gmt":"2023-02-15T18:23:59","guid":{"rendered":"https:\/\/www.arovite.com\/?page_id=17023"},"modified":"2023-02-15T18:23:59","modified_gmt":"2023-02-15T18:23:59","slug":"aizpuru-mikel-2020","status":"publish","type":"page","link":"https:\/\/www.arovite.com\/es\/aizpuru-mikel-2020\/","title":{"rendered":"AIZPURU, Mikel (2020)"},"content":{"rendered":"<div class=\"wpb-content-wrapper\"><p>[vc_row][vc_column width=&#8221;1\/1&#8243;][vc_column_text][vc_empty_space height=&#8221;20&#8243;]<br \/>\n<strong>Referencia bibliogr\u00e1fica<\/strong><br \/>\nAIZPURU, Mikel (2020): \u00abUna segunda ruptura. Nuevas fuentes y perspectivas para la historia de Euskadi en el segundo franquismo\u00bb, <em>Grand place: pensamiento y cultura<\/em>, n\u00ba 14, pp. 177-195.<\/p>\n<p><a class=\"button blue medium \" href=\"https:\/\/www.academia.edu\/45580676\/2020_AIZPURU_Consejo_Burgos_segunda_ruptura\" target=\"_blank\" rel=\"noopener\">Consultar PDF<\/a>[vc_empty_space height=&#8221;10&#8243;]<br \/>\n<strong>Resumen<\/strong><br \/>\nEn este art\u00edculo, que forma parte del ejemplar dedicado a <em>Burgos: consejo de guerra 1970-2020<\/em>, el autor trata de aproximarse, de una forma un tanto impresionista al periodo 1960-1977, un periodo con entidad propia, cuya evoluci\u00f3n posterior nadie conoc\u00eda y que, por lo tanto, pod\u00eda haber sido muy diferente. Procura, al mismo tiempo, generar o proponer algunas hip\u00f3tesis explicativas que ayuden a entender porqu\u00e9 las intensas movilizaciones que acompa\u00f1aron al Proceso de Burgos no dieron lugar a una hegemon\u00eda electoral de esas nuevas corrientes pol\u00edticas. [vc_empty_space height=&#8221;10&#8243;]<br \/>\n<strong>Autor<\/strong><br \/>\nMikel Aizpuru. <a title=\"Dialnet\" href=\"https:\/\/dialnet.unirioja.es\/servlet\/autor?codigo=15768\" target=\"_blank\" rel=\"noopener\">P\u00e1gina del autor en Dialnet.<\/a><br \/>\n[vc_empty_space height=&#8221;10&#8243;]<br \/>\n<strong>Tipo de documento<\/strong><br \/>\nArt\u00edculo<br \/>\n[vc_empty_space height=&#8221;10&#8243;]<br \/>\n[\/vc_column_text][\/vc_column][\/vc_row]<\/p>\n<\/div>","protected":false},"excerpt":{"rendered":"<p>[vc_row][vc_column width=&#8221;1\/1&#8243;][vc_column_text][vc_empty_space height=&#8221;20&#8243;] Referencia bibliogr\u00e1fica AIZPURU, Mikel (2020): \u00abUna segunda ruptura. Nuevas fuentes y perspectivas para la historia de Euskadi en el segundo franquismo\u00bb, Grand place: pensamiento y cultura, n\u00ba&hellip;<\/p>\n","protected":false},"author":1,"featured_media":0,"parent":0,"menu_order":0,"comment_status":"closed","ping_status":"closed","template":"","meta":{"om_disable_all_campaigns":false,"_monsterinsights_skip_tracking":false,"_monsterinsights_sitenote_active":false,"_monsterinsights_sitenote_note":"","_monsterinsights_sitenote_category":0,"_uf_show_specific_survey":0,"_uf_disable_surveys":false,"_vp_format_video_url":"","_vp_image_focal_point":[],"_vp_custom_popup_image":0,"_vp_format_audio_url":"","_vp_custom_thumbnail":0,"_vp_custom_thumbnail_focal_point":[],"_vp_hover_thumbnail":0,"_vp_hover_thumbnail_focal_point":[],"footnotes":""},"class_list":["post-17023","page","type-page","status-publish","hentry"],"aioseo_notices":[],"_links":{"self":[{"href":"https:\/\/www.arovite.com\/es\/wp-json\/wp\/v2\/pages\/17023","targetHints":{"allow":["GET"]}}],"collection":[{"href":"https:\/\/www.arovite.com\/es\/wp-json\/wp\/v2\/pages"}],"about":[{"href":"https:\/\/www.arovite.com\/es\/wp-json\/wp\/v2\/types\/page"}],"author":[{"embeddable":true,"href":"https:\/\/www.arovite.com\/es\/wp-json\/wp\/v2\/users\/1"}],"replies":[{"embeddable":true,"href":"https:\/\/www.arovite.com\/es\/wp-json\/wp\/v2\/comments?post=17023"}],"version-history":[{"count":1,"href":"https:\/\/www.arovite.com\/es\/wp-json\/wp\/v2\/pages\/17023\/revisions"}],"predecessor-version":[{"id":17024,"href":"https:\/\/www.arovite.com\/es\/wp-json\/wp\/v2\/pages\/17023\/revisions\/17024"}],"wp:attachment":[{"href":"https:\/\/www.arovite.com\/es\/wp-json\/wp\/v2\/media?parent=17023"}],"curies":[{"name":"wp","href":"https:\/\/api.w.org\/{rel}","templated":true}]}}