{"id":1341,"date":"2014-02-26T10:22:00","date_gmt":"2014-02-26T10:22:00","guid":{"rendered":"http:\/\/arovite.com\/temporal\/?page_id=1341"},"modified":"2025-06-17T17:50:05","modified_gmt":"2025-06-17T17:50:05","slug":"bases-de-datos","status":"publish","type":"page","link":"https:\/\/www.arovite.com\/es\/bases-de-datos\/","title":{"rendered":"Bases de datos"},"content":{"rendered":"<div class=\"wpb-content-wrapper\"><p>[vc_row][vc_column width=&#8221;1\/2&#8243;][vc_column_text]Nuestro <strong>buscador bibliogr\u00e1fico<\/strong> permite conocer las monograf\u00edas, art\u00edculos en revistas acad\u00e9micas y cap\u00edtulos de libro que han abordado el tema del terrorismo en Euskadi. Contamos con m\u00e1s de 950 referencias de trabajos publicados desde principios de los a\u00f1os setenta del siglo XX hasta la actualidad. Las obras literarias, de novela o teatro, no est\u00e1n incluidas. Los criterios de b\u00fasqueda son los siguientes: palabra clave, autor, t\u00edtulo, a\u00f1o y tipo de publicaci\u00f3n. Al seleccionar la opci\u00f3n \u00abtodo\u00bb, se muestran resultados del conjunto de la base de datos. Al seleccionar autor, t\u00edtulo o a\u00f1o, la exploraci\u00f3n es m\u00e1s avanzada y sirve para discriminar, adem\u00e1s de esos elementos, tambi\u00e9n el tipo de publicaci\u00f3n. Los resultados aparecen ordenados alfab\u00e9ticamente a partir del apellido del autor. El repertorio ha sido elaborado por Alba L\u00f3pez Romo y Ra\u00fal L\u00f3pez Romo, con la colaboraci\u00f3n de Gaizka Fern\u00e1ndez Soldevilla, que generosamente ha donado la bibliograf\u00eda de su tesis doctoral.<\/p>\n<p>En las <strong>sugerencias de lectura<\/strong> puede encontrarse un listado de libros clave de historia, sociolog\u00eda, politolog\u00eda, antropolog\u00eda o ciencias de la comunicaci\u00f3n. Salvo el apartado dedicado a las memorias, se incluyen \u00fanicamente obras acad\u00e9micas, no period\u00edsticas ni literatura militante (esto \u00faltimo s\u00ed est\u00e1 disponible en el buscador bibliogr\u00e1fico). Se trata de una selecci\u00f3n de m\u00e1s de medio centenar de libros relevantes. La lista est\u00e1 dividida por temas: trasfondo del terrorismo, historia de ETA, v\u00edctimas, victimarios\u2026<\/p>\n<p>La secci\u00f3n de <strong>pel\u00edculas y documentales<\/strong> incluye un listado de los largometrajes cinematogr\u00e1ficos que han abordado el tema de ETA y otras organizaciones terroristas, como los GAL. No se incluyen filmes sin licencia cinematogr\u00e1fica, elaborados \u00fanicamente para la televisi\u00f3n, ni cortometrajes. Aportamos, entre otros, los siguientes datos: t\u00edtulo, director, a\u00f1o, cartel, duraci\u00f3n, etc. Los resultados aparecen ordenados cronol\u00f3gicamente, de m\u00e1s antigua a m\u00e1s reciente. La fuente de referencia es Santiago de Pablo (2012): <em>The Basque Nation On-Screen. Cinema, Nationalism, and Political Violence.<\/em> Reno: Center for Basque Studies-University of Nevada. Agradecemos a este autor su indispensable colaboraci\u00f3n, al facilitarnos su listado de cerca de 50 filmes.[\/vc_column_text][\/vc_column][vc_column width=&#8221;1\/2&#8243;][vc_column_text]La secci\u00f3n de <strong>gr\u00e1ficas<\/strong> contiene una lista de las v\u00edctimas mortales de ETA y otras organizaciones terroristas, una cronolog\u00eda del terrorismo en Euskadi (1952-2011) y sendos esquemas de la evoluci\u00f3n hist\u00f3rica de las diversas organizaciones del nacionalismo vasco y de la extrema izquierda en el Pa\u00eds Vasco.<\/p>\n<p>En la secci\u00f3n <strong>Euskobarometro<\/strong> publicamos una serie de tablas referidas a aspectos como la sensaci\u00f3n de libertad de los vascos para hablar de pol\u00edtica, el miedo a participar activamente en pol\u00edtica, las actitudes hacia ETA en el Pa\u00eds Vasco, la imagen p\u00fablica de los miembros de ETA o los factores que han contribuido al final del terrorismo en Euskadi.<\/p>\n<p>Las v\u00edctimas del terrorismo estuvieron durante mucho tiempo ausentes del espacio p\u00fablico. Sin embargo, hoy en d\u00eda son un agente social fundamental. Lo son por iniciativa propia, gracias, sobre todo, a haber dado a conocer sus opiniones y sus vivencias a trav\u00e9s de diferentes v\u00edas: organiz\u00e1ndose en asociaciones y fundaciones, dando charlas educativas en colegios, concediendo entrevistas en la prensa, la radio o la televisi\u00f3n, etc. En esta secci\u00f3n reunimos <strong>testimonios online<\/strong> de v\u00edctimas del terrorismo que permanec\u00edan dispersos en Internet. Aqu\u00ed son ellas mismas las que cuentan su historia.[\/vc_column_text][\/vc_column][\/vc_row][vc_row][vc_column][vc_empty_space height=&#8221;50px&#8221;][\/vc_column][\/vc_row][vc_row gap=&#8221;60&#8243; content_placement=&#8221;middle&#8221;][vc_column width=&#8221;1\/3&#8243;][konte_banner text_position=&#8221;top-left&#8221; button_text=&#8221;M\u00e1s informaci\u00f3n&#8221; link=&#8221;url:https%3A%2F%2Fwww.arovite.com%2Fes%2Ffondo-bakeaz%2F|title:Buscador%20de%20bibliograf%C3%ADa&#8221; image=&#8221;24301&#8243;]Fondo Bakeaz[\/konte_banner][\/vc_column][vc_column width=&#8221;1\/3&#8243;][konte_banner text_position=&#8221;top-left&#8221; button_text=&#8221;M\u00e1s informaci\u00f3n&#8221; link=&#8221;url:https%3A%2F%2Fwww.arovite.com%2Fes%2Fbases-de-datos%2Fsugerencias-de-lectura%2F|title:Buscador%20de%20bibliograf%C3%ADa&#8221; image=&#8221;18747&#8243;]Sugerencias de lectura[\/konte_banner][\/vc_column][vc_column width=&#8221;1\/3&#8243;][konte_banner text_position=&#8221;top-left&#8221; scheme=&#8221;light&#8221; button_text=&#8221;M\u00e1s informaci\u00f3n&#8221; link=&#8221;url:https%3A%2F%2Fwww.arovite.com%2Fes%2Fbases-de-datos%2Fpeliculas-y-documentales%2F|title:Buscador%20de%20bibliograf%C3%ADa&#8221; image=&#8221;18751&#8243;]Pel\u00edculas y documentales[\/konte_banner][\/vc_column][\/vc_row][vc_row gap=&#8221;60&#8243; content_placement=&#8221;middle&#8221;][vc_column width=&#8221;1\/3&#8243;][konte_banner text_position=&#8221;top-left&#8221; button_text=&#8221;M\u00e1s informaci\u00f3n&#8221; link=&#8221;url:https%3A%2F%2Fwww.arovite.com%2Fes%2Fbases-de-datos%2Fgraficas%2F|title:Buscador%20de%20bibliograf%C3%ADa&#8221; image=&#8221;18756&#8243;]Gr\u00e1ficas[\/konte_banner][\/vc_column][vc_column width=&#8221;1\/3&#8243;][konte_banner text_position=&#8221;top-left&#8221; button_text=&#8221;M\u00e1s informaci\u00f3n&#8221; link=&#8221;url:https%3A%2F%2Fwww.arovite.com%2Fes%2Ffondo-euskobarometro%2F|title:Buscador%20de%20bibliograf%C3%ADa&#8221; image=&#8221;18760&#8243;]Fondo Euskobar\u00f3metro[\/konte_banner][\/vc_column][vc_column width=&#8221;1\/3&#8243;][konte_banner text_position=&#8221;top-left&#8221; scheme=&#8221;light&#8221; button_text=&#8221;M\u00e1s informaci\u00f3n&#8221; link=&#8221;url:https%3A%2F%2Fwww.arovite.com%2Fes%2Fbases-de-datos%2Ftestimonios-online%2F|title:Buscador%20de%20bibliograf%C3%ADa&#8221; image=&#8221;18763&#8243;]Testimonios online[\/konte_banner][\/vc_column][\/vc_row]<\/p>\n<\/div>","protected":false},"excerpt":{"rendered":"<p>[vc_row][vc_column width=&#8221;1\/2&#8243;][vc_column_text]Nuestro buscador bibliogr\u00e1fico permite conocer las monograf\u00edas, art\u00edculos en revistas acad\u00e9micas y cap\u00edtulos de libro que han abordado el tema del terrorismo en Euskadi. Contamos con m\u00e1s de 950&hellip;<\/p>\n","protected":false},"author":1,"featured_media":0,"parent":0,"menu_order":0,"comment_status":"closed","ping_status":"closed","template":"","meta":{"om_disable_all_campaigns":false,"_monsterinsights_skip_tracking":false,"_monsterinsights_sitenote_active":false,"_monsterinsights_sitenote_note":"","_monsterinsights_sitenote_category":0,"_uf_show_specific_survey":0,"_uf_disable_surveys":false,"_vp_format_video_url":"","_vp_image_focal_point":[],"_vp_custom_popup_image":0,"_vp_format_audio_url":"","_vp_custom_thumbnail":0,"_vp_custom_thumbnail_focal_point":[],"_vp_hover_thumbnail":0,"_vp_hover_thumbnail_focal_point":[],"footnotes":""},"class_list":["post-1341","page","type-page","status-publish","hentry"],"aioseo_notices":[],"_links":{"self":[{"href":"https:\/\/www.arovite.com\/es\/wp-json\/wp\/v2\/pages\/1341","targetHints":{"allow":["GET"]}}],"collection":[{"href":"https:\/\/www.arovite.com\/es\/wp-json\/wp\/v2\/pages"}],"about":[{"href":"https:\/\/www.arovite.com\/es\/wp-json\/wp\/v2\/types\/page"}],"author":[{"embeddable":true,"href":"https:\/\/www.arovite.com\/es\/wp-json\/wp\/v2\/users\/1"}],"replies":[{"embeddable":true,"href":"https:\/\/www.arovite.com\/es\/wp-json\/wp\/v2\/comments?post=1341"}],"version-history":[{"count":125,"href":"https:\/\/www.arovite.com\/es\/wp-json\/wp\/v2\/pages\/1341\/revisions"}],"predecessor-version":[{"id":24304,"href":"https:\/\/www.arovite.com\/es\/wp-json\/wp\/v2\/pages\/1341\/revisions\/24304"}],"wp:attachment":[{"href":"https:\/\/www.arovite.com\/es\/wp-json\/wp\/v2\/media?parent=1341"}],"curies":[{"name":"wp","href":"https:\/\/api.w.org\/{rel}","templated":true}]}}