{"id":12721,"date":"2021-01-22T09:42:04","date_gmt":"2021-01-22T09:42:04","guid":{"rendered":"https:\/\/www.arovite.com\/?page_id=12721"},"modified":"2021-01-22T09:42:04","modified_gmt":"2021-01-22T09:42:04","slug":"gobierno-vasco-2018","status":"publish","type":"page","link":"https:\/\/www.arovite.com\/es\/gobierno-vasco-2018\/","title":{"rendered":"GOBIERNO VASCO (2018)"},"content":{"rendered":"<div class=\"wpb-content-wrapper\"><p>[vc_row][vc_column width=&#8221;1\/1&#8243;][vc_column_text][vc_empty_space height=&#8221;20&#8243;]<br \/>\n<strong>Referencia bibliogr\u00e1fica<\/strong><br \/>\nGOBIERNO VASCO (2018): \u00abMarco introductorio, desde el punto de vista historiogr\u00e1fico. ETA en el contexto sociopol\u00edtico vasco: s\u00edntesis hist\u00f3rica 1960-2018\u00bb, <em>Unidad did\u00e1ctica Herenegun!<\/em>, n\u00ba 1. <\/p>\n<p><a class=\"button blue medium \" href=\"https:\/\/www.irekia.euskadi.eus\/uploads\/attachments\/12347\/cuaderno_1_herenegun_cas.pdf?1539162824\" target=\"_blank\" rel=\"noopener\">Consultar PDF<\/a>[vc_empty_space height=&#8221;10&#8243;]<br \/>\n<strong>Resumen<\/strong><br \/>\nPresentamos en este cuaderno un texto base para el profesorado. Su objetivo es ofrecer, desde el punto de vista historiogr\u00e1fico, un marco introductorio al periodo 1960-2018, un resumen de lo ocurrido en este periodo que las pol\u00edticas p\u00fablicas de memoria denominan Memoria Reciente.<br \/>\n[vc_empty_space height=&#8221;10&#8243;]<br \/>\n<strong>Tipo de documento<\/strong><br \/>\nUnidad did\u00e1ctica<br \/>\n[vc_empty_space height=&#8221;10&#8243;]<br \/>\n[\/vc_column_text][\/vc_column][\/vc_row]<\/p>\n<\/div>","protected":false},"excerpt":{"rendered":"<p>[vc_row][vc_column width=&#8221;1\/1&#8243;][vc_column_text][vc_empty_space height=&#8221;20&#8243;] Referencia bibliogr\u00e1fica GOBIERNO VASCO (2018): \u00abMarco introductorio, desde el punto de vista historiogr\u00e1fico. ETA en el contexto sociopol\u00edtico vasco: s\u00edntesis hist\u00f3rica 1960-2018\u00bb, Unidad did\u00e1ctica Herenegun!, n\u00ba 1.&hellip;<\/p>\n","protected":false},"author":1,"featured_media":0,"parent":0,"menu_order":0,"comment_status":"closed","ping_status":"closed","template":"","meta":{"om_disable_all_campaigns":false,"_monsterinsights_skip_tracking":false,"_monsterinsights_sitenote_active":false,"_monsterinsights_sitenote_note":"","_monsterinsights_sitenote_category":0,"_uf_show_specific_survey":0,"_uf_disable_surveys":false,"_vp_format_video_url":"","_vp_image_focal_point":[],"_vp_custom_popup_image":0,"_vp_format_audio_url":"","_vp_custom_thumbnail":0,"_vp_custom_thumbnail_focal_point":[],"_vp_hover_thumbnail":0,"_vp_hover_thumbnail_focal_point":[],"footnotes":""},"class_list":["post-12721","page","type-page","status-publish","hentry"],"aioseo_notices":[],"_links":{"self":[{"href":"https:\/\/www.arovite.com\/es\/wp-json\/wp\/v2\/pages\/12721","targetHints":{"allow":["GET"]}}],"collection":[{"href":"https:\/\/www.arovite.com\/es\/wp-json\/wp\/v2\/pages"}],"about":[{"href":"https:\/\/www.arovite.com\/es\/wp-json\/wp\/v2\/types\/page"}],"author":[{"embeddable":true,"href":"https:\/\/www.arovite.com\/es\/wp-json\/wp\/v2\/users\/1"}],"replies":[{"embeddable":true,"href":"https:\/\/www.arovite.com\/es\/wp-json\/wp\/v2\/comments?post=12721"}],"version-history":[{"count":1,"href":"https:\/\/www.arovite.com\/es\/wp-json\/wp\/v2\/pages\/12721\/revisions"}],"predecessor-version":[{"id":12722,"href":"https:\/\/www.arovite.com\/es\/wp-json\/wp\/v2\/pages\/12721\/revisions\/12722"}],"wp:attachment":[{"href":"https:\/\/www.arovite.com\/es\/wp-json\/wp\/v2\/media?parent=12721"}],"curies":[{"name":"wp","href":"https:\/\/api.w.org\/{rel}","templated":true}]}}