{"id":12710,"date":"2021-01-22T08:35:14","date_gmt":"2021-01-22T08:35:14","guid":{"rendered":"https:\/\/www.arovite.com\/?page_id=12710"},"modified":"2021-01-22T08:35:14","modified_gmt":"2021-01-22T08:35:14","slug":"gobierno-vasco-2019","status":"publish","type":"page","link":"https:\/\/www.arovite.com\/es\/gobierno-vasco-2019\/","title":{"rendered":"GOBIERNO VASCO (2019)"},"content":{"rendered":"<div class=\"wpb-content-wrapper\"><p>[vc_row][vc_column width=&#8221;1\/1&#8243;][vc_column_text][vc_empty_space height=&#8221;20&#8243;]<br \/>\n<strong>Referencia bibliogr\u00e1fica<\/strong><br \/>\nGOBIERNO VASCO (2019): \u00abModulo educativo Adi-Adian. Aprendizajes de dignidad humana, convivencia y empat\u00eda mediante una experiencia de escucha de testimonios de v\u00edctimas\u00bb, <em>El testimonio entra en la escuela<\/em>. <\/p>\n<p><a class=\"button blue medium \" href=\"https:\/\/www.euskadi.eus\/gobierno-vasco\/-\/modulo-adi-adian\/\" target=\"_blank\" rel=\"noopener\">Consultar PDF<\/a>[vc_empty_space height=&#8221;10&#8243;]<br \/>\n<strong>Resumen<\/strong><br \/>\nEl programa Adi-Adian ha sido impulsado por el Gobierno Vasco con el fin de fomentar una conciencia cr\u00edtica sobre el terrorismo a trav\u00e9s de testimonios presenciales o grabados de v\u00edctimas de la actividad terrorista. Aqu\u00ed se pueden ver sus documentos y gu\u00edas de trabajo.<br \/>\n[vc_empty_space height=&#8221;10&#8243;]<br \/>\n<strong>Tipo de documento<\/strong><br \/>\nUnidad did\u00e1ctica<br \/>\n[vc_empty_space height=&#8221;10&#8243;]<br \/>\n[\/vc_column_text][\/vc_column][\/vc_row]<\/p>\n<\/div>","protected":false},"excerpt":{"rendered":"<p>[vc_row][vc_column width=&#8221;1\/1&#8243;][vc_column_text][vc_empty_space height=&#8221;20&#8243;] Referencia bibliogr\u00e1fica GOBIERNO VASCO (2019): \u00abModulo educativo Adi-Adian. Aprendizajes de dignidad humana, convivencia y empat\u00eda mediante una experiencia de escucha de testimonios de v\u00edctimas\u00bb, El testimonio entra&hellip;<\/p>\n","protected":false},"author":1,"featured_media":0,"parent":0,"menu_order":0,"comment_status":"closed","ping_status":"closed","template":"","meta":{"om_disable_all_campaigns":false,"_monsterinsights_skip_tracking":false,"_monsterinsights_sitenote_active":false,"_monsterinsights_sitenote_note":"","_monsterinsights_sitenote_category":0,"_uf_show_specific_survey":0,"_uf_disable_surveys":false,"_vp_format_video_url":"","_vp_image_focal_point":[],"_vp_custom_popup_image":0,"_vp_format_audio_url":"","_vp_custom_thumbnail":0,"_vp_custom_thumbnail_focal_point":[],"_vp_hover_thumbnail":0,"_vp_hover_thumbnail_focal_point":[],"footnotes":""},"class_list":["post-12710","page","type-page","status-publish","hentry"],"aioseo_notices":[],"_links":{"self":[{"href":"https:\/\/www.arovite.com\/es\/wp-json\/wp\/v2\/pages\/12710","targetHints":{"allow":["GET"]}}],"collection":[{"href":"https:\/\/www.arovite.com\/es\/wp-json\/wp\/v2\/pages"}],"about":[{"href":"https:\/\/www.arovite.com\/es\/wp-json\/wp\/v2\/types\/page"}],"author":[{"embeddable":true,"href":"https:\/\/www.arovite.com\/es\/wp-json\/wp\/v2\/users\/1"}],"replies":[{"embeddable":true,"href":"https:\/\/www.arovite.com\/es\/wp-json\/wp\/v2\/comments?post=12710"}],"version-history":[{"count":2,"href":"https:\/\/www.arovite.com\/es\/wp-json\/wp\/v2\/pages\/12710\/revisions"}],"predecessor-version":[{"id":12716,"href":"https:\/\/www.arovite.com\/es\/wp-json\/wp\/v2\/pages\/12710\/revisions\/12716"}],"wp:attachment":[{"href":"https:\/\/www.arovite.com\/es\/wp-json\/wp\/v2\/media?parent=12710"}],"curies":[{"name":"wp","href":"https:\/\/api.w.org\/{rel}","templated":true}]}}