{"id":12696,"date":"2021-01-22T08:32:33","date_gmt":"2021-01-22T08:32:33","guid":{"rendered":"https:\/\/www.arovite.com\/?page_id=12696"},"modified":"2021-01-22T08:32:33","modified_gmt":"2021-01-22T08:32:33","slug":"fundacion-centro-para-la-memoria-de-las-victimas-del-terrorismo-2020-7","status":"publish","type":"page","link":"https:\/\/www.arovite.com\/es\/fundacion-centro-para-la-memoria-de-las-victimas-del-terrorismo-2020-7\/","title":{"rendered":"FUNDACI\u00d3N CENTRO PARA LA MEMORIA DE LAS V\u00cdCTIMAS DEL TERRORISMO (2020)"},"content":{"rendered":"<div class=\"wpb-content-wrapper\"><p>[vc_row][vc_column width=&#8221;1\/1&#8243;][vc_column_text][vc_empty_space height=&#8221;20&#8243;]<br \/>\n<strong>Referencia bibliogr\u00e1fica<\/strong><br \/>\nFUNDACI\u00d3N CENTRO PARA LA MEMORIA DE LAS V\u00cdCTIMAS DEL TERRORISMO (2020): \u00abLa argumentaci\u00f3n como respuesta al terrorismo\u00bb, <em>Proyecto educativo Memoria y prevenci\u00f3n del terrorismo<\/em>, n\u00ba 7. <\/p>\n<p><a class=\"button blue medium \" href=\"http:\/\/www.memorialvt.com\/wp-content\/uploads\/2020\/09\/UD7-La-argumentacion-como-respuesta-al-terrorismo.pdf\" target=\"_blank\" rel=\"noopener\">Consultar PDF<\/a>[vc_empty_space height=&#8221;10&#8243;]<br \/>\n<strong>Resumen<\/strong><br \/>\nEl proyecto educativo \u00abMemoria y prevenci\u00f3n del terrorismo\u00bb est\u00e1 conformado por una serie de unidades did\u00e1cticas que tratan el tema del terrorismo desde las asignaturas de Geograf\u00eda e Historia, Psicolog\u00eda, Historia del Mundo Contempor\u00e1neo, Filosof\u00eda y Valores \u00c9ticos. Esta unidad es un recurso completo que el profesorado puede utilizar en el aula, ya que dispone del contenido que debe desarrollarse en cada una de las sesiones proyectadas y de la aplicaci\u00f3n did\u00e1ctica final, tal y como se incluir\u00edan en un libro de texto y sin realizar modificaciones dentro de la programaci\u00f3n de la materia.<br \/>\n[vc_empty_space height=&#8221;10&#8243;]<br \/>\n<strong>Tipo de documento<\/strong><br \/>\nUnidad did\u00e1ctica<br \/>\n[vc_empty_space height=&#8221;10&#8243;]<br \/>\n[\/vc_column_text][\/vc_column][\/vc_row]<\/p>\n<\/div>","protected":false},"excerpt":{"rendered":"<p>[vc_row][vc_column width=&#8221;1\/1&#8243;][vc_column_text][vc_empty_space height=&#8221;20&#8243;] Referencia bibliogr\u00e1fica FUNDACI\u00d3N CENTRO PARA LA MEMORIA DE LAS V\u00cdCTIMAS DEL TERRORISMO (2020): \u00abLa argumentaci\u00f3n como respuesta al terrorismo\u00bb, Proyecto educativo Memoria y prevenci\u00f3n del terrorismo, n\u00ba&hellip;<\/p>\n","protected":false},"author":1,"featured_media":0,"parent":0,"menu_order":0,"comment_status":"closed","ping_status":"closed","template":"","meta":{"om_disable_all_campaigns":false,"_monsterinsights_skip_tracking":false,"_monsterinsights_sitenote_active":false,"_monsterinsights_sitenote_note":"","_monsterinsights_sitenote_category":0,"_uf_show_specific_survey":0,"_uf_disable_surveys":false,"_vp_format_video_url":"","_vp_image_focal_point":[],"_vp_custom_popup_image":0,"_vp_format_audio_url":"","_vp_custom_thumbnail":0,"_vp_custom_thumbnail_focal_point":[],"_vp_hover_thumbnail":0,"_vp_hover_thumbnail_focal_point":[],"footnotes":""},"class_list":["post-12696","page","type-page","status-publish","hentry"],"aioseo_notices":[],"_links":{"self":[{"href":"https:\/\/www.arovite.com\/es\/wp-json\/wp\/v2\/pages\/12696","targetHints":{"allow":["GET"]}}],"collection":[{"href":"https:\/\/www.arovite.com\/es\/wp-json\/wp\/v2\/pages"}],"about":[{"href":"https:\/\/www.arovite.com\/es\/wp-json\/wp\/v2\/types\/page"}],"author":[{"embeddable":true,"href":"https:\/\/www.arovite.com\/es\/wp-json\/wp\/v2\/users\/1"}],"replies":[{"embeddable":true,"href":"https:\/\/www.arovite.com\/es\/wp-json\/wp\/v2\/comments?post=12696"}],"version-history":[{"count":1,"href":"https:\/\/www.arovite.com\/es\/wp-json\/wp\/v2\/pages\/12696\/revisions"}],"predecessor-version":[{"id":12697,"href":"https:\/\/www.arovite.com\/es\/wp-json\/wp\/v2\/pages\/12696\/revisions\/12697"}],"wp:attachment":[{"href":"https:\/\/www.arovite.com\/es\/wp-json\/wp\/v2\/media?parent=12696"}],"curies":[{"name":"wp","href":"https:\/\/api.w.org\/{rel}","templated":true}]}}