{"id":12675,"date":"2021-01-22T08:28:57","date_gmt":"2021-01-22T08:28:57","guid":{"rendered":"https:\/\/www.arovite.com\/?page_id=12675"},"modified":"2021-01-22T08:28:57","modified_gmt":"2021-01-22T08:28:57","slug":"fundacion-centro-para-la-memoria-de-las-victimas-del-terrorismo-2020-4","status":"publish","type":"page","link":"https:\/\/www.arovite.com\/es\/fundacion-centro-para-la-memoria-de-las-victimas-del-terrorismo-2020-4\/","title":{"rendered":"FUNDACI\u00d3N CENTRO PARA LA MEMORIA DE LAS V\u00cdCTIMAS DEL TERRORISMO (2020)"},"content":{"rendered":"<div class=\"wpb-content-wrapper\"><p>[vc_row][vc_column width=&#8221;1\/1&#8243;][vc_column_text][vc_empty_space height=&#8221;20&#8243;]<br \/>\n<strong>Referencia bibliogr\u00e1fica<\/strong><br \/>\nFUNDACI\u00d3N CENTRO PARA LA MEMORIA DE LAS V\u00cdCTIMAS DEL TERRORISMO (2020): \u00abV\u00edctimas del terrorismo y derechos humanos\u00bb, <em>Proyecto educativo Memoria y prevenci\u00f3n del terrorismo<\/em>, n\u00ba 4. <\/p>\n<p><a class=\"button blue medium \" href=\"http:\/\/www.memorialvt.com\/wp-content\/uploads\/2020\/09\/UD4-Victimas-del-terrorismo-y-derechos-humanos.pdf\" target=\"_blank\" rel=\"noopener\">Consultar PDF<\/a>[vc_empty_space height=&#8221;10&#8243;]<br \/>\n<strong>Resumen<\/strong><br \/>\nEn este tema abordar\u00e1s una cuesti\u00f3n que resulta esencial para todas las personas: los derechos humanos. Trabajar\u00e1s especialmente con textos period\u00edsticos: leer\u00e1s, ver\u00e1s y escuchar\u00e1s noticias, entrevistas, reportajes\u2026 Podr\u00e1s utilizar lo aprendido en otras \u00e1reas: Historia, Filosof\u00eda, Lengua\u2026 De hecho, realizar\u00e1s la labor propia de un periodista, ya que elaborar\u00e1s tu propio reportaje sobre el tema propuesto: las v\u00edctimas de las vulneraciones de los derechos humanos (y estos definen, precisamente, nuestra condici\u00f3n humana). Son muy importantes los conocimientos adquiridos, el an\u00e1lisis de tus emociones y sentimientos, la reflexi\u00f3n acerca de lo que hacemos ante las v\u00edctimas de violaciones de derechos humanos (en concreto del terrorismo), as\u00ed como su petici\u00f3n de memoria, justicia, verdad y reparaci\u00f3n.<br \/>\n[vc_empty_space height=&#8221;10&#8243;]<br \/>\n<strong>Tipo de documento<\/strong><br \/>\nUnidad did\u00e1ctica<br \/>\n[vc_empty_space height=&#8221;10&#8243;]<br \/>\n[\/vc_column_text][\/vc_column][\/vc_row]<\/p>\n<\/div>","protected":false},"excerpt":{"rendered":"<p>[vc_row][vc_column width=&#8221;1\/1&#8243;][vc_column_text][vc_empty_space height=&#8221;20&#8243;] Referencia bibliogr\u00e1fica FUNDACI\u00d3N CENTRO PARA LA MEMORIA DE LAS V\u00cdCTIMAS DEL TERRORISMO (2020): \u00abV\u00edctimas del terrorismo y derechos humanos\u00bb, Proyecto educativo Memoria y prevenci\u00f3n del terrorismo, n\u00ba&hellip;<\/p>\n","protected":false},"author":1,"featured_media":0,"parent":0,"menu_order":0,"comment_status":"closed","ping_status":"closed","template":"","meta":{"om_disable_all_campaigns":false,"_monsterinsights_skip_tracking":false,"_monsterinsights_sitenote_active":false,"_monsterinsights_sitenote_note":"","_monsterinsights_sitenote_category":0,"_uf_show_specific_survey":0,"_uf_disable_surveys":false,"_vp_format_video_url":"","_vp_image_focal_point":[],"_vp_custom_popup_image":0,"_vp_format_audio_url":"","_vp_custom_thumbnail":0,"_vp_custom_thumbnail_focal_point":[],"_vp_hover_thumbnail":0,"_vp_hover_thumbnail_focal_point":[],"footnotes":""},"class_list":["post-12675","page","type-page","status-publish","hentry"],"aioseo_notices":[],"_links":{"self":[{"href":"https:\/\/www.arovite.com\/es\/wp-json\/wp\/v2\/pages\/12675","targetHints":{"allow":["GET"]}}],"collection":[{"href":"https:\/\/www.arovite.com\/es\/wp-json\/wp\/v2\/pages"}],"about":[{"href":"https:\/\/www.arovite.com\/es\/wp-json\/wp\/v2\/types\/page"}],"author":[{"embeddable":true,"href":"https:\/\/www.arovite.com\/es\/wp-json\/wp\/v2\/users\/1"}],"replies":[{"embeddable":true,"href":"https:\/\/www.arovite.com\/es\/wp-json\/wp\/v2\/comments?post=12675"}],"version-history":[{"count":1,"href":"https:\/\/www.arovite.com\/es\/wp-json\/wp\/v2\/pages\/12675\/revisions"}],"predecessor-version":[{"id":12676,"href":"https:\/\/www.arovite.com\/es\/wp-json\/wp\/v2\/pages\/12675\/revisions\/12676"}],"wp:attachment":[{"href":"https:\/\/www.arovite.com\/es\/wp-json\/wp\/v2\/media?parent=12675"}],"curies":[{"name":"wp","href":"https:\/\/api.w.org\/{rel}","templated":true}]}}