{"id":12608,"date":"2021-01-11T10:10:24","date_gmt":"2021-01-11T10:10:24","guid":{"rendered":"https:\/\/www.arovite.com\/?page_id=12608"},"modified":"2021-01-11T10:11:19","modified_gmt":"2021-01-11T10:11:19","slug":"seguir-leyendo-biblioteca","status":"publish","type":"page","link":"https:\/\/www.arovite.com\/es\/seguir-leyendo-biblioteca\/","title":{"rendered":"Seguir leyendo &#8211; Biblioteca"},"content":{"rendered":"<div class=\"wpb-content-wrapper\"><p>[vc_row][vc_column][vc_column_text][vc_empty_space height=&#8221;20&#8243;][h5 ]Esta colecci\u00f3n re\u00fane textos sobre el fen\u00f3meno del terrorismo en el Pa\u00eds Vasco y Navarra, publicados en formato digital fundamentalmente como resultado de una investigaci\u00f3n. Son art\u00edculos en revistas especializadas, libros, informes, cap\u00edtulos de libro y working papers. Los trabajos proceden de diferentes disciplinas: historia, sociolog\u00eda, politolog\u00eda, psicolog\u00eda, ciencias de la salud, econom\u00eda, \u00e9tica, filosof\u00eda, antropolog\u00eda, derecho o ciencias de la comunicaci\u00f3n. La mayor\u00eda de los textos est\u00e1 en castellano, pero tambi\u00e9n los hay en ingl\u00e9s, euskera, franc\u00e9s o alem\u00e1n.[\/h5]<\/p>\n<p>[h5 ]Las obras est\u00e1n clasificadas en categor\u00edas y, dentro de ellas, est\u00e1n ordenadas alfab\u00e9ticamente por el apellido del autor o la instituci\u00f3n responsable de la publicaci\u00f3n. La mejor forma de hacer consultas en la biblioteca es identificar la categor\u00eda que resulta de inter\u00e9s para el usuario y visualizar la selecci\u00f3n de obras ofrecidas en ella. Pinchando en el t\u00edtulo se accede a su ficha t\u00e9cnica, que incluye la referencia bibliogr\u00e1fica normalizada, el pdf con el texto completo, el resumen del contenido, la p\u00e1gina del autor o los autores en Dialnet, el tipo de documento y, en su caso, un enlace alternativo al texto.[\/h5]<\/p>\n<p>[h5]Esta es una biblioteca digital especializada que ir\u00e1 creciendo en el futuro. Los trabajos reunidos expresan solo la opini\u00f3n de sus autores y AROVITE no se hace responsable de su contenido. En la biblioteca no se ofrece la bibliograf\u00eda completa de cada autor, sino una muestra lo m\u00e1s amplia posible de sus trabajos sobre la materia en cuesti\u00f3n. El principal objetivo de esta colecci\u00f3n es reunir y divulgar una amplia serie de materiales que permanec\u00edan dispersos y que no siempre eran f\u00e1cilmente localizables, y hacerlo aprovechando las posibilidades de acceso r\u00e1pido y universal que ofrece Internet. Con ello, facilitamos la labor tanto de investigadores especializados como de p\u00fablico en general.[\/h5]<\/p>\n<p>[h5]La biblioteca de AROVITE es una iniciativa acad\u00e9mica del <a href=\"http:\/\/www.valentindeforonda.ehu.es\" target=\"_blank\" rel=\"noopener noreferrer\">Instituto de Historia Social Valent\u00edn de Foronda (IHSVF)<\/a>, de la Universidad del Pa\u00eds Vasco-Euskal Herriko Unibertsitatea. La interfaz ha sido dise\u00f1ada por <a href=\"http:\/\/www.drdrumen.com\" target=\"_blank\" rel=\"noopener noreferrer\">DrDrumen<\/a> en colaboraci\u00f3n con el IHSVF. La autor\u00eda intelectual y la propiedad de las obras contenidas en CONTEXTOS est\u00e1n expresadas en cada documento. El uso de estos materiales no persigue ning\u00fan inter\u00e9s comercial. En caso de cita, deben respetarse los est\u00e1ndares acad\u00e9micos establecidos, suministrando la referencia bibliogr\u00e1fica completa de la obra, as\u00ed como la fecha de acceso en AROVITE-BIBLIOTECA.[\/h5]<\/p>\n<p>[h5]Si eres autor, debes dirigir a info@arovite.com tu solicitud de inclusi\u00f3n de contenidos en esta biblioteca. Cualquier persona o entidad que considere que tiene el copyright o los derechos de propiedad de materiales aqu\u00ed presentados puede ponerse en contacto con el equipo de AROVITE a trav\u00e9s de ese mismo email. Puede consultarse una descripci\u00f3n pormenorizada del Plan Biblioteca en <a href=\"http:\/\/www.arovite.com\/documentos\/folleto_contextos.pdf\" target=\"_blank\" rel=\"noopener noreferrer\">este folleto<\/a>.[\/h5]<br \/>\n[vc_empty_space height=&#8221;10&#8243;]<\/p>\n<\/div>","protected":false},"excerpt":{"rendered":"<p>[vc_row][vc_column][vc_column_text][vc_empty_space height=&#8221;20&#8243;][h5 ]Esta colecci\u00f3n re\u00fane textos sobre el fen\u00f3meno del terrorismo en el Pa\u00eds Vasco y Navarra, publicados en formato digital fundamentalmente como resultado de una investigaci\u00f3n. Son art\u00edculos en&hellip;<\/p>\n","protected":false},"author":1,"featured_media":0,"parent":0,"menu_order":0,"comment_status":"closed","ping_status":"closed","template":"","meta":{"om_disable_all_campaigns":false,"_monsterinsights_skip_tracking":false,"_monsterinsights_sitenote_active":false,"_monsterinsights_sitenote_note":"","_monsterinsights_sitenote_category":0,"_uf_show_specific_survey":0,"_uf_disable_surveys":false,"_vp_format_video_url":"","_vp_image_focal_point":[],"_vp_custom_popup_image":0,"_vp_format_audio_url":"","_vp_custom_thumbnail":0,"_vp_custom_thumbnail_focal_point":[],"_vp_hover_thumbnail":0,"_vp_hover_thumbnail_focal_point":[],"footnotes":""},"class_list":["post-12608","page","type-page","status-publish","hentry"],"aioseo_notices":[],"_links":{"self":[{"href":"https:\/\/www.arovite.com\/es\/wp-json\/wp\/v2\/pages\/12608","targetHints":{"allow":["GET"]}}],"collection":[{"href":"https:\/\/www.arovite.com\/es\/wp-json\/wp\/v2\/pages"}],"about":[{"href":"https:\/\/www.arovite.com\/es\/wp-json\/wp\/v2\/types\/page"}],"author":[{"embeddable":true,"href":"https:\/\/www.arovite.com\/es\/wp-json\/wp\/v2\/users\/1"}],"replies":[{"embeddable":true,"href":"https:\/\/www.arovite.com\/es\/wp-json\/wp\/v2\/comments?post=12608"}],"version-history":[{"count":2,"href":"https:\/\/www.arovite.com\/es\/wp-json\/wp\/v2\/pages\/12608\/revisions"}],"predecessor-version":[{"id":12611,"href":"https:\/\/www.arovite.com\/es\/wp-json\/wp\/v2\/pages\/12608\/revisions\/12611"}],"wp:attachment":[{"href":"https:\/\/www.arovite.com\/es\/wp-json\/wp\/v2\/media?parent=12608"}],"curies":[{"name":"wp","href":"https:\/\/api.w.org\/{rel}","templated":true}]}}