{"id":12494,"date":"2021-01-08T08:38:00","date_gmt":"2021-01-08T08:38:00","guid":{"rendered":"https:\/\/www.arovite.com\/?page_id=12494"},"modified":"2021-01-08T08:38:00","modified_gmt":"2021-01-08T08:38:00","slug":"martin-de-marcos-gonzalo-2018","status":"publish","type":"page","link":"https:\/\/www.arovite.com\/es\/martin-de-marcos-gonzalo-2018\/","title":{"rendered":"MART\u00cdN DE MARCOS, Gonzalo (2018)"},"content":{"rendered":"<div class=\"wpb-content-wrapper\"><p>[vc_row][vc_column width=&#8221;1\/1&#8243;][vc_column_text][vc_empty_space height=&#8221;20&#8243;]<br \/>\n<strong>Referencia bibliogr\u00e1fica<\/strong><br \/>\nMART\u00cdN DE MARCOS, Gonzalo (2018): \u00abLa dial\u00e9ctica de lo freak: v\u00edctimas y terroristas en dos novelas espa\u00f1olas de principios del siglo XXI\u00bb, <em>Hispanic Issues On Line<\/em>, n\u00ba 20.<\/p>\n<p><a class=\"button blue  medium \" href=\"https:\/\/dialnet.unirioja.es\/servlet\/articulo?codigo=6700009\" target=\"_blank\" rel=\"noopener\">Consultar PDF<\/a>[vc_empty_space height=&#8221;10&#8243;]<br \/>\n<strong>Resumen<\/strong><br \/>\nEste trabajo estudia la categor\u00eda de lo freak en dos novelas espa\u00f1olas que abordan el terrorismo de ETA: <em>Una belleza convulsa<\/em> (2001), de Jos\u00e9 Manuel Fajardo, y <em>Ojos que no ven<\/em> (2010), de J. \u00c1. Gonz\u00e1lez Sainz. Los padres de los Freak Studies\u2014Fiedler, Bogdan y Garland\u2014estudiaron la condici\u00f3n freak radicada en la desviaci\u00f3n fisiol\u00f3gica, aunque muy conscientes de que aquella pod\u00eda funcionar como base para una construcci\u00f3n de sentido. En la escrupulosa modernidad democr\u00e1tica, que repugna de las marginaciones en raz\u00f3n de las discapacidades f\u00edsicas, esta pulsi\u00f3n se ha refugiado en un \u00e1mbito a\u00fan vigente: una desviaci\u00f3n ideol\u00f3gica de trascendencia \u00e9tica. En el \u00e1mbito del problema del terrorismo de ETA, dicha desviaci\u00f3n es fundamental para comprender la situaci\u00f3n de las v\u00edctimas. En el siglo XXI, a\u00fan antes de que se produjera el cese formal del terrorismo, estas novelas contribuyen al debate sobre la relaci\u00f3n entre las v\u00edctimas y sus victimarios, as\u00ed como al asunto de la reparaci\u00f3n del da\u00f1o y la responsabilidad social.<br \/>\n[vc_empty_space height=&#8221;10&#8243;]<br \/>\n<strong>Autor<\/strong><br \/>\nGonzalo Mart\u00edn de Marcos. <a title=\"Dialnet\" href=\"https:\/\/dialnet.unirioja.es\/servlet\/autor?codigo=3377589\" target=\"_blank\" rel=\"noopener\">P\u00e1gina del autor en Dialnet.<\/a><br \/>\n[vc_empty_space height=&#8221;10&#8243;]<br \/>\n<strong>Tipo de documento<\/strong><br \/>\nArt\u00edculo<br \/>\n[vc_empty_space height=&#8221;10&#8243;]<br \/>\n[\/vc_column_text][\/vc_column][\/vc_row]<\/p>\n<\/div>","protected":false},"excerpt":{"rendered":"<p>[vc_row][vc_column width=&#8221;1\/1&#8243;][vc_column_text][vc_empty_space height=&#8221;20&#8243;] Referencia bibliogr\u00e1fica MART\u00cdN DE MARCOS, Gonzalo (2018): \u00abLa dial\u00e9ctica de lo freak: v\u00edctimas y terroristas en dos novelas espa\u00f1olas de principios del siglo XXI\u00bb, Hispanic Issues On&hellip;<\/p>\n","protected":false},"author":1,"featured_media":0,"parent":0,"menu_order":0,"comment_status":"closed","ping_status":"closed","template":"","meta":{"om_disable_all_campaigns":false,"_monsterinsights_skip_tracking":false,"_monsterinsights_sitenote_active":false,"_monsterinsights_sitenote_note":"","_monsterinsights_sitenote_category":0,"_uf_show_specific_survey":0,"_uf_disable_surveys":false,"_vp_format_video_url":"","_vp_image_focal_point":[],"_vp_custom_popup_image":0,"_vp_format_audio_url":"","_vp_custom_thumbnail":0,"_vp_custom_thumbnail_focal_point":[],"_vp_hover_thumbnail":0,"_vp_hover_thumbnail_focal_point":[],"footnotes":""},"class_list":["post-12494","page","type-page","status-publish","hentry"],"aioseo_notices":[],"_links":{"self":[{"href":"https:\/\/www.arovite.com\/es\/wp-json\/wp\/v2\/pages\/12494","targetHints":{"allow":["GET"]}}],"collection":[{"href":"https:\/\/www.arovite.com\/es\/wp-json\/wp\/v2\/pages"}],"about":[{"href":"https:\/\/www.arovite.com\/es\/wp-json\/wp\/v2\/types\/page"}],"author":[{"embeddable":true,"href":"https:\/\/www.arovite.com\/es\/wp-json\/wp\/v2\/users\/1"}],"replies":[{"embeddable":true,"href":"https:\/\/www.arovite.com\/es\/wp-json\/wp\/v2\/comments?post=12494"}],"version-history":[{"count":2,"href":"https:\/\/www.arovite.com\/es\/wp-json\/wp\/v2\/pages\/12494\/revisions"}],"predecessor-version":[{"id":12500,"href":"https:\/\/www.arovite.com\/es\/wp-json\/wp\/v2\/pages\/12494\/revisions\/12500"}],"wp:attachment":[{"href":"https:\/\/www.arovite.com\/es\/wp-json\/wp\/v2\/media?parent=12494"}],"curies":[{"name":"wp","href":"https:\/\/api.w.org\/{rel}","templated":true}]}}