{"id":11343,"date":"2020-04-23T09:40:40","date_gmt":"2020-04-23T09:40:40","guid":{"rendered":"https:\/\/www.arovite.com\/?page_id=11343"},"modified":"2020-04-23T09:41:15","modified_gmt":"2020-04-23T09:41:15","slug":"jimenez-ramos-maria-2018","status":"publish","type":"page","link":"https:\/\/www.arovite.com\/es\/jimenez-ramos-maria-2018\/","title":{"rendered":"JIM\u00c9NEZ RAMOS, Mar\u00eda (2018)"},"content":{"rendered":"<div class=\"wpb-content-wrapper\"><p>[vc_row][vc_column width=&#8221;1\/1&#8243;][vc_column_text][vc_empty_space height=&#8221;20&#8243;]<br \/>\n<strong>Referencia bibliogr\u00e1fica<\/strong><br \/>\nJIM\u00c9NEZ RAMOS, Mar\u00eda (2018): \u00abLa irrupci\u00f3n del terrorismo de ETA durante la Transici\u00f3n en Navarra\u00bb, <em>Pr\u00edncipe de Viana<\/em>, n\u00ba 272, pp. 1113-1127.<\/p>\n<p><a class=\"button blue medium \" href=\"https:\/\/dialnet.unirioja.es\/servlet\/articulo?codigo=7061295&amp;orden=0&amp;info=link\" target=\"_blank\" rel=\"noopener noreferrer\">Consultar PDF<\/a>[vc_empty_space height=&#8221;10&#8243;]<br \/>\n<strong>Resumen<\/strong><br \/>\nLa organizaci\u00f3n terrorista ETA cometi\u00f3 su primer asesinato en Navarra en plena Transici\u00f3n: en noviembre de 1977 dos terroristas asesinaron a tiros al jefe de la Polic\u00eda Armada, Joaqu\u00edn Imaz. Tras \u00e9l, dieciocho personas fueron asesinadas en este per\u00edodo en la Comunidad Foral. La violencia terrorista, hasta entonces presente con atentados de escasa entidad, irrumpi\u00f3 de forma plena cuando se estaban asentando los pilares de un nuevo sistema pol\u00edtico en Espa\u00f1a. La reacci\u00f3n de la sociedad oscil\u00f3 entre enfrentamientos callejeros de grupos radicales y manifestaciones que, aunque puntuales, llegaron a ser multitudinarias. Algunas de estas protestas se convirtieron no solo en marchas contra la violencia terrorista, sino en ocasiones para expresar el rechazo al nacionalismo radical.<br \/>\n[vc_empty_space height=&#8221;10&#8243;]<br \/>\n<strong>Abstract<\/strong><br \/>\nETA perpetrated its first murder in Navarre during the Spanish Transition to democracy: two terrorists killed Joaqu\u00edn Imaz, chief of Armed Police, in November 1977. After that, 18 people were killed during this period in the region. The terrorist violence bursted into Navarre while a new political system was under construction in Spain. After the first victims, radical groups started to get involved in street riots, while demonstrations against the violence and for the victims were non-existent. However, some massive demonstrations arrived from 1980, turning into occasions to protest against radical nationalism.<br \/>\n[vc_empty_space height=&#8221;10&#8243;]<br \/>\n<strong>Laburpena<\/strong><br \/>\nETA erakunde terroristak trantsizio betean egin zuen lehen erailketa Nafarroan: 1977ko azaroan, bi terroristak Polizia Armatuko burua hil zuten, Joaquin Imaz. Ondotik, beste hemezortzi pertsona hil zituzten aldi horretan Foru Komunitatean. Indarkeria terrorista, ordura arte garrantzi txikia izan arren, bete-betean agertu zen Espainian sistema politiko berri baten oinarriak finkatzen ari zirenean. Gizartearen erreakzioan gorabeherak izan ziren: talde erradikalen arteko kale borrokak eta, noizean behin bada ere, jendetsuak izan ziren manifestazioak. Batzuetan, protesta batzuk nazionalismo erradikala gaitzesteko aukera izan ziren.<br \/>\n[vc_empty_space height=&#8221;10&#8243;]<br \/>\n<strong>Autor<\/strong><br \/>\nMar\u00eda Jim\u00e9nez Ramos. <a title=\"Dialnet\" href=\"https:\/\/dialnet.unirioja.es\/servlet\/autor?codigo=2150839\" target=\"_blank\" rel=\"noopener noreferrer\">P\u00e1gina del autor en Dialnet.<\/a><br \/>\n[vc_empty_space height=&#8221;10&#8243;]<br \/>\n<strong>Tipo de documento<\/strong><br \/>\nArt\u00edculo<br \/>\n[vc_empty_space height=&#8221;10&#8243;]<br \/>\n[\/vc_column_text][\/vc_column][\/vc_row]<\/p>\n<\/div>","protected":false},"excerpt":{"rendered":"<p>[vc_row][vc_column width=&#8221;1\/1&#8243;][vc_column_text][vc_empty_space height=&#8221;20&#8243;] Referencia bibliogr\u00e1fica JIM\u00c9NEZ RAMOS, Mar\u00eda (2018): \u00abLa irrupci\u00f3n del terrorismo de ETA durante la Transici\u00f3n en Navarra\u00bb, Pr\u00edncipe de Viana, n\u00ba 272, pp. 1113-1127. Consultar PDF[vc_empty_space height=&#8221;10&#8243;]&hellip;<\/p>\n","protected":false},"author":1,"featured_media":0,"parent":0,"menu_order":0,"comment_status":"closed","ping_status":"closed","template":"","meta":{"om_disable_all_campaigns":false,"_monsterinsights_skip_tracking":false,"_monsterinsights_sitenote_active":false,"_monsterinsights_sitenote_note":"","_monsterinsights_sitenote_category":0,"_uf_show_specific_survey":0,"_uf_disable_surveys":false,"_vp_format_video_url":"","_vp_image_focal_point":[],"_vp_custom_popup_image":0,"_vp_format_audio_url":"","_vp_custom_thumbnail":0,"_vp_custom_thumbnail_focal_point":[],"_vp_hover_thumbnail":0,"_vp_hover_thumbnail_focal_point":[],"footnotes":""},"class_list":["post-11343","page","type-page","status-publish","hentry"],"aioseo_notices":[],"_links":{"self":[{"href":"https:\/\/www.arovite.com\/es\/wp-json\/wp\/v2\/pages\/11343","targetHints":{"allow":["GET"]}}],"collection":[{"href":"https:\/\/www.arovite.com\/es\/wp-json\/wp\/v2\/pages"}],"about":[{"href":"https:\/\/www.arovite.com\/es\/wp-json\/wp\/v2\/types\/page"}],"author":[{"embeddable":true,"href":"https:\/\/www.arovite.com\/es\/wp-json\/wp\/v2\/users\/1"}],"replies":[{"embeddable":true,"href":"https:\/\/www.arovite.com\/es\/wp-json\/wp\/v2\/comments?post=11343"}],"version-history":[{"count":1,"href":"https:\/\/www.arovite.com\/es\/wp-json\/wp\/v2\/pages\/11343\/revisions"}],"predecessor-version":[{"id":11344,"href":"https:\/\/www.arovite.com\/es\/wp-json\/wp\/v2\/pages\/11343\/revisions\/11344"}],"wp:attachment":[{"href":"https:\/\/www.arovite.com\/es\/wp-json\/wp\/v2\/media?parent=11343"}],"curies":[{"name":"wp","href":"https:\/\/api.w.org\/{rel}","templated":true}]}}