{"id":11280,"date":"2020-04-23T09:30:19","date_gmt":"2020-04-23T09:30:19","guid":{"rendered":"https:\/\/www.arovite.com\/?page_id=11280"},"modified":"2023-06-07T10:19:06","modified_gmt":"2023-06-07T10:19:06","slug":"belmonte-miguel-angel-2009","status":"publish","type":"page","link":"https:\/\/www.arovite.com\/es\/belmonte-miguel-angel-2009\/","title":{"rendered":"BELMONTE, Miguel \u00c1ngel (2009)"},"content":{"rendered":"<div class=\"wpb-content-wrapper\"><p>[vc_row][vc_column width=&#8221;1\/1&#8243;][vc_column_text][vc_empty_space height=&#8221;20&#8243;]<br \/>\n<strong>Referencia bibliogr\u00e1fica<\/strong><br \/>\nBELMONTE, Miguel \u00c1ngel (2009): \u00abEl terrorismo en Espa\u00f1a y su influencia en el comportamiento electoral\u00bb, Ponencia pronunciada en el <em>VIII Simposio Internacional: Terrorismo, ayer y hoy. Lublin-Polonia<\/em>: Universidad Cat\u00f3lica Juan Pablo II.<\/p>\n<p><a class=\"button blue medium \" href=\"https:\/\/www.academia.edu\/6186134\/El_terrorismo_en_Espa%C3%B1a_y_su_influencia_en_el_comportamiento_electoral\" target=\"_blank\" rel=\"noopener noreferrer\">Consultar PDF<\/a>[vc_empty_space height=&#8221;10&#8243;]<br \/>\n<strong>Resumen<\/strong><br \/>\nEste texto analiza la capacidad del terrorismo para influir en el comportamiento electoral. El autor postula c\u00f3mo el caso espa\u00f1ol es una buena muestra de que el terrorismo y su tortuosa manipulaci\u00f3n desde dentro y desde fuera de la democracia est\u00e1n al servicio de la cultura de la muerte.<br \/>\n[vc_empty_space height=&#8221;10&#8243;]<br \/>\n<strong>Autor<\/strong><br \/>\nMiguel \u00c1ngel Belmonte. <a title=\"Dialnet\" href=\"https:\/\/dialnet.unirioja.es\/servlet\/autor?codigo=2636641\" target=\"_blank\" rel=\"noopener noreferrer\">P\u00e1gina del autor en Dialnet.<\/a><br \/>\n[vc_empty_space height=&#8221;10&#8243;]<br \/>\n<strong>Tipo de documento<\/strong><br \/>\nPonencia<br \/>\n[vc_empty_space height=&#8221;10&#8243;]<br \/>\n[\/vc_column_text][\/vc_column][\/vc_row]<\/p>\n<\/div>","protected":false},"excerpt":{"rendered":"<p>[vc_row][vc_column width=&#8221;1\/1&#8243;][vc_column_text][vc_empty_space height=&#8221;20&#8243;] Referencia bibliogr\u00e1fica BELMONTE, Miguel \u00c1ngel (2009): \u00abEl terrorismo en Espa\u00f1a y su influencia en el comportamiento electoral\u00bb, Ponencia pronunciada en el VIII Simposio Internacional: Terrorismo, ayer y&hellip;<\/p>\n","protected":false},"author":1,"featured_media":0,"parent":0,"menu_order":0,"comment_status":"closed","ping_status":"closed","template":"","meta":{"om_disable_all_campaigns":false,"_monsterinsights_skip_tracking":false,"_monsterinsights_sitenote_active":false,"_monsterinsights_sitenote_note":"","_monsterinsights_sitenote_category":0,"_uf_show_specific_survey":0,"_uf_disable_surveys":false,"_vp_format_video_url":"","_vp_image_focal_point":[],"_vp_custom_popup_image":0,"_vp_format_audio_url":"","_vp_custom_thumbnail":0,"_vp_custom_thumbnail_focal_point":[],"_vp_hover_thumbnail":0,"_vp_hover_thumbnail_focal_point":[],"footnotes":""},"class_list":["post-11280","page","type-page","status-publish","hentry"],"aioseo_notices":[],"_links":{"self":[{"href":"https:\/\/www.arovite.com\/es\/wp-json\/wp\/v2\/pages\/11280","targetHints":{"allow":["GET"]}}],"collection":[{"href":"https:\/\/www.arovite.com\/es\/wp-json\/wp\/v2\/pages"}],"about":[{"href":"https:\/\/www.arovite.com\/es\/wp-json\/wp\/v2\/types\/page"}],"author":[{"embeddable":true,"href":"https:\/\/www.arovite.com\/es\/wp-json\/wp\/v2\/users\/1"}],"replies":[{"embeddable":true,"href":"https:\/\/www.arovite.com\/es\/wp-json\/wp\/v2\/comments?post=11280"}],"version-history":[{"count":3,"href":"https:\/\/www.arovite.com\/es\/wp-json\/wp\/v2\/pages\/11280\/revisions"}],"predecessor-version":[{"id":17749,"href":"https:\/\/www.arovite.com\/es\/wp-json\/wp\/v2\/pages\/11280\/revisions\/17749"}],"wp:attachment":[{"href":"https:\/\/www.arovite.com\/es\/wp-json\/wp\/v2\/media?parent=11280"}],"curies":[{"name":"wp","href":"https:\/\/api.w.org\/{rel}","templated":true}]}}