{"id":11252,"date":"2020-04-23T09:26:12","date_gmt":"2020-04-23T09:26:12","guid":{"rendered":"https:\/\/www.arovite.com\/?page_id=11252"},"modified":"2020-04-23T09:26:46","modified_gmt":"2020-04-23T09:26:46","slug":"leonisio-rafael-2019","status":"publish","type":"page","link":"https:\/\/www.arovite.com\/es\/leonisio-rafael-2019\/","title":{"rendered":"LEONISIO, Rafael (2019)"},"content":{"rendered":"<div class=\"wpb-content-wrapper\"><p>[vc_row][vc_column width=&#8221;1\/1&#8243;][vc_column_text][vc_empty_space height=&#8221;20&#8243;]<br \/>\n<strong>Referencia bibliogr\u00e1fica<\/strong><br \/>\nLEONISIO, Rafael (2019): \u00abEl impacto del terrorismo en el discurso pol\u00edtico en Espa\u00f1a: un an\u00e1lisis de contenido de los discursos de los presidentes de Gobierno en los debates parlamentarios\u00bb, <em>Revista Espa\u00f1ola de Ciencia Pol\u00edtica<\/em>, n\u00ba 49, pp. 129-149.<\/p>\n<p><a class=\"button blue medium \" href=\"https:\/\/recyt.fecyt.es\/index.php\/recp\/article\/view\/66179\/pdf_137\" target=\"_blank\" rel=\"noopener noreferrer\">Consultar PDF<\/a>[vc_empty_space height=&#8221;10&#8243;]<br \/>\n<strong>Resumen<\/strong><br \/>\nEsta nota de investigaci\u00f3n trata de analizar los determinantes de la relevancia del terrorismo en el discurso pol\u00edtico de las \u00e9lites, mediante un an\u00e1lisis de contenido de las intervenciones parlamentarias de los presidentes de Gobierno espa\u00f1ol en las sesiones de investidura y debates sobre el estado de la naci\u00f3n. De esa manera se muestra el peso cuantitativo que el terrorismo ha tenido en los discursos de los jefes de Gobierno en Espa\u00f1a. Adem\u00e1s de describir el peso de esta cuesti\u00f3n, se apuntan una serie de hip\u00f3tesis respecto a los cambios en la relevancia en dichos discursos, y se contrastan provisionalmente. En primer lugar, el texto apunta a que las treguas de los grupos terroristas tienen cierta influencia, incrementando la importancia que las \u00e9lites pol\u00edticas otorgan a este fen\u00f3meno. Segundo, los atentados especialmente relevantes tambi\u00e9n hacen crecer su presencia en los discursos pol\u00edticos. En tercer lugar, la influencia es inversa en lo que respecta a los acuerdos formales para excluir al terrorismo de la competici\u00f3n pol\u00edtica (por ejemplo, el Pacto de Ajuria-Enea), ya que reduce la relevancia de esta cuesti\u00f3n. Finalmente, la opini\u00f3n p\u00fablica tambi\u00e9n cuenta, de modo que cuanta m\u00e1s gente considera el terrorismo como un problema, m\u00e1s hablan los presidentes espa\u00f1oles del mismo. La nota trata de cubrir un hueco en la investigaci\u00f3n, ya que el an\u00e1lisis cuantitativo del discurso de las \u00e9lites pol\u00edticas respecto al terrorismo ha sido en general pasado por alto. Metodol\u00f3gicamente, combina an\u00e1lisis de contenido de textos pol\u00edticos, datos de encuesta y datos contextuales respecto a los atentados terroristas y treguas de ETA.<br \/>\n[vc_empty_space height=&#8221;10&#8243;]<br \/>\n<strong>Abstract<\/strong><br \/>\nThis research note aims to analyze the determinants of terrorism saliency in elites\u2019 political discourse by means of a content analysis of the Spanish Presidents\u2019 speeches at the investiture sessions and the debates on the general political situation of Spain in the Spanish Parliament. Thus, it is shown the quantitative weight terrorism has had in these speeches. Apart from describing the weight of this issue, the article points out a series of hypotheses regarding changes of the saliency in these speeches and it also tries to check them provisionally. The text first states that ceasefires declared by terrorist gangs have some influence, raising the importance politicians give to this phenomenon. Second, especially relevant attacks also make terrorism grow its presence in political speeches. Third, formal agreements to exclude terrorism from party competition (such as the Ajuria-Enea Pact) have the opposite influence, for they reduce the saliency of this issue. Finally, public opinion matters: The more people consider terrorism as a problem, the more Spanish Presidents talk about it. The note tries to fill a gap in research, because the quantitative analysis of political elites\u2019 discourse about terrorism has been largely neglected. Methodologically, it combines content analysis of political texts, survey data and contextual data regarding ETA\u2019s terrorist attacks and ceasefires.<br \/>\n[vc_empty_space height=&#8221;10&#8243;]<br \/>\n<strong>Autor<\/strong><br \/>\nRafael Leonisio. <a title=\"Dialnet\" href=\"https:\/\/dialnet.unirioja.es\/servlet\/autor?codigo=1234479\" target=\"_blank\" rel=\"noopener noreferrer\">P\u00e1gina del autor en Dialnet.<\/a><br \/>\n[vc_empty_space height=&#8221;10&#8243;]<br \/>\n<strong>Tipo de documento<\/strong><br \/>\nArt\u00edculo<br \/>\n[vc_empty_space height=&#8221;10&#8243;]<br \/>\n[\/vc_column_text][\/vc_column][\/vc_row]<\/p>\n<\/div>","protected":false},"excerpt":{"rendered":"<p>[vc_row][vc_column width=&#8221;1\/1&#8243;][vc_column_text][vc_empty_space height=&#8221;20&#8243;] Referencia bibliogr\u00e1fica LEONISIO, Rafael (2019): \u00abEl impacto del terrorismo en el discurso pol\u00edtico en Espa\u00f1a: un an\u00e1lisis de contenido de los discursos de los presidentes de Gobierno&hellip;<\/p>\n","protected":false},"author":1,"featured_media":0,"parent":0,"menu_order":0,"comment_status":"closed","ping_status":"closed","template":"","meta":{"om_disable_all_campaigns":false,"_monsterinsights_skip_tracking":false,"_monsterinsights_sitenote_active":false,"_monsterinsights_sitenote_note":"","_monsterinsights_sitenote_category":0,"_uf_show_specific_survey":0,"_uf_disable_surveys":false,"_vp_format_video_url":"","_vp_image_focal_point":[],"_vp_custom_popup_image":0,"_vp_format_audio_url":"","_vp_custom_thumbnail":0,"_vp_custom_thumbnail_focal_point":[],"_vp_hover_thumbnail":0,"_vp_hover_thumbnail_focal_point":[],"footnotes":""},"class_list":["post-11252","page","type-page","status-publish","hentry"],"aioseo_notices":[],"_links":{"self":[{"href":"https:\/\/www.arovite.com\/es\/wp-json\/wp\/v2\/pages\/11252","targetHints":{"allow":["GET"]}}],"collection":[{"href":"https:\/\/www.arovite.com\/es\/wp-json\/wp\/v2\/pages"}],"about":[{"href":"https:\/\/www.arovite.com\/es\/wp-json\/wp\/v2\/types\/page"}],"author":[{"embeddable":true,"href":"https:\/\/www.arovite.com\/es\/wp-json\/wp\/v2\/users\/1"}],"replies":[{"embeddable":true,"href":"https:\/\/www.arovite.com\/es\/wp-json\/wp\/v2\/comments?post=11252"}],"version-history":[{"count":1,"href":"https:\/\/www.arovite.com\/es\/wp-json\/wp\/v2\/pages\/11252\/revisions"}],"predecessor-version":[{"id":11253,"href":"https:\/\/www.arovite.com\/es\/wp-json\/wp\/v2\/pages\/11252\/revisions\/11253"}],"wp:attachment":[{"href":"https:\/\/www.arovite.com\/es\/wp-json\/wp\/v2\/media?parent=11252"}],"curies":[{"name":"wp","href":"https:\/\/api.w.org\/{rel}","templated":true}]}}