{"id":11231,"date":"2020-04-23T09:22:43","date_gmt":"2020-04-23T09:22:43","guid":{"rendered":"https:\/\/www.arovite.com\/?page_id=11231"},"modified":"2020-04-23T09:23:18","modified_gmt":"2020-04-23T09:23:18","slug":"fernandez-soldevilla-gaizka-2019","status":"publish","type":"page","link":"https:\/\/www.arovite.com\/es\/fernandez-soldevilla-gaizka-2019\/","title":{"rendered":"FERN\u00c1NDEZ SOLDEVILLA, Gaizka (2019)"},"content":{"rendered":"<div class=\"wpb-content-wrapper\"><p>[vc_row][vc_column width=&#8221;1\/1&#8243;][vc_column_text][vc_empty_space height=&#8221;20&#8243;]<br \/>\n<strong>Referencia bibliogr\u00e1fica<\/strong><br \/>\nFERN\u00c1NDEZ SOLDEVILLA, Gaizka (2019): \u00abMuertes paralelas. Un estudio de caso sobre la violencia de ETA y la nacionalizaci\u00f3n de los inmigrantes en el pa\u00eds vasco\u00bb, <em>Historia Contempor\u00e1nea<\/em>, n\u00ba 61, pp. 1039-1070.<\/p>\n<p><a class=\"button blue medium \" href=\"https:\/\/www.ehu.eus\/ojs\/index.php\/HC\/article\/view\/19987\/18968\" target=\"_blank\" rel=\"noopener noreferrer\">Consultar PDF<\/a>[vc_empty_space height=&#8221;10&#8243;]<br \/>\n<strong>Resumen<\/strong><br \/>\nDurante los a\u00f1os cincuenta y sesenta el Pa\u00eds Vasco fue receptor de una oleada de inmigrantes que, procedentes del resto de Espa\u00f1a, llegaba en busca de trabajo. Su presencia reaviv\u00f3 la xenofobia de un sector del nacionalismo vasco. Cuando ETA comenz\u00f3 a matar, se enfrent\u00f3 al dilema de qu\u00e9 hacer con ese colectivo: integrarlo en su utop\u00eda de una gran naci\u00f3n vasca homog\u00e9nea o expulsarlo. En este art\u00edculo se abordar\u00e1 esta cuesti\u00f3n poniendo el foco en dos inmigrantes procedentes de la misma comarca de Badajoz y residentes en Zarauz, que murieron en la etapa final de la dictadura franquista. Uno, Juan Paredes (Txiki), se uni\u00f3 a ETA y fue ejecutado tras un juicio sumar\u00edsimo. El nacionalismo radical lo elev\u00f3 a la categor\u00eda de m\u00e1rtir, instrumentaliz\u00e1ndolo para fomentar la asimilaci\u00f3n de otros inmigrantes. Otro, Manuel L\u00f3pez Trevi\u00f1o, era un guardia civil que fue asesinado por la banda en venganza del fusilamiento de Txiki. Como otras v\u00edctimas del terrorismo, fue se\u00f1alado como un villano y un ejemplo a evitar.<br \/>\n[vc_empty_space height=&#8221;10&#8243;]<br \/>\n<strong>Abstract<\/strong><br \/>\nDuring the fifties and sixties the Basque Country was the recipient of a wave of immigrants who, coming from the rest of Spain, arrived in search of work. Their presence revived the xenophobia of a sector of Basque nationalism. When ETA began to kill, it faced the dilemma of what to do with this collective: to integrate it into its utopia of a large homogenous Basque nation or to cast it out. This article will address this issue by focusing on two immigrants from the same region of Badajoz and residents of Zarauz, who died in the final stage of the Franco dictatorship. One, Juan Paredes (Txiki), joined ETA and was executed after a summary trial. Radical nationalism elevated him to the category of martyr, instrumentalizing him to encourage the assimilation of other immigrants. Another, Manuel L\u00f3pez Trevi\u00f1o, was a civil guard who was killed by the gang in revenge for Txiki\u2019s execution. Like other victims of terrorism, he was pointed out as a villain and an example to avoid.<br \/>\n[vc_empty_space height=&#8221;10&#8243;]<br \/>\n<strong>Autor<\/strong><br \/>\nGaizka Fern\u00e1ndez Soldevilla. <a title=\"Dialnet\" href=\"https:\/\/dialnet.unirioja.es\/servlet\/autor?codigo=2407724\" target=\"_blank\" rel=\"noopener noreferrer\">P\u00e1gina del autor en Dialnet.<\/a><br \/>\n[vc_empty_space height=&#8221;10&#8243;]<br \/>\n<strong>Tipo de documento<\/strong><br \/>\nArt\u00edculo<br \/>\n[vc_empty_space height=&#8221;10&#8243;]<br \/>\n[\/vc_column_text][\/vc_column][\/vc_row]<\/p>\n<\/div>","protected":false},"excerpt":{"rendered":"<p>[vc_row][vc_column width=&#8221;1\/1&#8243;][vc_column_text][vc_empty_space height=&#8221;20&#8243;] Referencia bibliogr\u00e1fica FERN\u00c1NDEZ SOLDEVILLA, Gaizka (2019): \u00abMuertes paralelas. Un estudio de caso sobre la violencia de ETA y la nacionalizaci\u00f3n de los inmigrantes en el pa\u00eds vasco\u00bb,&hellip;<\/p>\n","protected":false},"author":1,"featured_media":0,"parent":0,"menu_order":0,"comment_status":"closed","ping_status":"closed","template":"","meta":{"om_disable_all_campaigns":false,"_monsterinsights_skip_tracking":false,"_monsterinsights_sitenote_active":false,"_monsterinsights_sitenote_note":"","_monsterinsights_sitenote_category":0,"_uf_show_specific_survey":0,"_uf_disable_surveys":false,"_vp_format_video_url":"","_vp_image_focal_point":[],"_vp_custom_popup_image":0,"_vp_format_audio_url":"","_vp_custom_thumbnail":0,"_vp_custom_thumbnail_focal_point":[],"_vp_hover_thumbnail":0,"_vp_hover_thumbnail_focal_point":[],"footnotes":""},"class_list":["post-11231","page","type-page","status-publish","hentry"],"aioseo_notices":[],"_links":{"self":[{"href":"https:\/\/www.arovite.com\/es\/wp-json\/wp\/v2\/pages\/11231","targetHints":{"allow":["GET"]}}],"collection":[{"href":"https:\/\/www.arovite.com\/es\/wp-json\/wp\/v2\/pages"}],"about":[{"href":"https:\/\/www.arovite.com\/es\/wp-json\/wp\/v2\/types\/page"}],"author":[{"embeddable":true,"href":"https:\/\/www.arovite.com\/es\/wp-json\/wp\/v2\/users\/1"}],"replies":[{"embeddable":true,"href":"https:\/\/www.arovite.com\/es\/wp-json\/wp\/v2\/comments?post=11231"}],"version-history":[{"count":1,"href":"https:\/\/www.arovite.com\/es\/wp-json\/wp\/v2\/pages\/11231\/revisions"}],"predecessor-version":[{"id":11232,"href":"https:\/\/www.arovite.com\/es\/wp-json\/wp\/v2\/pages\/11231\/revisions\/11232"}],"wp:attachment":[{"href":"https:\/\/www.arovite.com\/es\/wp-json\/wp\/v2\/media?parent=11231"}],"curies":[{"name":"wp","href":"https:\/\/api.w.org\/{rel}","templated":true}]}}