{"id":9409,"date":"2019-01-17T09:00:49","date_gmt":"2019-01-17T09:00:49","guid":{"rendered":"http:\/\/www.arovite.com\/comunidad-de-castilla-y-leon-2017\/"},"modified":"2019-01-17T09:00:49","modified_gmt":"2019-01-17T09:00:49","slug":"comunidad-de-castilla-y-leon-2017","status":"publish","type":"page","link":"https:\/\/www.arovite.com\/en\/comunidad-de-castilla-y-leon-2017\/","title":{"rendered":"Comunidad de Castilla y Le\u00f3n (2017)"},"content":{"rendered":"<div class=\"wpb-content-wrapper\"><p>[vc_row][vc_column width=&#8221;1\/1&#8243;][vc_column_text][vc_empty_space height=&#8221;20&#8243;]<br \/>\n<strong>Referencia bibliogr\u00e1fica<\/strong><br \/>\nComunidad de Castilla y Le\u00f3n (2017): Ley 4\/2017, de 26 de septiembre, de reconocimiento y atenci\u00f3n a las v\u00edctimas del terrorismo en Castilla y Le\u00f3n.<\/p>\n<p><a class=\"button blue  medium \" href=\" https:\/\/www.boe.es\/buscar\/pdf\/2017\/BOE-A-2017-12358-consolidado.pdf\" target=\"_blank\">Consultar PDF<\/a>[vc_empty_space height=&#8221;10&#8243;]<br \/>\n<strong>Resumen<\/strong><br \/>\nLa Comunidad de Castilla y Le\u00f3n en el art\u00edculo 16 de su Estatuto de autonom\u00eda, reconoce los principios rectores de las pol\u00edticas p\u00fablicas y c\u00f3mo estos vinculan a los poderes p\u00fablicos, de tal modo se ha institucionalizado el rechazo a la violencia a trav\u00e9s de la ley de referencia.<br \/>\nPor ello a trav\u00e9s esta ley se busca garantizar el reconocimiento p\u00fablico de las v\u00edctimas de la violencia terrorista, velar por su protecci\u00f3n, bienestar, reparaci\u00f3n y asistencia en aquellas necesidades que se hayan agravado por su condici\u00f3n de v\u00edctimas, as\u00ed como el recordar y homenajear a todos aquellos que sufrieron la acci\u00f3n terrorista. As\u00ed mismo, se crea el Comisionado para las V\u00edctimas del Terrorismo como el \u00f3rgano de relaci\u00f3n, ayuda y orientaci\u00f3n a las v\u00edctimas en Castilla y Le\u00f3n, al que corresponden las funciones de impulso y coordinaci\u00f3n, seguimiento y balance de las actuaciones de la Administraci\u00f3n de la Comunidad de Castilla y Le\u00f3n dirigidas a las v\u00edctimas del terrorismo, as\u00ed como cualquier otra que se le atribuya, delegue o encomiende.<br \/>\n[vc_empty_space height=&#8221;10&#8243;]<br \/>\n<strong>Tipo de documento<\/strong><br \/>\nLey<br \/>\n[vc_empty_space height=&#8221;10&#8243;]<br \/>\n[\/vc_column_text][\/vc_column][\/vc_row]<\/p>\n<\/div>","protected":false},"excerpt":{"rendered":"<p>[vc_row][vc_column width=&#8221;1\/1&#8243;][vc_column_text][vc_empty_space height=&#8221;20&#8243;] Referencia bibliogr\u00e1fica Comunidad de Castilla y Le\u00f3n (2017): Ley 4\/2017, de 26 de septiembre, de reconocimiento y atenci\u00f3n a las v\u00edctimas del terrorismo en Castilla y Le\u00f3n.&hellip;<\/p>\n","protected":false},"author":1,"featured_media":0,"parent":0,"menu_order":0,"comment_status":"closed","ping_status":"closed","template":"","meta":{"om_disable_all_campaigns":false,"_monsterinsights_skip_tracking":false,"_monsterinsights_sitenote_active":false,"_monsterinsights_sitenote_note":"","_monsterinsights_sitenote_category":0,"_uf_show_specific_survey":0,"_uf_disable_surveys":false,"_vp_format_video_url":"","_vp_image_focal_point":[],"_vp_custom_popup_image":0,"_vp_format_audio_url":"","_vp_custom_thumbnail":0,"_vp_custom_thumbnail_focal_point":[],"_vp_hover_thumbnail":0,"_vp_hover_thumbnail_focal_point":[],"footnotes":""},"class_list":["post-9409","page","type-page","status-publish","hentry"],"aioseo_notices":[],"_links":{"self":[{"href":"https:\/\/www.arovite.com\/en\/wp-json\/wp\/v2\/pages\/9409","targetHints":{"allow":["GET"]}}],"collection":[{"href":"https:\/\/www.arovite.com\/en\/wp-json\/wp\/v2\/pages"}],"about":[{"href":"https:\/\/www.arovite.com\/en\/wp-json\/wp\/v2\/types\/page"}],"author":[{"embeddable":true,"href":"https:\/\/www.arovite.com\/en\/wp-json\/wp\/v2\/users\/1"}],"replies":[{"embeddable":true,"href":"https:\/\/www.arovite.com\/en\/wp-json\/wp\/v2\/comments?post=9409"}],"version-history":[{"count":0,"href":"https:\/\/www.arovite.com\/en\/wp-json\/wp\/v2\/pages\/9409\/revisions"}],"wp:attachment":[{"href":"https:\/\/www.arovite.com\/en\/wp-json\/wp\/v2\/media?parent=9409"}],"curies":[{"name":"wp","href":"https:\/\/api.w.org\/{rel}","templated":true}]}}