{"id":9301,"date":"2019-01-14T17:53:05","date_gmt":"2019-01-14T17:53:05","guid":{"rendered":"http:\/\/www.arovite.com\/diaz-cervero-elba-2009\/"},"modified":"2025-10-05T08:41:12","modified_gmt":"2025-10-05T08:41:12","slug":"diaz-cervero-elba-2009","status":"publish","type":"page","link":"https:\/\/www.arovite.com\/en\/diaz-cervero-elba-2009\/","title":{"rendered":"D\u00cdAZ CERVER\u00d3, Elba (2009)"},"content":{"rendered":"<div class=\"wpb-content-wrapper\"><p>[vc_row][vc_column width=&#8221;1\/1&#8243;][vc_column_text][vc_empty_space height=&#8221;20&#8243;]<br \/>\n<strong>Referencia bibliogr\u00e1fica<\/strong><br \/>\nD\u00cdAZ CERVER\u00d3, Elba (2009): \u00abLa representaci\u00f3n del terrorismo de ETA en el diario franc\u00e9s &#8220;Le Monde&#8221;\u00bb, <em>Doxa Comunicaci\u00f3n: revista interdisciplinar de estudios de comunicaci\u00f3n y ciencias sociales<\/em>, n\u00ba 9, pp. 165-189.<\/p>\n<p><a class=\"button blue medium \"href=\"https:\/\/revistascientificas.uspceu.com\/doxacomunicacion\/article\/view\/1200\/1998\" target=\"_blank\">Consultar PDF<\/a>[vc_empty_space height=&#8221;10&#8243;]<br \/>\n<strong>Resumen<\/strong><br \/>\nEl presente art\u00edculo es fruto de un amplio an\u00e1lisis de contenido que trata de mostrar cu\u00e1l ha sido la representaci\u00f3n o cobertura que ha hecho del terrorismo de ETA el diario franc\u00e9s <em>Le Monde<\/em>. Para ello se han abordado de forma exhaustiva todos los atentados mortales de la banda, desde el primero, en junio de 1968, hasta el \u00faltimo, en diciembre de 2008, partiendo de la hip\u00f3tesis de un posible desinter\u00e9s de la prensa francesa hacia el terrorismo de ETA, sin olvidar que este fen\u00f3meno ha determinado en muchas ocasiones las relaciones pol\u00edticas y diplom\u00e1ticas entre Francia y Espa\u00f1a.<br \/>\n[vc_empty_space height=&#8221;10&#8243;]<br \/>\n<strong>Abstract<\/strong><br \/>\nThis article is the result of a wide content analysis that tries to show how the French newspaper <em>Le Monde<\/em> has represented or covered the terrorism of ETA. In order to get it, all its mortal terrorist attacks have been dealt, from the first one, in June 1968, to the last one, in December 2008. The study starts from the hypothesis that considers the lack of interest of the French press to the terrorism of ETA, remaining this phenomenon has determined in a lot of occasions the political and diplomatic relationships between France and Spain.<br \/>\n[vc_empty_space height=&#8221;10&#8243;]<br \/>\n<strong>Autor<\/strong><br \/>\nElba D\u00edaz Cerver\u00f3. <a title=\"Dialnet\" href=\"https:\/\/dialnet.unirioja.es\/servlet\/autor?codigo=2519519\" target=\"_blank\">P\u00e1gina del autor en Dialnet.<\/a><br \/>\n[vc_empty_space height=&#8221;10&#8243;]<br \/>\n<strong>Tipo de documento<\/strong><br \/>\nArt\u00edculo<br \/>\n[vc_empty_space height=&#8221;10&#8243;]<br \/>\n[\/vc_column_text][\/vc_column][\/vc_row]<\/p>\n<\/div>","protected":false},"excerpt":{"rendered":"<p>[vc_row][vc_column width=&#8221;1\/1&#8243;][vc_column_text][vc_empty_space height=&#8221;20&#8243;] Referencia bibliogr\u00e1fica D\u00cdAZ CERVER\u00d3, Elba (2009): \u00abLa representaci\u00f3n del terrorismo de ETA en el diario franc\u00e9s &#8220;Le Monde&#8221;\u00bb, Doxa Comunicaci\u00f3n: revista interdisciplinar de estudios de comunicaci\u00f3n y&hellip;<\/p>\n","protected":false},"author":1,"featured_media":0,"parent":0,"menu_order":0,"comment_status":"closed","ping_status":"closed","template":"","meta":{"om_disable_all_campaigns":false,"_monsterinsights_skip_tracking":false,"_monsterinsights_sitenote_active":false,"_monsterinsights_sitenote_note":"","_monsterinsights_sitenote_category":0,"_uf_show_specific_survey":0,"_uf_disable_surveys":false,"_vp_format_video_url":"","_vp_image_focal_point":[],"_vp_custom_popup_image":0,"_vp_format_audio_url":"","_vp_custom_thumbnail":0,"_vp_custom_thumbnail_focal_point":[],"_vp_hover_thumbnail":0,"_vp_hover_thumbnail_focal_point":[],"footnotes":""},"class_list":["post-9301","page","type-page","status-publish","hentry"],"aioseo_notices":[],"_links":{"self":[{"href":"https:\/\/www.arovite.com\/en\/wp-json\/wp\/v2\/pages\/9301","targetHints":{"allow":["GET"]}}],"collection":[{"href":"https:\/\/www.arovite.com\/en\/wp-json\/wp\/v2\/pages"}],"about":[{"href":"https:\/\/www.arovite.com\/en\/wp-json\/wp\/v2\/types\/page"}],"author":[{"embeddable":true,"href":"https:\/\/www.arovite.com\/en\/wp-json\/wp\/v2\/users\/1"}],"replies":[{"embeddable":true,"href":"https:\/\/www.arovite.com\/en\/wp-json\/wp\/v2\/comments?post=9301"}],"version-history":[{"count":1,"href":"https:\/\/www.arovite.com\/en\/wp-json\/wp\/v2\/pages\/9301\/revisions"}],"predecessor-version":[{"id":24703,"href":"https:\/\/www.arovite.com\/en\/wp-json\/wp\/v2\/pages\/9301\/revisions\/24703"}],"wp:attachment":[{"href":"https:\/\/www.arovite.com\/en\/wp-json\/wp\/v2\/media?parent=9301"}],"curies":[{"name":"wp","href":"https:\/\/api.w.org\/{rel}","templated":true}]}}