{"id":9280,"date":"2019-01-14T17:42:19","date_gmt":"2019-01-14T17:42:19","guid":{"rendered":"http:\/\/www.arovite.com\/sabucedo-cameselle-jose-maniel-duran-rodriguez-maria-del-mar-alzate-garcia-monica-rodriguez-o-ma-soledad-2011\/"},"modified":"2025-10-05T09:32:45","modified_gmt":"2025-10-05T09:32:45","slug":"sabucedo-cameselle-jose-maniel-duran-rodriguez-maria-del-mar-alzate-garcia-monica-rodriguez-o-ma-soledad-2011","status":"publish","type":"page","link":"https:\/\/www.arovite.com\/en\/sabucedo-cameselle-jose-maniel-duran-rodriguez-maria-del-mar-alzate-garcia-monica-rodriguez-o-ma-soledad-2011\/","title":{"rendered":"SABUCEDO CAMESELLE, Jos\u00e9 Maniel, DUR\u00c1N RODR\u00cdGUEZ, Mar\u00eda del Mar, ALZATE GARC\u00cdA, M\u00f3nica, RODR\u00cdGUEZ O., M\u00aa Soledad (2011)"},"content":{"rendered":"<div class=\"wpb-content-wrapper\"><p>[vc_row][vc_column width=&#8221;1\/1&#8243;][vc_column_text][vc_empty_space height=&#8221;20&#8243;]<br \/>\n<strong>Referencia bibliogr\u00e1fica<\/strong><br \/>\nSABUCEDO CAMESELLE, Jos\u00e9 Maniel, DUR\u00c1N RODR\u00cdGUEZ, Mar\u00eda del Mar, ALZATE GARC\u00cdA, y M\u00f3nica, RODR\u00cdGUEZ O., M\u00aa Soledad (2011): \u00abEmotional responses and attitudes to the peace talks with ETA\u00bb, <em>Revista latinoamericana de psicolog\u00eda<\/em>, vol. 43, n\u00ba 2, pp. 289-296.<\/p>\n<p><a class=\"button blue  medium \" href=\"https:\/\/dialnet.unirioja.es\/servlet\/articulo?codigo=3756327&#038;orden=321840&#038;info=link\" target=\"_blank\">Consultar PDF<\/a>[vc_empty_space height=&#8221;10&#8243;]<br \/>\n<strong>Resumen<\/strong><br \/>\nEn este estudio se analizan dos cuestiones: (1) cu\u00e1les son las emociones provocadas por la declaraci\u00f3n del gobierno espa\u00f1ol ante su intenci\u00f3n de negociar un proceso de paz con el grupo terrorista ETA; (2) c\u00f3mo dichas emociones se relacionan con distintas actitudes hacia esa negociaci\u00f3n. Se aplic\u00f3 un cuestionario a una muestra de 263 estudiantes universitarios. Se realiz\u00f3 un an\u00e1lisis factorial confirmatorio con el fin de verificar c\u00f3mo se organizaban las emociones y posteriormente se hizo un ANOVA para analizar la relaci\u00f3n entre las emociones y las actitudes hacia la negociaci\u00f3n. Con respecto a la primera cuesti\u00f3n, las emociones que se vinculan al proceso de negociaci\u00f3n se clasifican dentro de un modelo con tres factores (entusiasmo, ira y ansiedad), y con respecto a la segunda, se observ\u00f3 que la emoci\u00f3n de ira est\u00e1 asociada a las personas que est\u00e1n en contra de la negociaci\u00f3n. Al mismo tiempo, el entusiasmo y la ansiedad se asociaron con distintas actitudes respecto a la negociaci\u00f3n, de apoyo y de rechazo, respectivamente; sin embargo, tambi\u00e9n se encontr\u00f3 que ambas emociones estaban presentes en las personas que quer\u00edan que los distintos partidos pol\u00edticos alcanzaran un acuerdo e hicieran frente al proceso de negociaci\u00f3n con una pol\u00edtica com\u00fan.<br \/>\n[vc_empty_space height=&#8221;10&#8243;]<br \/>\n<strong>Abstract<\/strong><br \/>\nIn this study, two questions are analyzed: (1) what the emotions provoked by the Spanish government\u2019s declaration of its intention to negotiate a peace process with the terrorist group ETA are; (2) how these emotions relate to different attitudes to this negotiation. A questionnaire was applied to a sample of 263 university students. A confirmatory factor analysis was conducted to verify how emotions were organized and an ANOVA was subsequently conducted to analyze the relationship between emotions and attitudes to negotiation. With respect to the first question, the emotions which are linked to the negotiation process are classified in a three factor model (enthusiasm, anger and anxiety), and with respect to the second, it became clear that the emotion of anger is associated with subjects who are against negotiation. At the same time, enthusiasm and anxiety were associated with different attitudes to negotiation, support and rejection respectively; however, both these emotions were also found to be present among those who wanted the different political parties to reach an agreement and face the process of negotiation with a common policy.<br \/>\n[vc_empty_space height=&#8221;10&#8243;]<br \/>\n<strong>Autor<\/strong><br \/>\nJos\u00e9 Manuel Sabucedo Cameselle. <a title=\"Dialnet\" href=\"https:\/\/dialnet.unirioja.es\/servlet\/autor?codigo=109170\" target=\"_blank\" rel=\"noopener\">P\u00e1gina del autor en Dialnet.<\/a><br \/>\nMar\u00eda del Mar Dur\u00e1n Rodr\u00edguez. <a title=\"Dialnet\" href=\"https:\/\/dialnet.unirioja.es\/servlet\/autor?codigo=1237606\" target=\"_blank\" rel=\"noopener\">P\u00e1gina del autor en Dialnet.<\/a><br \/>\nM\u00f3nica Alzate Garc\u00eda. <a title=\"Dialnet\" href=\"https:\/\/dialnet.unirioja.es\/servlet\/autor?codigo=1130766\" target=\"_blank\" rel=\"noopener\">P\u00e1gina del autor en Dialnet.<\/a><br \/>\nM. Soledad Rodriguez O.. <a title=\"Dialnet\" href=\"https:\/\/dialnet.unirioja.es\/servlet\/autor?codigo=1782814\" target=\"_blank\" rel=\"noopener\">P\u00e1gina del autor en Dialnet.<\/a><br \/>\n[vc_empty_space height=&#8221;10&#8243;]<br \/>\n<strong>Tipo de documento<\/strong><br \/>\nArt\u00edculo<br \/>\n[vc_empty_space height=&#8221;10&#8243;]<br \/>\n[\/vc_column_text][\/vc_column][\/vc_row]<\/p>\n<\/div>","protected":false},"excerpt":{"rendered":"<p>[vc_row][vc_column width=&#8221;1\/1&#8243;][vc_column_text][vc_empty_space height=&#8221;20&#8243;] Referencia bibliogr\u00e1fica SABUCEDO CAMESELLE, Jos\u00e9 Maniel, DUR\u00c1N RODR\u00cdGUEZ, Mar\u00eda del Mar, ALZATE GARC\u00cdA, y M\u00f3nica, RODR\u00cdGUEZ O., M\u00aa Soledad (2011): \u00abEmotional responses and attitudes to the peace&hellip;<\/p>\n","protected":false},"author":1,"featured_media":0,"parent":0,"menu_order":0,"comment_status":"closed","ping_status":"closed","template":"","meta":{"om_disable_all_campaigns":false,"_monsterinsights_skip_tracking":false,"_monsterinsights_sitenote_active":false,"_monsterinsights_sitenote_note":"","_monsterinsights_sitenote_category":0,"_uf_show_specific_survey":0,"_uf_disable_surveys":false,"_vp_format_video_url":"","_vp_image_focal_point":[],"_vp_custom_popup_image":0,"_vp_format_audio_url":"","_vp_custom_thumbnail":0,"_vp_custom_thumbnail_focal_point":[],"_vp_hover_thumbnail":0,"_vp_hover_thumbnail_focal_point":[],"footnotes":""},"class_list":["post-9280","page","type-page","status-publish","hentry"],"aioseo_notices":[],"_links":{"self":[{"href":"https:\/\/www.arovite.com\/en\/wp-json\/wp\/v2\/pages\/9280","targetHints":{"allow":["GET"]}}],"collection":[{"href":"https:\/\/www.arovite.com\/en\/wp-json\/wp\/v2\/pages"}],"about":[{"href":"https:\/\/www.arovite.com\/en\/wp-json\/wp\/v2\/types\/page"}],"author":[{"embeddable":true,"href":"https:\/\/www.arovite.com\/en\/wp-json\/wp\/v2\/users\/1"}],"replies":[{"embeddable":true,"href":"https:\/\/www.arovite.com\/en\/wp-json\/wp\/v2\/comments?post=9280"}],"version-history":[{"count":2,"href":"https:\/\/www.arovite.com\/en\/wp-json\/wp\/v2\/pages\/9280\/revisions"}],"predecessor-version":[{"id":24779,"href":"https:\/\/www.arovite.com\/en\/wp-json\/wp\/v2\/pages\/9280\/revisions\/24779"}],"wp:attachment":[{"href":"https:\/\/www.arovite.com\/en\/wp-json\/wp\/v2\/media?parent=9280"}],"curies":[{"name":"wp","href":"https:\/\/api.w.org\/{rel}","templated":true}]}}