{"id":9265,"date":"2019-01-14T17:35:31","date_gmt":"2019-01-14T17:35:31","guid":{"rendered":"http:\/\/www.arovite.com\/barberia-jose-luis-2007\/"},"modified":"2025-10-05T08:30:58","modified_gmt":"2025-10-05T08:30:58","slug":"barberia-jose-luis-2007","status":"publish","type":"page","link":"https:\/\/www.arovite.com\/en\/barberia-jose-luis-2007\/","title":{"rendered":"BARBER\u00cdA, Jos\u00e9 Luis (2007)"},"content":{"rendered":"<div class=\"wpb-content-wrapper\"><p>[vc_row][vc_column width=&#8221;1\/1&#8243;][vc_column_text][vc_empty_space height=&#8221;20&#8243;]<br \/>\n<strong>Referencia bibliogr\u00e1fica<\/strong><br \/>\nBARBER\u00cdA, Jos\u00e9 Luis (2007): \u00abAmplificadores de los mensajes de ETA\u00bb, <em>Cuadernos de periodistas: revista de la Asociaci\u00f3n de la Prensa de Madrid<\/em>, n\u00ba 12, pp. 19-24.<\/p>\n<p><a class=\"button blue medium \"href=\"https:\/\/www.apmadrid.es\/wp-content\/uploads\/images\/stories\/doc\/vapm20100518172646.pdf\" target=\"_blank\">Consultar PDF<\/a>[vc_empty_space height=&#8221;10&#8243;]<br \/>\n<strong>Resumen<\/strong><br \/>\nEl autor se muestra partidario de reducir dr\u00e1sticamente el desmesurado espacio que se dedica al terrorismo, incluidas las p\u00e1ginas de condenas rituales. \u201cLa beligerancia democr\u00e1tica\u201d, dice, \u201cno debe bloquear nuestro compromiso con la objetividad y la informaci\u00f3n contrastada\u201d.<br \/>\n[vc_empty_space height=&#8221;10&#8243;]<br \/>\n<strong>Autor<\/strong><br \/>\nJos\u00e9 Luis Barber\u00eda. <a title=\"Dialnet\" href=\"https:\/\/dialnet.unirioja.es\/servlet\/autor?codigo=1101373\" target=\"_blank\">P\u00e1gina del autor en Dialnet.<\/a><br \/>\n[vc_empty_space height=&#8221;10&#8243;]<br \/>\n<strong>Tipo de documento<\/strong><br \/>\nArt\u00edculo<br \/>\n[vc_empty_space height=&#8221;10&#8243;]<br \/>\n[\/vc_column_text][\/vc_column][\/vc_row]<\/p>\n<\/div>","protected":false},"excerpt":{"rendered":"<p>[vc_row][vc_column width=&#8221;1\/1&#8243;][vc_column_text][vc_empty_space height=&#8221;20&#8243;] Referencia bibliogr\u00e1fica BARBER\u00cdA, Jos\u00e9 Luis (2007): \u00abAmplificadores de los mensajes de ETA\u00bb, Cuadernos de periodistas: revista de la Asociaci\u00f3n de la Prensa de Madrid, n\u00ba 12, pp.&hellip;<\/p>\n","protected":false},"author":1,"featured_media":0,"parent":0,"menu_order":0,"comment_status":"closed","ping_status":"closed","template":"","meta":{"om_disable_all_campaigns":false,"_monsterinsights_skip_tracking":false,"_monsterinsights_sitenote_active":false,"_monsterinsights_sitenote_note":"","_monsterinsights_sitenote_category":0,"_uf_show_specific_survey":0,"_uf_disable_surveys":false,"_vp_format_video_url":"","_vp_image_focal_point":[],"_vp_custom_popup_image":0,"_vp_format_audio_url":"","_vp_custom_thumbnail":0,"_vp_custom_thumbnail_focal_point":[],"_vp_hover_thumbnail":0,"_vp_hover_thumbnail_focal_point":[],"footnotes":""},"class_list":["post-9265","page","type-page","status-publish","hentry"],"aioseo_notices":[],"_links":{"self":[{"href":"https:\/\/www.arovite.com\/en\/wp-json\/wp\/v2\/pages\/9265","targetHints":{"allow":["GET"]}}],"collection":[{"href":"https:\/\/www.arovite.com\/en\/wp-json\/wp\/v2\/pages"}],"about":[{"href":"https:\/\/www.arovite.com\/en\/wp-json\/wp\/v2\/types\/page"}],"author":[{"embeddable":true,"href":"https:\/\/www.arovite.com\/en\/wp-json\/wp\/v2\/users\/1"}],"replies":[{"embeddable":true,"href":"https:\/\/www.arovite.com\/en\/wp-json\/wp\/v2\/comments?post=9265"}],"version-history":[{"count":1,"href":"https:\/\/www.arovite.com\/en\/wp-json\/wp\/v2\/pages\/9265\/revisions"}],"predecessor-version":[{"id":24686,"href":"https:\/\/www.arovite.com\/en\/wp-json\/wp\/v2\/pages\/9265\/revisions\/24686"}],"wp:attachment":[{"href":"https:\/\/www.arovite.com\/en\/wp-json\/wp\/v2\/media?parent=9265"}],"curies":[{"name":"wp","href":"https:\/\/api.w.org\/{rel}","templated":true}]}}