{"id":9250,"date":"2019-01-14T17:30:23","date_gmt":"2019-01-14T17:30:23","guid":{"rendered":"http:\/\/www.arovite.com\/uriarte-eduardo-2010\/"},"modified":"2023-06-07T10:25:54","modified_gmt":"2023-06-07T10:25:54","slug":"uriarte-eduardo-2010","status":"publish","type":"page","link":"https:\/\/www.arovite.com\/en\/uriarte-eduardo-2010\/","title":{"rendered":"URIARTE, Eduardo (2010)"},"content":{"rendered":"<div class=\"wpb-content-wrapper\"><p>[vc_row][vc_column width=&#8221;1\/1&#8243;][vc_column_text][vc_empty_space height=&#8221;20&#8243;]<br \/>\n<strong>Referencia bibliogr\u00e1fica<\/strong><br \/>\nURIARTE, Eduardo (2010): \u00abEl proceso de liquidaci\u00f3n de ETA pm\u00bb, <em>IV Jornadas Internacionales sobre Terrorismo. Los finales del Terrorismo: lecciones desde la perspectiva comparada.<\/em> Zaragoza: Fundaci\u00f3n Manuel Gim\u00e9nez Abad de Estudios Parlamentarios y del Estado Auton\u00f3mico, pp. 1-12.<\/p>\n<p><a class=\"button blue medium \" href=\"https:\/\/dialnet.unirioja.es\/descarga\/articulo\/5735937.pdf\" target=\"_blank\" rel=\"noopener\">Consultar PDF<\/a>[vc_empty_space height=&#8221;10&#8243;]<br \/>\n<strong>Resumen<\/strong><br \/>\nEl autor narra en esta comunicaci\u00f3n el proceso de negociaci\u00f3n que llev\u00f3 a la liquidaci\u00f3n de ETA (pol\u00edtico- militar) en el contexto de la \u201ctransici\u00f3n democr\u00e1tica\u201d.<br \/>\n[vc_empty_space height=&#8221;10&#8243;]<br \/>\n<strong>Autor<\/strong><br \/>\nEduardo Uriarte Romero. <a title=\"Dialnet\" href=\"https:\/\/dialnet.unirioja.es\/servlet\/autor?codigo=814267\" target=\"_blank\" rel=\"noopener\">P\u00e1gina del autor en Dialnet.<\/a><br \/>\n[vc_empty_space height=&#8221;10&#8243;]<br \/>\n<strong>Tipo de documento<\/strong><br \/>\nCap\u00edtulo de libro<br \/>\n[vc_empty_space height=&#8221;10&#8243;]<br \/>\n[\/vc_column_text][\/vc_column][\/vc_row]<\/p>\n<\/div>","protected":false},"excerpt":{"rendered":"<p>[vc_row][vc_column width=&#8221;1\/1&#8243;][vc_column_text][vc_empty_space height=&#8221;20&#8243;] Referencia bibliogr\u00e1fica URIARTE, Eduardo (2010): \u00abEl proceso de liquidaci\u00f3n de ETA pm\u00bb, IV Jornadas Internacionales sobre Terrorismo. Los finales del Terrorismo: lecciones desde la perspectiva comparada. Zaragoza:&hellip;<\/p>\n","protected":false},"author":1,"featured_media":0,"parent":0,"menu_order":0,"comment_status":"closed","ping_status":"closed","template":"","meta":{"om_disable_all_campaigns":false,"_monsterinsights_skip_tracking":false,"_monsterinsights_sitenote_active":false,"_monsterinsights_sitenote_note":"","_monsterinsights_sitenote_category":0,"_uf_show_specific_survey":0,"_uf_disable_surveys":false,"_vp_format_video_url":"","_vp_image_focal_point":[],"_vp_custom_popup_image":0,"_vp_format_audio_url":"","_vp_custom_thumbnail":0,"_vp_custom_thumbnail_focal_point":[],"_vp_hover_thumbnail":0,"_vp_hover_thumbnail_focal_point":[],"footnotes":""},"class_list":["post-9250","page","type-page","status-publish","hentry"],"aioseo_notices":[],"_links":{"self":[{"href":"https:\/\/www.arovite.com\/en\/wp-json\/wp\/v2\/pages\/9250","targetHints":{"allow":["GET"]}}],"collection":[{"href":"https:\/\/www.arovite.com\/en\/wp-json\/wp\/v2\/pages"}],"about":[{"href":"https:\/\/www.arovite.com\/en\/wp-json\/wp\/v2\/types\/page"}],"author":[{"embeddable":true,"href":"https:\/\/www.arovite.com\/en\/wp-json\/wp\/v2\/users\/1"}],"replies":[{"embeddable":true,"href":"https:\/\/www.arovite.com\/en\/wp-json\/wp\/v2\/comments?post=9250"}],"version-history":[{"count":1,"href":"https:\/\/www.arovite.com\/en\/wp-json\/wp\/v2\/pages\/9250\/revisions"}],"predecessor-version":[{"id":17786,"href":"https:\/\/www.arovite.com\/en\/wp-json\/wp\/v2\/pages\/9250\/revisions\/17786"}],"wp:attachment":[{"href":"https:\/\/www.arovite.com\/en\/wp-json\/wp\/v2\/media?parent=9250"}],"curies":[{"name":"wp","href":"https:\/\/api.w.org\/{rel}","templated":true}]}}