{"id":9214,"date":"2019-01-14T17:13:31","date_gmt":"2019-01-14T17:13:31","guid":{"rendered":"http:\/\/www.arovite.com\/parejo-jimenez-nekane-2015\/"},"modified":"2019-01-14T17:13:31","modified_gmt":"2019-01-14T17:13:31","slug":"parejo-jimenez-nekane-2015","status":"publish","type":"page","link":"https:\/\/www.arovite.com\/en\/parejo-jimenez-nekane-2015\/","title":{"rendered":"PAREJO JIM\u00c9NEZ, Nekane (2015)"},"content":{"rendered":"<div class=\"wpb-content-wrapper\"><p>[vc_row][vc_column width=&#8221;1\/1&#8243;][vc_column_text][vc_empty_space height=&#8221;20&#8243;]<br \/>\n<strong>Referencia bibliogr\u00e1fica<\/strong><br \/>\nPAREJO JIM\u00c9NEZ, Nekane (2015): \u00abEl informador de los atentados de ETA en las fotograf\u00edas de prensa\u00bb, <em>Estudios sobre el mensaje period\u00edstico<\/em>, n\u00ba 21, pp. 161-176.<\/p>\n<p><a class=\"button blue medium \"href=\"http:\/\/revistas.ucm.es\/index.php\/ESMP\/article\/view\/49087\/45779\" target=\"_blank\">Consultar PDF<\/a>[vc_empty_space height=&#8221;10&#8243;]<br \/>\n<strong>Resumen<\/strong><br \/>\nLas primeras im\u00e1genes sobre un atentado de ETA se publican en 1968 con motivo del asesinato de Melit\u00f3n Manzanas. Desde esta fecha la representaci\u00f3n fotogr\u00e1fica del informador de estos hechos en la prensa diaria ha experimentado diversas transformaciones en cuanto a sus funciones. A trav\u00e9s de una evoluci\u00f3n cronol\u00f3gica, en esta investigaci\u00f3n se observar\u00e1n los distintos roles que desempe\u00f1a este profesional en el desarrollo de su cometido, as\u00ed como sus emplazamientos. Las fotograf\u00edas publicadas en los considerados peri\u00f3dicos tradicionales, <em>La Gaceta del Norte<\/em>, <em>Hierro<\/em> y <em>El Correo<\/em>, a los que se sumar\u00e1n algunos de los que surgen con los inicios de la Transici\u00f3n como son <em>Deia<\/em> y <em>Egin<\/em> de cobertura regional y <em>El Pa\u00eds<\/em> de \u00e1mbito nacional, conformar\u00e1n la muestra de este estudio.<br \/>\n[vc_empty_space height=&#8221;10&#8243;]<br \/>\n<strong>Autor<\/strong><br \/>\nNekane Parejo Jim\u00e9nez. <a title=\"Dialnet\" href=\"https:\/\/dialnet.unirioja.es\/servlet\/autor?codigo=1801105\" target=\"_blank\">P\u00e1gina del autor en Dialnet.<\/a><br \/>\n[vc_empty_space height=&#8221;10&#8243;]<br \/>\n<strong>Tipo de documento<\/strong><br \/>\nArt\u00edculo<br \/>\n[vc_empty_space height=&#8221;10&#8243;]<br \/>\n[\/vc_column_text][\/vc_column][\/vc_row]<\/p>\n<\/div>","protected":false},"excerpt":{"rendered":"<p>[vc_row][vc_column width=&#8221;1\/1&#8243;][vc_column_text][vc_empty_space height=&#8221;20&#8243;] Referencia bibliogr\u00e1fica PAREJO JIM\u00c9NEZ, Nekane (2015): \u00abEl informador de los atentados de ETA en las fotograf\u00edas de prensa\u00bb, Estudios sobre el mensaje period\u00edstico, n\u00ba 21, pp. 161-176.&hellip;<\/p>\n","protected":false},"author":1,"featured_media":0,"parent":0,"menu_order":0,"comment_status":"closed","ping_status":"closed","template":"","meta":{"om_disable_all_campaigns":false,"_monsterinsights_skip_tracking":false,"_monsterinsights_sitenote_active":false,"_monsterinsights_sitenote_note":"","_monsterinsights_sitenote_category":0,"_uf_show_specific_survey":0,"_uf_disable_surveys":false,"_vp_format_video_url":"","_vp_image_focal_point":[],"_vp_custom_popup_image":0,"_vp_format_audio_url":"","_vp_custom_thumbnail":0,"_vp_custom_thumbnail_focal_point":[],"_vp_hover_thumbnail":0,"_vp_hover_thumbnail_focal_point":[],"footnotes":""},"class_list":["post-9214","page","type-page","status-publish","hentry"],"aioseo_notices":[],"_links":{"self":[{"href":"https:\/\/www.arovite.com\/en\/wp-json\/wp\/v2\/pages\/9214","targetHints":{"allow":["GET"]}}],"collection":[{"href":"https:\/\/www.arovite.com\/en\/wp-json\/wp\/v2\/pages"}],"about":[{"href":"https:\/\/www.arovite.com\/en\/wp-json\/wp\/v2\/types\/page"}],"author":[{"embeddable":true,"href":"https:\/\/www.arovite.com\/en\/wp-json\/wp\/v2\/users\/1"}],"replies":[{"embeddable":true,"href":"https:\/\/www.arovite.com\/en\/wp-json\/wp\/v2\/comments?post=9214"}],"version-history":[{"count":0,"href":"https:\/\/www.arovite.com\/en\/wp-json\/wp\/v2\/pages\/9214\/revisions"}],"wp:attachment":[{"href":"https:\/\/www.arovite.com\/en\/wp-json\/wp\/v2\/media?parent=9214"}],"curies":[{"name":"wp","href":"https:\/\/api.w.org\/{rel}","templated":true}]}}