{"id":9199,"date":"2019-01-14T17:08:32","date_gmt":"2019-01-14T17:08:32","guid":{"rendered":"http:\/\/www.arovite.com\/moreno-bibiloni-irene-2018\/"},"modified":"2019-01-14T17:08:32","modified_gmt":"2019-01-14T17:08:32","slug":"moreno-bibiloni-irene-2018","status":"publish","type":"page","link":"https:\/\/www.arovite.com\/en\/moreno-bibiloni-irene-2018\/","title":{"rendered":"MORENO BIBILONI, Irene (2018)"},"content":{"rendered":"<div class=\"wpb-content-wrapper\"><p>[vc_row][vc_column width=&#8221;1\/1&#8243;][vc_column_text][vc_empty_space height=&#8221;20&#8243;]<br \/>\n<strong>Referencia bibliogr\u00e1fica<\/strong><br \/>\nMORENO BIBILONI, Irene (2018): \u00ab\u00abJulio Askatu\u00bb\/\u00abJulio Ordaindu\u00bb: la sociedad vasca frente al secuestro de Julio Iglesias (1993)\u00bb, <em>Pasado y Memoria. Revista de Historia Contempor\u00e1nea<\/em>, n\u00ba 17, pp. 507-526.<\/p>\n<p><a class=\"button blue medium \"href=\"https:\/\/rua.ua.es\/dspace\/bitstream\/10045\/80687\/1\/Pasado-y-Memoria_17_18.pdf\" target=\"_blank\">Consultar PDF<\/a>[vc_empty_space height=&#8221;10&#8243;]<br \/>\n<strong>Resumen<\/strong><br \/>\nEl presente trabajo realiza un acercamiento al secuestro de Julio Iglesias Zamora durante el verano de 1993 como punto de partida de un cambio de actitud de la sociedad vasca en sus posicionamientos p\u00fablicos hacia ETA. Las distintas iniciativas que surgieron a ra\u00edz de este secuestro permitieron, por primera vez, disputar el espacio p\u00fablico a la \u201cizquierda abertzale\u201d de forma simb\u00f3lica y f\u00edsica, configurando escenarios que, unos a\u00f1os m\u00e1s tarde, favorecieron episodios como el estallido social de Ermua tras el asesinato de Miguel \u00c1ngel Blanco.<br \/>\n[vc_empty_space height=&#8221;10&#8243;]<br \/>\n<strong>Abstract<\/strong><br \/>\nOne of the most forgotten chapters in the history of ETA has been their involvement in a number of kidnappings, even though they aroused greater citizen response than their murders. This work examines the kidnapping of Julio Iglesias Zamora during the summer of 1993 as the starting point for social mobilization against terrorism. The various initiatives that arouse as a result of this kidnapping allowed the Basque society for the first time to compete both symbolically and physically for the so far \u2018abertzale\u2019\u2013owned public spaces thus creating new scenarios which some years later would favor mass demonstrations of the citizenship such as those taking place after de murder of Miguel Angel Blanco.<br \/>\n[vc_empty_space height=&#8221;10&#8243;]<br \/>\n<strong>Autor<\/strong><br \/>\nIrene Moreno Bibiloni. <a title=\"Dialnet\" href=\"https:\/\/dialnet.unirioja.es\/servlet\/autor?codigo=3827652\" target=\"_blank\">P\u00e1gina del autor en Dialnet.<\/a><br \/>\n[vc_empty_space height=&#8221;10&#8243;]<br \/>\n<strong>Tipo de documento<\/strong><br \/>\nArt\u00edculo<br \/>\n[vc_empty_space height=&#8221;10&#8243;]<br \/>\n[\/vc_column_text][\/vc_column][\/vc_row]<\/p>\n<\/div>","protected":false},"excerpt":{"rendered":"<p>[vc_row][vc_column width=&#8221;1\/1&#8243;][vc_column_text][vc_empty_space height=&#8221;20&#8243;] Referencia bibliogr\u00e1fica MORENO BIBILONI, Irene (2018): \u00ab\u00abJulio Askatu\u00bb\/\u00abJulio Ordaindu\u00bb: la sociedad vasca frente al secuestro de Julio Iglesias (1993)\u00bb, Pasado y Memoria. Revista de Historia Contempor\u00e1nea, n\u00ba&hellip;<\/p>\n","protected":false},"author":1,"featured_media":0,"parent":0,"menu_order":0,"comment_status":"closed","ping_status":"closed","template":"","meta":{"om_disable_all_campaigns":false,"_monsterinsights_skip_tracking":false,"_monsterinsights_sitenote_active":false,"_monsterinsights_sitenote_note":"","_monsterinsights_sitenote_category":0,"_uf_show_specific_survey":0,"_uf_disable_surveys":false,"_vp_format_video_url":"","_vp_image_focal_point":[],"_vp_custom_popup_image":0,"_vp_format_audio_url":"","_vp_custom_thumbnail":0,"_vp_custom_thumbnail_focal_point":[],"_vp_hover_thumbnail":0,"_vp_hover_thumbnail_focal_point":[],"footnotes":""},"class_list":["post-9199","page","type-page","status-publish","hentry"],"aioseo_notices":[],"_links":{"self":[{"href":"https:\/\/www.arovite.com\/en\/wp-json\/wp\/v2\/pages\/9199","targetHints":{"allow":["GET"]}}],"collection":[{"href":"https:\/\/www.arovite.com\/en\/wp-json\/wp\/v2\/pages"}],"about":[{"href":"https:\/\/www.arovite.com\/en\/wp-json\/wp\/v2\/types\/page"}],"author":[{"embeddable":true,"href":"https:\/\/www.arovite.com\/en\/wp-json\/wp\/v2\/users\/1"}],"replies":[{"embeddable":true,"href":"https:\/\/www.arovite.com\/en\/wp-json\/wp\/v2\/comments?post=9199"}],"version-history":[{"count":0,"href":"https:\/\/www.arovite.com\/en\/wp-json\/wp\/v2\/pages\/9199\/revisions"}],"wp:attachment":[{"href":"https:\/\/www.arovite.com\/en\/wp-json\/wp\/v2\/media?parent=9199"}],"curies":[{"name":"wp","href":"https:\/\/api.w.org\/{rel}","templated":true}]}}