{"id":9184,"date":"2019-01-14T17:04:12","date_gmt":"2019-01-14T17:04:12","guid":{"rendered":"http:\/\/www.arovite.com\/fundacion-centro-para-la-memoria-de-las-victimas-del-terrorismo-2018\/"},"modified":"2019-01-14T17:04:12","modified_gmt":"2019-01-14T17:04:12","slug":"fundacion-centro-para-la-memoria-de-las-victimas-del-terrorismo-2018","status":"publish","type":"page","link":"https:\/\/www.arovite.com\/en\/fundacion-centro-para-la-memoria-de-las-victimas-del-terrorismo-2018\/","title":{"rendered":"FUNDACI\u00d3N CENTRO PARA LA MEMORIA DE LAS V\u00cdCTIMAS DEL TERRORISMO (2018)"},"content":{"rendered":"<div class=\"wpb-content-wrapper\"><p>[vc_row][vc_column width=&#8221;1\/1&#8243;][vc_column_text][vc_empty_space height=&#8221;20&#8243;]<br \/>\n<strong>Referencia bibliogr\u00e1fica<\/strong><br \/>\nFUNDACI\u00d3N CENTRO PARA LA MEMORIA DE LAS V\u00cdCTIMAS DEL TERRORISMO (2018): \u00abBalance del terrorismo en Espa\u00f1a, 2017\u00bb, <em>Cuadernos del Centro Memorial de las V\u00edctimas del Terrorismo<\/em>, n\u00ba 5.<\/p>\n<p><a class=\"button blue medium \"href=\"http:\/\/www.memorialvt.com\/wp-content\/uploads\/2018\/06\/Cuaderno05.pdf\" target=\"_blank\">Consultar PDF<\/a>[vc_empty_space height=&#8221;10&#8243;]<br \/>\n<strong>Resumen<\/strong><br \/>\nEl quinto n\u00famero de Cuadernos del Centro Memorial de las V\u00edctimas del Terrorismo est\u00e1 dedicado, como cada a\u00f1o, al balance del terrorismo durante el 2017. En esta ocasi\u00f3n se tratan los atentados de Barcelona y Cambrils, as\u00ed como las principales actuaciones policiales contra el terrorismo yihadista. Tambi\u00e9n contiene informaci\u00f3n sobre todo lo concerniente a ETA durante 2017, los GRAPO y la violencia anarco-insurreccional.<br \/>\n[vc_empty_space height=&#8221;10&#8243;]<br \/>\n<strong>Tipo de documento<\/strong><br \/>\nInforme<br \/>\n[vc_empty_space height=&#8221;10&#8243;]<br \/>\n[\/vc_column_text][\/vc_column][\/vc_row]<\/p>\n<\/div>","protected":false},"excerpt":{"rendered":"<p>[vc_row][vc_column width=&#8221;1\/1&#8243;][vc_column_text][vc_empty_space height=&#8221;20&#8243;] Referencia bibliogr\u00e1fica FUNDACI\u00d3N CENTRO PARA LA MEMORIA DE LAS V\u00cdCTIMAS DEL TERRORISMO (2018): \u00abBalance del terrorismo en Espa\u00f1a, 2017\u00bb, Cuadernos del Centro Memorial de las V\u00edctimas del&hellip;<\/p>\n","protected":false},"author":1,"featured_media":0,"parent":0,"menu_order":0,"comment_status":"closed","ping_status":"closed","template":"","meta":{"om_disable_all_campaigns":false,"_monsterinsights_skip_tracking":false,"_monsterinsights_sitenote_active":false,"_monsterinsights_sitenote_note":"","_monsterinsights_sitenote_category":0,"_uf_show_specific_survey":0,"_uf_disable_surveys":false,"_vp_format_video_url":"","_vp_image_focal_point":[],"_vp_custom_popup_image":0,"_vp_format_audio_url":"","_vp_custom_thumbnail":0,"_vp_custom_thumbnail_focal_point":[],"_vp_hover_thumbnail":0,"_vp_hover_thumbnail_focal_point":[],"footnotes":""},"class_list":["post-9184","page","type-page","status-publish","hentry"],"aioseo_notices":[],"_links":{"self":[{"href":"https:\/\/www.arovite.com\/en\/wp-json\/wp\/v2\/pages\/9184","targetHints":{"allow":["GET"]}}],"collection":[{"href":"https:\/\/www.arovite.com\/en\/wp-json\/wp\/v2\/pages"}],"about":[{"href":"https:\/\/www.arovite.com\/en\/wp-json\/wp\/v2\/types\/page"}],"author":[{"embeddable":true,"href":"https:\/\/www.arovite.com\/en\/wp-json\/wp\/v2\/users\/1"}],"replies":[{"embeddable":true,"href":"https:\/\/www.arovite.com\/en\/wp-json\/wp\/v2\/comments?post=9184"}],"version-history":[{"count":0,"href":"https:\/\/www.arovite.com\/en\/wp-json\/wp\/v2\/pages\/9184\/revisions"}],"wp:attachment":[{"href":"https:\/\/www.arovite.com\/en\/wp-json\/wp\/v2\/media?parent=9184"}],"curies":[{"name":"wp","href":"https:\/\/api.w.org\/{rel}","templated":true}]}}