{"id":9169,"date":"2019-01-14T16:59:47","date_gmt":"2019-01-14T16:59:47","guid":{"rendered":"http:\/\/www.arovite.com\/rivera-blanco-antonio-2018\/"},"modified":"2025-10-05T09:29:59","modified_gmt":"2025-10-05T09:29:59","slug":"rivera-blanco-antonio-2018","status":"publish","type":"page","link":"https:\/\/www.arovite.com\/en\/rivera-blanco-antonio-2018\/","title":{"rendered":"RIVERA, Antonio (2018)"},"content":{"rendered":"<div class=\"wpb-content-wrapper\"><p>[vc_row][vc_column width=&#8221;1\/1&#8243;][vc_column_text][vc_empty_space height=&#8221;20&#8243;]<br \/>\n<strong>Referencia bibliogr\u00e1fica<\/strong><br \/>\nRIVERA, Antonio (2018): \u00abUna paz donde no hubo guerra. El final del terrorismo en el Pa\u00eds Vasco\u00bb, <em>V\u00ednculos de Historia<\/em>, n\u00ba 7, pp. 115-131.<\/p>\n<p><a class=\"button blue medium \"href=\"http:\/\/vinculosdehistoria.com\/index.php\/vinculos\/article\/view\/vdh_2018.07.07\/pdf\" target=\"_blank\">Consultar PDF<\/a>[vc_empty_space height=&#8221;10&#8243;]<br \/>\n<strong>Resumen<\/strong><br \/>\nCuando ETA anunci\u00f3 el 20 de octubre de 2011 \u201cel cese definitivo de su actividad armada\u201d terminaban m\u00e1s de cuatro d\u00e9cadas de terrorismo en el Pa\u00eds Vasco y Espa\u00f1a. Lo letal de algunos momentos pudo hacer creer que aquello se trataba de una aut\u00e9ntica guerra, \u201cla guerra del norte\u201d. No fue as\u00ed porque ni hubo dos bandos ni la violencia cobr\u00f3 las dimensiones de una contienda, pero ello no es \u00f3bice para que al final de todo se hable, dependiendo de los sectores, de final y de paz. En ese sentido, el propio debate terminol\u00f3gico remite a antag\u00f3nicas lecturas de lo ocurrido y a contrapuestas propuestas para el futuro del pa\u00eds. El texto aborda cu\u00e1nto y c\u00f3mo hay de final y de paz, y de qu\u00e9 manera se est\u00e1n tratando los momentos postreros de ese conflicto terrorista y la fase ulterior a estos en que nos encontramos.<br \/>\n[vc_empty_space height=&#8221;10&#8243;]<br \/>\n<strong>Abstract<\/strong><br \/>\nOn October 20, 2011, when ETA announced \u201cthe definitive cessation of its armed activity\u201d more than four decades of terrorism in the Basque Country and Spain came to an end. The degree of violence employed on occasions might have given the impression that this was a genuine war, \u201cthe War of the North\u201d. But this was not the case, because neither were there two warring sides nor did the violence assume the dimensions of a war. Nonetheless, this does not prevent some sectors from talk about an end and others about peace. In this sense, the terminological debate itself refers to antagonistic readings of what happened and to opposing proposals for the future of the country. The text analyses why the words end and peace are used, and also talks about how the final moments of the terrorist conflict and the subsequent, current phase are being addressed.<br \/>\n[vc_empty_space height=&#8221;10&#8243;]<br \/>\n<strong>Autor<\/strong><br \/>\nAntonio Rivera Blanco. <a title=\"Dialnet\" href=\"https:\/\/dialnet.unirioja.es\/servlet\/autor?codigo=181403\" target=\"_blank\">P\u00e1gina del autor en Dialnet.<\/a><br \/>\n[vc_empty_space height=&#8221;10&#8243;]<br \/>\n<strong>Tipo de documento<\/strong><br \/>\nArt\u00edculo<br \/>\n[vc_empty_space height=&#8221;10&#8243;]<br \/>\n[\/vc_column_text][\/vc_column][\/vc_row]<\/p>\n<\/div>","protected":false},"excerpt":{"rendered":"<p>[vc_row][vc_column width=&#8221;1\/1&#8243;][vc_column_text][vc_empty_space height=&#8221;20&#8243;] Referencia bibliogr\u00e1fica RIVERA, Antonio (2018): \u00abUna paz donde no hubo guerra. El final del terrorismo en el Pa\u00eds Vasco\u00bb, V\u00ednculos de Historia, n\u00ba 7, pp. 115-131. Consultar&hellip;<\/p>\n","protected":false},"author":1,"featured_media":0,"parent":0,"menu_order":0,"comment_status":"closed","ping_status":"closed","template":"","meta":{"om_disable_all_campaigns":false,"_monsterinsights_skip_tracking":false,"_monsterinsights_sitenote_active":false,"_monsterinsights_sitenote_note":"","_monsterinsights_sitenote_category":0,"_uf_show_specific_survey":0,"_uf_disable_surveys":false,"_vp_format_video_url":"","_vp_image_focal_point":[],"_vp_custom_popup_image":0,"_vp_format_audio_url":"","_vp_custom_thumbnail":0,"_vp_custom_thumbnail_focal_point":[],"_vp_hover_thumbnail":0,"_vp_hover_thumbnail_focal_point":[],"footnotes":""},"class_list":["post-9169","page","type-page","status-publish","hentry"],"aioseo_notices":[],"_links":{"self":[{"href":"https:\/\/www.arovite.com\/en\/wp-json\/wp\/v2\/pages\/9169","targetHints":{"allow":["GET"]}}],"collection":[{"href":"https:\/\/www.arovite.com\/en\/wp-json\/wp\/v2\/pages"}],"about":[{"href":"https:\/\/www.arovite.com\/en\/wp-json\/wp\/v2\/types\/page"}],"author":[{"embeddable":true,"href":"https:\/\/www.arovite.com\/en\/wp-json\/wp\/v2\/users\/1"}],"replies":[{"embeddable":true,"href":"https:\/\/www.arovite.com\/en\/wp-json\/wp\/v2\/comments?post=9169"}],"version-history":[{"count":1,"href":"https:\/\/www.arovite.com\/en\/wp-json\/wp\/v2\/pages\/9169\/revisions"}],"predecessor-version":[{"id":24773,"href":"https:\/\/www.arovite.com\/en\/wp-json\/wp\/v2\/pages\/9169\/revisions\/24773"}],"wp:attachment":[{"href":"https:\/\/www.arovite.com\/en\/wp-json\/wp\/v2\/media?parent=9169"}],"curies":[{"name":"wp","href":"https:\/\/api.w.org\/{rel}","templated":true}]}}