{"id":9157,"date":"2019-01-14T16:55:45","date_gmt":"2019-01-14T16:55:45","guid":{"rendered":"http:\/\/www.arovite.com\/aparicio-victor-2017\/"},"modified":"2019-01-14T18:37:07","modified_gmt":"2019-01-14T18:37:07","slug":"aparicio-victor-2017","status":"publish","type":"page","link":"https:\/\/www.arovite.com\/en\/aparicio-victor-2017\/","title":{"rendered":"APARICIO, V\u00edctor (2017)"},"content":{"rendered":"<div class=\"wpb-content-wrapper\"><p>[vc_row][vc_column width=&#8221;1\/1&#8243;][vc_column_text][vc_empty_space height=&#8221;20&#8243;]<br \/>\n<strong>Referencia bibliogr\u00e1fica<\/strong><br \/>\nAPARICIO, V\u00edctor (2017): \u00abLa violencia pol\u00edtica en la historiograf\u00eda sobre la Transici\u00f3n\u00bb, <em>V\u00ednculos de Historia<\/em>, n\u00ba 6, pp. 328-351.<\/p>\n<p><a class=\"button blue medium \"href=\"http:\/\/vinculosdehistoria.com\/index.php\/vinculos\/article\/view\/vdh.v0i6.282\/pdf\" target=\"_blank\">Consultar PDF<\/a>[vc_empty_space height=&#8221;10&#8243;]<br \/>\n<strong>Resumen<\/strong><br \/>\nEl objetivo de este art\u00edculo es hacer un balance de la forma en que los principales estudios historiogr\u00e1ficos sobre la transici\u00f3n espa\u00f1ola han abordado la cuesti\u00f3n de la violencia pol\u00edtica en dicho proceso hist\u00f3rico. Se suele explicar la transici\u00f3n espa\u00f1ola como un proceso mod\u00e9lico, en gran parte por el car\u00e1cter pac\u00edfico del mismo. Sin embargo, determinados estudios inciden en la importancia de la violencia pol\u00edtica durante la Transici\u00f3n y el impacto que caus\u00f3 en la vida social y pol\u00edtica espa\u00f1olas. Ahondar en las diferencias de interpretaci\u00f3n sobre la violencia pol\u00edtica en los estudios hist\u00f3ricos sobre el tema es lo que tratar\u00e1 de ofrecer el presente escrito.<br \/>\n[vc_empty_space height=&#8221;10&#8243;]<br \/>\n<strong>Abstract<\/strong><br \/>\nThe objective of this article is to assess the way that the main historiographical studies on the Spanish Transition have approached the question of political violence throughout this historical process. The Spanish Transition is usually regarded as an exemplary process, mainly because of its peaceful nature. Nevertheless, a series of studies focus their interest on the relevance of political violence during the Transition and its impact on Spanish social and political life. This paper presents an attempt to delve into the various interpretations of political violence in historical studies on this topic.<br \/>\n[vc_empty_space height=&#8221;10&#8243;]<br \/>\n<strong>Autor<\/strong><br \/>\nV\u00edctor Aparicio Rodr\u00edguez. <a title=\"Dialnet\" href=\"https:\/\/dialnet.unirioja.es\/servlet\/autor?codigo=4280682\" target=\"_blank\">P\u00e1gina del autor en Dialnet.<\/a><br \/>\n[vc_empty_space height=&#8221;10&#8243;]<br \/>\n<strong>Tipo de documento<\/strong><br \/>\nArt\u00edculo<br \/>\n[vc_empty_space height=&#8221;10&#8243;]<br \/>\n[\/vc_column_text][\/vc_column][\/vc_row]<\/p>\n<\/div>","protected":false},"excerpt":{"rendered":"<p>[vc_row][vc_column width=&#8221;1\/1&#8243;][vc_column_text][vc_empty_space height=&#8221;20&#8243;] Referencia bibliogr\u00e1fica APARICIO, V\u00edctor (2017): \u00abLa violencia pol\u00edtica en la historiograf\u00eda sobre la Transici\u00f3n\u00bb, V\u00ednculos de Historia, n\u00ba 6, pp. 328-351. Consultar PDF[vc_empty_space height=&#8221;10&#8243;] Resumen El objetivo&hellip;<\/p>\n","protected":false},"author":1,"featured_media":0,"parent":0,"menu_order":0,"comment_status":"closed","ping_status":"closed","template":"","meta":{"om_disable_all_campaigns":false,"_monsterinsights_skip_tracking":false,"_monsterinsights_sitenote_active":false,"_monsterinsights_sitenote_note":"","_monsterinsights_sitenote_category":0,"_uf_show_specific_survey":0,"_uf_disable_surveys":false,"_vp_format_video_url":"","_vp_image_focal_point":[],"_vp_custom_popup_image":0,"_vp_format_audio_url":"","_vp_custom_thumbnail":0,"_vp_custom_thumbnail_focal_point":[],"_vp_hover_thumbnail":0,"_vp_hover_thumbnail_focal_point":[],"footnotes":""},"class_list":["post-9157","page","type-page","status-publish","hentry"],"aioseo_notices":[],"_links":{"self":[{"href":"https:\/\/www.arovite.com\/en\/wp-json\/wp\/v2\/pages\/9157","targetHints":{"allow":["GET"]}}],"collection":[{"href":"https:\/\/www.arovite.com\/en\/wp-json\/wp\/v2\/pages"}],"about":[{"href":"https:\/\/www.arovite.com\/en\/wp-json\/wp\/v2\/types\/page"}],"author":[{"embeddable":true,"href":"https:\/\/www.arovite.com\/en\/wp-json\/wp\/v2\/users\/1"}],"replies":[{"embeddable":true,"href":"https:\/\/www.arovite.com\/en\/wp-json\/wp\/v2\/comments?post=9157"}],"version-history":[{"count":2,"href":"https:\/\/www.arovite.com\/en\/wp-json\/wp\/v2\/pages\/9157\/revisions"}],"predecessor-version":[{"id":9318,"href":"https:\/\/www.arovite.com\/en\/wp-json\/wp\/v2\/pages\/9157\/revisions\/9318"}],"wp:attachment":[{"href":"https:\/\/www.arovite.com\/en\/wp-json\/wp\/v2\/media?parent=9157"}],"curies":[{"name":"wp","href":"https:\/\/api.w.org\/{rel}","templated":true}]}}