{"id":9149,"date":"2019-01-14T16:53:00","date_gmt":"2019-01-14T16:53:00","guid":{"rendered":"http:\/\/www.arovite.com\/alonso-rogelio-2016\/"},"modified":"2019-01-14T16:53:52","modified_gmt":"2019-01-14T16:53:52","slug":"alonso-rogelio-2016","status":"publish","type":"page","link":"https:\/\/www.arovite.com\/en\/alonso-rogelio-2016\/","title":{"rendered":"ALONSO, Rogelio (2016)"},"content":{"rendered":"<div class=\"wpb-content-wrapper\"><p>[vc_row][vc_column width=&#8221;1\/1&#8243;][vc_column_text][vc_empty_space height=&#8221;20&#8243;]<br \/>\n<strong>Referencia bibliogr\u00e1fica<\/strong><br \/>\nALONSO, Rogelio (2016): \u00ab\u00bfEl final del terrorismo? Los procesos de cese de la violencia en Pa\u00eds Vasco (ETA) e Irlanda del Norte (IRA)\u00bb, <em>Tiempo Devorado. Revista de Historia Actual<\/em>, n\u00ba 1, pp. 5-37.<\/p>\n<p><a class=\"button blue medium \"href=\"https:\/\/revistes.uab.cat\/tdevorado\/article\/view\/v3-n1-alonso\/pdf_37\" target=\"_blank\">Consultar PDF<\/a>[vc_empty_space height=&#8221;10&#8243;]<br \/>\n<strong>Resumen<\/strong><br \/>\nEl art\u00edculo analiza el final de las campa\u00f1as terroristas de ETA y del IRA en dos democracias liberales europeas como Espa\u00f1a y Reino Unido. Con ese fin se examinan las causas y las consecuencias del cese de la violencia por parte de las dos organizaciones terroristas m\u00e1s sanguinarias del continente europeo. Se analizan asimismo los factores relevantes en las decisiones de ambas bandas, entre ellos, la debilidad operativa derivada de la eficacia de las pol\u00edticas antiterroristas aplicadas por las autoridades espa\u00f1olas y brit\u00e1nicas. Tambi\u00e9n se eval\u00faan a lo largo del art\u00edculo las limitaciones de dichas pol\u00edticas, as\u00ed como la impunidad pol\u00edtica, hist\u00f3rica y moral que se ha consolidado en ambos contextos como resultado de los r\u00e9ditos pol\u00edticos obtenidos por los representantes pol\u00edticos de las organizaciones terroristas analizadas.<br \/>\n[vc_empty_space height=&#8221;10&#8243;]<br \/>\n<strong>Abstract<\/strong><br \/>\nThe article analyses the end of the terrorist campaigns carried out by the ETA and the IRA in two European liberal democracies; Spain and the United Kingdom. The causes and consequences of the end to the violence unleashed by the two most vicious terrorist organizations the European continent has known will be examined. The outstanding factors regarding the decisions taken by both groups will be analysed, including the weakening of their operational capacity resulting from the antiterrorist policies put into effect by the Spanish and British authorities. Furthermore, throughout the article, not only will the limitations of the said policies be evaluated, but also the political, historical and moral impunity which was consolidated in both contexts, as a result of the political gains obtained by the political representatives of the terrorist organizations under analysis.<br \/>\n[vc_empty_space height=&#8221;10&#8243;]<br \/>\n<strong>Autor<\/strong><br \/>\nRogelio Alonso. <a title=\"Dialnet\" href=\"https:\/\/dialnet.unirioja.es\/servlet\/autor?codigo=639679\" target=\"_blank\">P\u00e1gina del autor en Dialnet.<\/a><br \/>\n[vc_empty_space height=&#8221;10&#8243;]<br \/>\n<strong>Tipo de documento<\/strong><br \/>\nArt\u00edculo<br \/>\n[vc_empty_space height=&#8221;10&#8243;]<br \/>\n[\/vc_column_text][\/vc_column][\/vc_row]<\/p>\n<\/div>","protected":false},"excerpt":{"rendered":"<p>[vc_row][vc_column width=&#8221;1\/1&#8243;][vc_column_text][vc_empty_space height=&#8221;20&#8243;] Referencia bibliogr\u00e1fica ALONSO, Rogelio (2016): \u00ab\u00bfEl final del terrorismo? Los procesos de cese de la violencia en Pa\u00eds Vasco (ETA) e Irlanda del Norte (IRA)\u00bb, Tiempo Devorado.&hellip;<\/p>\n","protected":false},"author":1,"featured_media":0,"parent":0,"menu_order":0,"comment_status":"closed","ping_status":"closed","template":"","meta":{"om_disable_all_campaigns":false,"_monsterinsights_skip_tracking":false,"_monsterinsights_sitenote_active":false,"_monsterinsights_sitenote_note":"","_monsterinsights_sitenote_category":0,"_uf_show_specific_survey":0,"_uf_disable_surveys":false,"_vp_format_video_url":"","_vp_image_focal_point":[],"_vp_custom_popup_image":0,"_vp_format_audio_url":"","_vp_custom_thumbnail":0,"_vp_custom_thumbnail_focal_point":[],"_vp_hover_thumbnail":0,"_vp_hover_thumbnail_focal_point":[],"footnotes":""},"class_list":["post-9149","page","type-page","status-publish","hentry"],"aioseo_notices":[],"_links":{"self":[{"href":"https:\/\/www.arovite.com\/en\/wp-json\/wp\/v2\/pages\/9149","targetHints":{"allow":["GET"]}}],"collection":[{"href":"https:\/\/www.arovite.com\/en\/wp-json\/wp\/v2\/pages"}],"about":[{"href":"https:\/\/www.arovite.com\/en\/wp-json\/wp\/v2\/types\/page"}],"author":[{"embeddable":true,"href":"https:\/\/www.arovite.com\/en\/wp-json\/wp\/v2\/users\/1"}],"replies":[{"embeddable":true,"href":"https:\/\/www.arovite.com\/en\/wp-json\/wp\/v2\/comments?post=9149"}],"version-history":[{"count":1,"href":"https:\/\/www.arovite.com\/en\/wp-json\/wp\/v2\/pages\/9149\/revisions"}],"predecessor-version":[{"id":9153,"href":"https:\/\/www.arovite.com\/en\/wp-json\/wp\/v2\/pages\/9149\/revisions\/9153"}],"wp:attachment":[{"href":"https:\/\/www.arovite.com\/en\/wp-json\/wp\/v2\/media?parent=9149"}],"curies":[{"name":"wp","href":"https:\/\/api.w.org\/{rel}","templated":true}]}}