{"id":8949,"date":"2018-01-08T19:27:47","date_gmt":"2018-01-08T19:27:47","guid":{"rendered":"http:\/\/www.arovite.com\/lopez-romo-raul-2012-2\/"},"modified":"2018-01-08T19:27:47","modified_gmt":"2018-01-08T19:27:47","slug":"lopez-romo-raul-2012-2","status":"publish","type":"page","link":"https:\/\/www.arovite.com\/en\/lopez-romo-raul-2012-2\/","title":{"rendered":"L\u00d3PEZ ROMO, Ra\u00fal (2012)"},"content":{"rendered":"<div class=\"wpb-content-wrapper\"><p>[vc_row][vc_column width=&#8221;1\/1&#8243;][vc_column_text][vc_empty_space height=&#8221;20&#8243;]<br \/>\n<strong>Referencia bibliogr\u00e1fica<\/strong><br \/>\nL\u00d3PEZ ROMO, Ra\u00fal (2012): <em>Euskadi en duelo. La central nuclear de Lemoiz como s\u00edmbolo de la transici\u00f3n vasca<\/em>, Fundaci\u00f3n 2012.<\/p>\n<p><a class=\"button blue medium \"href=\" http:\/\/www.academia.edu\/6198046\/Euskadi_en_duelo_la_central_nuclear_de_Lem%C3%B3niz_como_s%C3%ADmbolo_de_la_transici%C3%B3n_vasca_Bilbao_Fundaci%C3%B3n_2012_2012_\" target=\"_blank\">Consultar PDF<\/a>[vc_empty_space height=&#8221;10&#8243;]<br \/>\n<strong>Resumen<\/strong><br \/>\nEn este libro se estudia la pol\u00e9mica en torno a Lemoiz como idea clave para comprender algunos de los m\u00e1s destacados ingredientes del pasado reciente de Euskadi: la conflictividad social, el ciclo de violencia pol\u00edtica y el proceso de democratizaci\u00f3n y construcci\u00f3n de la autonom\u00eda vasca. Lemoiz fue mucho m\u00e1s que una controversia ecol\u00f3gica o medioambiental, temas de por s\u00ed importantes, pero que acabaron relegados a un segundo plano. Fue un duelo fundamentalmente pol\u00edtico entre formas distintas de entender Euskadi y entre modos diferentes de participar en los asuntos p\u00fablicos, mediante la fuerza o la palabra. Un duelo que, con sus aciertos y errores, con sus progresos y retrocesos, sirve como met\u00e1fora de la ardua democratizaci\u00f3n vasca.<br \/>\n[vc_empty_space height=&#8221;10&#8243;]<br \/>\n<strong>Autor<\/strong><br \/>\nRa\u00fal L\u00f3pez Romo. <a title=\"Dialnet\" href=\" https:\/\/dialnet.unirioja.es\/servlet\/autor?codigo=2165020\" target=\"_blank\">P\u00e1gina del autor en Dialnet.<\/a><br \/>\n[vc_empty_space height=&#8221;10&#8243;]<br \/>\n<strong>Tipo de documento<\/strong><br \/>\nLibro<br \/>\n[vc_empty_space height=&#8221;10&#8243;]<br \/>\n[\/vc_column_text][\/vc_column][\/vc_row]\u2003<\/p>\n<\/div>","protected":false},"excerpt":{"rendered":"<p>[vc_row][vc_column width=&#8221;1\/1&#8243;][vc_column_text][vc_empty_space height=&#8221;20&#8243;] Referencia bibliogr\u00e1fica L\u00d3PEZ ROMO, Ra\u00fal (2012): Euskadi en duelo. La central nuclear de Lemoiz como s\u00edmbolo de la transici\u00f3n vasca, Fundaci\u00f3n 2012. Consultar PDF[vc_empty_space height=&#8221;10&#8243;] Resumen En&hellip;<\/p>\n","protected":false},"author":1,"featured_media":0,"parent":0,"menu_order":0,"comment_status":"closed","ping_status":"closed","template":"","meta":{"om_disable_all_campaigns":false,"_monsterinsights_skip_tracking":false,"_monsterinsights_sitenote_active":false,"_monsterinsights_sitenote_note":"","_monsterinsights_sitenote_category":0,"_uf_show_specific_survey":0,"_uf_disable_surveys":false,"_vp_format_video_url":"","_vp_image_focal_point":[],"_vp_custom_popup_image":0,"_vp_format_audio_url":"","_vp_custom_thumbnail":0,"_vp_custom_thumbnail_focal_point":[],"_vp_hover_thumbnail":0,"_vp_hover_thumbnail_focal_point":[],"footnotes":""},"class_list":["post-8949","page","type-page","status-publish","hentry"],"aioseo_notices":[],"_links":{"self":[{"href":"https:\/\/www.arovite.com\/en\/wp-json\/wp\/v2\/pages\/8949","targetHints":{"allow":["GET"]}}],"collection":[{"href":"https:\/\/www.arovite.com\/en\/wp-json\/wp\/v2\/pages"}],"about":[{"href":"https:\/\/www.arovite.com\/en\/wp-json\/wp\/v2\/types\/page"}],"author":[{"embeddable":true,"href":"https:\/\/www.arovite.com\/en\/wp-json\/wp\/v2\/users\/1"}],"replies":[{"embeddable":true,"href":"https:\/\/www.arovite.com\/en\/wp-json\/wp\/v2\/comments?post=8949"}],"version-history":[{"count":0,"href":"https:\/\/www.arovite.com\/en\/wp-json\/wp\/v2\/pages\/8949\/revisions"}],"wp:attachment":[{"href":"https:\/\/www.arovite.com\/en\/wp-json\/wp\/v2\/media?parent=8949"}],"curies":[{"name":"wp","href":"https:\/\/api.w.org\/{rel}","templated":true}]}}