{"id":8935,"date":"2018-01-08T19:22:13","date_gmt":"2018-01-08T19:22:13","guid":{"rendered":"http:\/\/www.arovite.com\/lopez-romo-raul-2017\/"},"modified":"2018-01-08T19:22:13","modified_gmt":"2018-01-08T19:22:13","slug":"lopez-romo-raul-2017","status":"publish","type":"page","link":"https:\/\/www.arovite.com\/en\/lopez-romo-raul-2017\/","title":{"rendered":"L\u00d3PEZ ROMO, Ra\u00fal (2017)"},"content":{"rendered":"<div class=\"wpb-content-wrapper\"><p>[vc_row][vc_column width=&#8221;1\/1&#8243;][vc_column_text][vc_empty_space height=&#8221;20&#8243;]<br \/>\n<strong>Referencia bibliogr\u00e1fica<\/strong><br \/>\nL\u00d3PEZ ROMO, Ra\u00fal (2017): \u00abTerrorismo y nacionalizaci\u00f3n en Euskadi: el caso de la margen izquierda\u00bb, <em>Sancho el Sabio<\/em>, n\u00ba 40, pp. 93-122.<\/p>\n<p><a class=\"button blue medium \"href=\" http:\/\/revista.sanchoelsabio.eus\/index.php\/revista\/article\/view\/162\" target=\"_blank\">Consultar PDF<\/a>[vc_empty_space height=&#8221;10&#8243;]<br \/>\n<strong>Resumen<\/strong><br \/>\nEste art\u00edculo analiza la influencia del terrorismo sobre los procesos de nacionalizaci\u00f3n. Se aplica la lente sobre un \u00e1rea concreta del Pa\u00eds Vasco: la comarca de la margen izquierda de la r\u00eda del Nervi\u00f3n. El miedo ha sido un ingrediente fundamental del proceso pol\u00edtico en la Euskadi de las \u00faltimas d\u00e9cadas. El terrorismo (sobre todo el de ETA, por su magnitud) ha sido un factor clave de desnacionalizaci\u00f3n espa\u00f1ola. All\u00ed donde sus enemigos ideol\u00f3gicos constitu\u00edan una alternativa pol\u00edtica y social, ETA se aplic\u00f3 con particular sa\u00f1a para eliminarlos.<br \/>\n[vc_empty_space height=&#8221;10&#8243;]<br \/>\n<strong>Laburpena<\/strong><br \/>\nArtikulu honek terrorismoak nazionalizazio-prozesuetan izan duen eragina aztertzen du. Ikuspegia Euskal Herriko gune jakin batean jartzen da: Nerbioi itsasadarraren ezkerraldeko eskualdea. Beldurra prozesu politikoaren funtsezko osagaia izan da azken hamarkadetako Euskadin. Terrorismoa (batez ere ETArena, bere garrantziarengatik) desnazionalizazio espainiarraren funtsezko faktorea izan da. Bere etsai politikoek alternatiba politiko eta soziala eratzen zuten lekuetan, ETAk amorru bereziz jardun zuen haiek ezabatzeko.<br \/>\n[vc_empty_space height=&#8221;10&#8243;]<br \/>\n<strong>Abstract<\/strong><br \/>\nThis article analyzes the influence of terrorism on nation-building. Our case study deals with the Basque Country and more specifically with the left bank of the Estuary of Bilbao. Fear has been a very important ingredient of the political process in the Basque Country over the last decades. Terrorism (and, most of all, the one of ETA, because of its magnitude) has been a key factor in the so-called Spanish denationalization. There where ETA\u2019s ideological enemies formed a political and social alternative, the organization acted in a particular cruel way to eliminate them.<br \/>\n[vc_empty_space height=&#8221;10&#8243;]<br \/>\n<strong>Autor<\/strong><br \/>\nRa\u00fal L\u00f3pez Romo. <a title=\"Dialnet\" href=\" https:\/\/dialnet.unirioja.es\/servlet\/autor?codigo=2165020\" target=\"_blank\">P\u00e1gina del autor en Dialnet.<\/a><br \/>\n[vc_empty_space height=&#8221;10&#8243;]<br \/>\n<strong>Tipo de documento<\/strong><br \/>\nArt\u00edculo<br \/>\n[vc_empty_space height=&#8221;10&#8243;]<br \/>\n[\/vc_column_text][\/vc_column][\/vc_row]\u2003<\/p>\n<\/div>","protected":false},"excerpt":{"rendered":"<p>[vc_row][vc_column width=&#8221;1\/1&#8243;][vc_column_text][vc_empty_space height=&#8221;20&#8243;] Referencia bibliogr\u00e1fica L\u00d3PEZ ROMO, Ra\u00fal (2017): \u00abTerrorismo y nacionalizaci\u00f3n en Euskadi: el caso de la margen izquierda\u00bb, Sancho el Sabio, n\u00ba 40, pp. 93-122. Consultar PDF[vc_empty_space height=&#8221;10&#8243;]&hellip;<\/p>\n","protected":false},"author":1,"featured_media":0,"parent":0,"menu_order":0,"comment_status":"closed","ping_status":"closed","template":"","meta":{"om_disable_all_campaigns":false,"_monsterinsights_skip_tracking":false,"_monsterinsights_sitenote_active":false,"_monsterinsights_sitenote_note":"","_monsterinsights_sitenote_category":0,"_uf_show_specific_survey":0,"_uf_disable_surveys":false,"_vp_format_video_url":"","_vp_image_focal_point":[],"_vp_custom_popup_image":0,"_vp_format_audio_url":"","_vp_custom_thumbnail":0,"_vp_custom_thumbnail_focal_point":[],"_vp_hover_thumbnail":0,"_vp_hover_thumbnail_focal_point":[],"footnotes":""},"class_list":["post-8935","page","type-page","status-publish","hentry"],"aioseo_notices":[],"_links":{"self":[{"href":"https:\/\/www.arovite.com\/en\/wp-json\/wp\/v2\/pages\/8935","targetHints":{"allow":["GET"]}}],"collection":[{"href":"https:\/\/www.arovite.com\/en\/wp-json\/wp\/v2\/pages"}],"about":[{"href":"https:\/\/www.arovite.com\/en\/wp-json\/wp\/v2\/types\/page"}],"author":[{"embeddable":true,"href":"https:\/\/www.arovite.com\/en\/wp-json\/wp\/v2\/users\/1"}],"replies":[{"embeddable":true,"href":"https:\/\/www.arovite.com\/en\/wp-json\/wp\/v2\/comments?post=8935"}],"version-history":[{"count":0,"href":"https:\/\/www.arovite.com\/en\/wp-json\/wp\/v2\/pages\/8935\/revisions"}],"wp:attachment":[{"href":"https:\/\/www.arovite.com\/en\/wp-json\/wp\/v2\/media?parent=8935"}],"curies":[{"name":"wp","href":"https:\/\/api.w.org\/{rel}","templated":true}]}}