{"id":8927,"date":"2018-01-08T19:13:12","date_gmt":"2018-01-08T19:13:12","guid":{"rendered":"http:\/\/www.arovite.com\/company-alcaniz-mireia-2016\/"},"modified":"2018-01-08T19:20:20","modified_gmt":"2018-01-08T19:20:20","slug":"company-alcaniz-mireia-2016","status":"publish","type":"page","link":"https:\/\/www.arovite.com\/en\/company-alcaniz-mireia-2016\/","title":{"rendered":"COMPANY ALCA\u00d1IZ, Mireia (2016)"},"content":{"rendered":"<div class=\"wpb-content-wrapper\"><p>[vc_row][vc_column width=&#8221;1\/1&#8243;][vc_column_text][vc_empty_space height=&#8221;20&#8243;]<br \/>\n<strong>Referencia bibliogr\u00e1fica<\/strong><br \/>\nCOMPANY ALCA\u00d1IZ, Mireia (2016): \u00abEl estigma de las fuerzas y cuerpos de seguridad v\u00edctimas del terrorismo en su victimizaci\u00f3n\u00bb, <em>e-Eguskilore<\/em>, n\u00ba 1, pp. 1-36.<\/p>\n<p><a class=\"button blue medium \"href=\"http:\/\/www.ehu.eus\/ojs\/index.php\/eguzkilore\/article\/view\/17151\" target=\"_blank\">Consultar PDF<\/a>[vc_empty_space height=&#8221;10&#8243;]<br \/>\n<strong>Resumen<\/strong><br \/>\nEl siguiente art\u00edculo pretende analizar las tres victimizaciones sucesivas, esto es, la primaria, la secundaria y la terciaria, que han padecido un grupo integrado por diez miembros de las Fuerzas y Cuerpos de Seguridad del Estado v\u00edctimas del terrorismo tras haber sido objeto de un atentado terrorista. El periodo estudiado comprende desde el d\u00eda en que se produjo el atentado terrorista hasta la fecha de hoy de cada uno de los participantes. Esta investigaci\u00f3n pone de manifiesto sobre todo la especial incidencia negativa de las consecuencias derivadas de la victimizaci\u00f3n terciaria atravesada por la mayor\u00eda de los participantes en su vida cotidiana, especialmente, la relativa al trato recibido por su propio entorno laboral. Como consecuencia de la sujeci\u00f3n de su conducta a ciertos principios reguladores en el \u00e1mbito laboral junto con la ausencia de la asistencia psicol\u00f3gica necesaria para estos casos, por la falta de previsi\u00f3n en los a\u00f1os en los que se produjo el atentado, ha contribuido a la aparici\u00f3n de comportamientos asociados con la indefensi\u00f3n aprendida que suponen un obst\u00e1culo para iniciar el proceso de su desvictimizaci\u00f3n o, en su caso, su correcta finalizaci\u00f3n, favoreciendo, en consecuencia, su estancamiento en el rol de v\u00edctima.<br \/>\n[vc_empty_space height=&#8221;10&#8243;]<br \/>\n<strong>Autor<\/strong><br \/>\nMireia Company Alca\u00f1iz. <a title=\"Dialnet\" href=\" https:\/\/dialnet.unirioja.es\/servlet\/autor?codigo=3746961\" target=\"_blank\">P\u00e1gina del autor en Dialnet.<\/a><br \/>\n[vc_empty_space height=&#8221;10&#8243;]<br \/>\n<strong>Tipo de documento<\/strong><br \/>\nArt\u00edculo<br \/>\n[vc_empty_space height=&#8221;10&#8243;]<br \/>\n[\/vc_column_text][\/vc_column][\/vc_row]\u2003<\/p>\n<\/div>","protected":false},"excerpt":{"rendered":"<p>[vc_row][vc_column width=&#8221;1\/1&#8243;][vc_column_text][vc_empty_space height=&#8221;20&#8243;] Referencia bibliogr\u00e1fica COMPANY ALCA\u00d1IZ, Mireia (2016): \u00abEl estigma de las fuerzas y cuerpos de seguridad v\u00edctimas del terrorismo en su victimizaci\u00f3n\u00bb, e-Eguskilore, n\u00ba 1, pp. 1-36. Consultar&hellip;<\/p>\n","protected":false},"author":1,"featured_media":0,"parent":0,"menu_order":0,"comment_status":"closed","ping_status":"closed","template":"","meta":{"om_disable_all_campaigns":false,"_monsterinsights_skip_tracking":false,"_monsterinsights_sitenote_active":false,"_monsterinsights_sitenote_note":"","_monsterinsights_sitenote_category":0,"_uf_show_specific_survey":0,"_uf_disable_surveys":false,"_vp_format_video_url":"","_vp_image_focal_point":[],"_vp_custom_popup_image":0,"_vp_format_audio_url":"","_vp_custom_thumbnail":0,"_vp_custom_thumbnail_focal_point":[],"_vp_hover_thumbnail":0,"_vp_hover_thumbnail_focal_point":[],"footnotes":""},"class_list":["post-8927","page","type-page","status-publish","hentry"],"aioseo_notices":[],"_links":{"self":[{"href":"https:\/\/www.arovite.com\/en\/wp-json\/wp\/v2\/pages\/8927","targetHints":{"allow":["GET"]}}],"collection":[{"href":"https:\/\/www.arovite.com\/en\/wp-json\/wp\/v2\/pages"}],"about":[{"href":"https:\/\/www.arovite.com\/en\/wp-json\/wp\/v2\/types\/page"}],"author":[{"embeddable":true,"href":"https:\/\/www.arovite.com\/en\/wp-json\/wp\/v2\/users\/1"}],"replies":[{"embeddable":true,"href":"https:\/\/www.arovite.com\/en\/wp-json\/wp\/v2\/comments?post=8927"}],"version-history":[{"count":1,"href":"https:\/\/www.arovite.com\/en\/wp-json\/wp\/v2\/pages\/8927\/revisions"}],"predecessor-version":[{"id":8931,"href":"https:\/\/www.arovite.com\/en\/wp-json\/wp\/v2\/pages\/8927\/revisions\/8931"}],"wp:attachment":[{"href":"https:\/\/www.arovite.com\/en\/wp-json\/wp\/v2\/media?parent=8927"}],"curies":[{"name":"wp","href":"https:\/\/api.w.org\/{rel}","templated":true}]}}