{"id":8796,"date":"2017-10-24T16:29:08","date_gmt":"2017-10-24T16:29:08","guid":{"rendered":"http:\/\/www.arovite.com\/diaz-bada-teresa-2010\/"},"modified":"2025-10-05T08:40:43","modified_gmt":"2025-10-05T08:40:43","slug":"diaz-bada-teresa-2010","status":"publish","type":"page","link":"https:\/\/www.arovite.com\/en\/diaz-bada-teresa-2010\/","title":{"rendered":"D\u00cdAZ BADA, Teresa (2010)"},"content":{"rendered":"<div class=\"wpb-content-wrapper\"><p>[vc_row][vc_column width=&#8221;1\/1&#8243;][vc_column_text][vc_empty_space height=&#8221;20&#8243;]<br \/>\n<strong>Referencia bibliogr\u00e1fica<\/strong><br \/>\nD\u00cdAZ BADA, Teresa (2010): \u00abAspectos fundamentales en la asistencia y tratamiento a las v\u00edctimas del terrorismo: casos pr\u00e1cticos\u00bb, <em>Asistencia a las V\u00edctimas de Experiencias Traum\u00e1ticas<\/em>, Fundaci\u00f3n Asmoz y UPV\/EHU, pp. 1-18.<\/p>\n<p><a class=\"button blue medium \"href=\"https:\/\/www.arovite.com\/documentos\/2010_D\u00edaz_Bada.pdf\" target=\"_blank\">Consultar PDF<\/a>[vc_empty_space height=&#8221;10&#8243;]<br \/>\n<strong>Resumen<\/strong><br \/>\nEstar amenazado por ejercer determinada profesi\u00f3n (polic\u00eda, militar, concejal, juez\u2026); por haber sufrido atentados o secuestros, o por no pagar las extorsiones econ\u00f3micas que exigen los terroristas, ha creado un estr\u00e9s ambiental continuo y esto ha provocado problemas serios de salud en muchas personas, no solamente en las v\u00edctimas directas de un atentado terrorista. Sin embargo, muchas de estas personas no figuran en las listas oficiales como v\u00edctimas del terrorismo, porque no murieron en atentado terrorista, aunque hayan sido claramente v\u00edctimas indirectas del clima social y pol\u00edtico generado por el terrorismo y hayan visto afectada gravemente su salud f\u00edsica y mental. La v\u00edctima del terrorismo va a ser siempre una v\u00edctima objetivamente, pero ser capaz de integrar en su vida el hecho traum\u00e1tico y seguir viviendo sin que su condici\u00f3n de v\u00edctima empa\u00f1e su vida es el objetivo deseable que toda v\u00edctima deber\u00eda conseguir y que todo tratamiento deber\u00eda ayudar a alcanzar.<br \/>\n[vc_empty_space height=&#8221;10&#8243;]<br \/>\n<strong>Autor<\/strong><br \/>\nTeresa D\u00edaz Bada. <a title=\"Dialnet\" href=\" https:\/\/dialnet.unirioja.es\/servlet\/autor?codigo=3136898\" target=\"_blank\">P\u00e1gina del autor en Dialnet.<\/a><br \/>\n[vc_empty_space height=&#8221;10&#8243;]<br \/>\n<strong>Tipo de documento<\/strong><br \/>\nUnidad did\u00e1ctica<br \/>\n[vc_empty_space height=&#8221;10&#8243;]<br \/>\n[\/vc_column_text][\/vc_column][\/vc_row]<\/p>\n<\/div>","protected":false},"excerpt":{"rendered":"<p>[vc_row][vc_column width=&#8221;1\/1&#8243;][vc_column_text][vc_empty_space height=&#8221;20&#8243;] Referencia bibliogr\u00e1fica D\u00cdAZ BADA, Teresa (2010): \u00abAspectos fundamentales en la asistencia y tratamiento a las v\u00edctimas del terrorismo: casos pr\u00e1cticos\u00bb, Asistencia a las V\u00edctimas de Experiencias Traum\u00e1ticas,&hellip;<\/p>\n","protected":false},"author":1,"featured_media":0,"parent":0,"menu_order":0,"comment_status":"closed","ping_status":"closed","template":"","meta":{"om_disable_all_campaigns":false,"_monsterinsights_skip_tracking":false,"_monsterinsights_sitenote_active":false,"_monsterinsights_sitenote_note":"","_monsterinsights_sitenote_category":0,"_uf_show_specific_survey":0,"_uf_disable_surveys":false,"_vp_format_video_url":"","_vp_image_focal_point":[],"_vp_custom_popup_image":0,"_vp_format_audio_url":"","_vp_custom_thumbnail":0,"_vp_custom_thumbnail_focal_point":[],"_vp_hover_thumbnail":0,"_vp_hover_thumbnail_focal_point":[],"footnotes":""},"class_list":["post-8796","page","type-page","status-publish","hentry"],"aioseo_notices":[],"_links":{"self":[{"href":"https:\/\/www.arovite.com\/en\/wp-json\/wp\/v2\/pages\/8796","targetHints":{"allow":["GET"]}}],"collection":[{"href":"https:\/\/www.arovite.com\/en\/wp-json\/wp\/v2\/pages"}],"about":[{"href":"https:\/\/www.arovite.com\/en\/wp-json\/wp\/v2\/types\/page"}],"author":[{"embeddable":true,"href":"https:\/\/www.arovite.com\/en\/wp-json\/wp\/v2\/users\/1"}],"replies":[{"embeddable":true,"href":"https:\/\/www.arovite.com\/en\/wp-json\/wp\/v2\/comments?post=8796"}],"version-history":[{"count":1,"href":"https:\/\/www.arovite.com\/en\/wp-json\/wp\/v2\/pages\/8796\/revisions"}],"predecessor-version":[{"id":24702,"href":"https:\/\/www.arovite.com\/en\/wp-json\/wp\/v2\/pages\/8796\/revisions\/24702"}],"wp:attachment":[{"href":"https:\/\/www.arovite.com\/en\/wp-json\/wp\/v2\/media?parent=8796"}],"curies":[{"name":"wp","href":"https:\/\/api.w.org\/{rel}","templated":true}]}}