{"id":8563,"date":"2017-06-12T15:44:53","date_gmt":"2017-06-12T15:44:53","guid":{"rendered":"http:\/\/www.arovite.com\/diaz-maroto-isidro-aitor-2017\/"},"modified":"2025-10-05T08:41:44","modified_gmt":"2025-10-05T08:41:44","slug":"diaz-maroto-isidro-aitor-2017","status":"publish","type":"page","link":"https:\/\/www.arovite.com\/en\/diaz-maroto-isidro-aitor-2017\/","title":{"rendered":"D\u00cdAZ MAROTO ISIDRO, Aitor (2017)"},"content":{"rendered":"<div class=\"wpb-content-wrapper\"><p>[vc_row][vc_column width=&#8221;1\/1&#8243;][vc_column_text][vc_empty_space height=&#8221;20&#8243;]<br \/>\n<strong>Referencia bibliogr\u00e1fica<\/strong><br \/>\nD\u00cdAZ MAROTO ISIDRO, Aitor (2017): \u00abPaz sin armas: los procesos de paz vasco y norirland\u00e9s con la vista puesta en Colombia\u00bb, <em>Documentos de Trabajo IELAT<\/em>, n\u00ba 95, pp. 1-41.<\/p>\n<p><a class=\"button blue medium \"href=\"http:\/\/ielat.com\/wp-content\/uploads\/2018\/02\/DT-95_PazSinArmas_Web.pdf\" target=\"_blank\">Consultar PDF<\/a>[vc_empty_space height=&#8221;10&#8243;]<br \/>\n<strong>Resumen<\/strong><br \/>\nEn este Documento de Trabajo nos centraremos en el estudio de tres ejemplos de procesos de paz iniciados tras la finalizaci\u00f3n de la utilizaci\u00f3n de la violencia como herramienta pol\u00edtica. Analizando la evoluci\u00f3n de estos casos (el primero con recorrido hist\u00f3rico, un segundo enquistado y el \u00faltimo que reci\u00e9n empieza) conseguiremos adquirir una serie de conclusiones que nos ayuden a comprender la complejidad de estos procesos causada, principalmente, por lo que viene a denominarse como \u201cguerra de relatos\u201d.<br \/>\n[vc_empty_space height=&#8221;10&#8243;]<br \/>\n<strong>Abstract<\/strong><br \/>\nIn this Paper we will focus on the study of three examples of peace processes initiated after the end of the use of violence as a political tool. Analyzing the evolution of these cases we will acquire a series of conclusions that help us to understand the complexity of these processes caused by the &#8220;guerra de relatos&#8221;.<br \/>\n[vc_empty_space height=&#8221;10&#8243;]<br \/>\n<strong>Autor<\/strong><br \/>\nAitor D\u00edaz-Maroto Isidro. <a title=\"Dialnet\" href=\" https:\/\/dialnet.unirioja.es\/servlet\/autor?codigo=4048545\" target=\"_blank\">P\u00e1gina del autor en Dialnet.<\/a><br \/>\n[vc_empty_space height=&#8221;10&#8243;]<br \/>\n<strong>Tipo de documento<\/strong><br \/>\nArt\u00edculo<br \/>\n[vc_empty_space height=&#8221;10&#8243;]<br \/>\n[\/vc_column_text][\/vc_column][\/vc_row]<\/p>\n<\/div>","protected":false},"excerpt":{"rendered":"<p>[vc_row][vc_column width=&#8221;1\/1&#8243;][vc_column_text][vc_empty_space height=&#8221;20&#8243;] Referencia bibliogr\u00e1fica D\u00cdAZ MAROTO ISIDRO, Aitor (2017): \u00abPaz sin armas: los procesos de paz vasco y norirland\u00e9s con la vista puesta en Colombia\u00bb, Documentos de Trabajo IELAT,&hellip;<\/p>\n","protected":false},"author":1,"featured_media":0,"parent":0,"menu_order":0,"comment_status":"open","ping_status":"open","template":"","meta":{"om_disable_all_campaigns":false,"_monsterinsights_skip_tracking":false,"_monsterinsights_sitenote_active":false,"_monsterinsights_sitenote_note":"","_monsterinsights_sitenote_category":0,"_uf_show_specific_survey":0,"_uf_disable_surveys":false,"_vp_format_video_url":"","_vp_image_focal_point":[],"_vp_custom_popup_image":0,"_vp_format_audio_url":"","_vp_custom_thumbnail":0,"_vp_custom_thumbnail_focal_point":[],"_vp_hover_thumbnail":0,"_vp_hover_thumbnail_focal_point":[],"footnotes":""},"class_list":["post-8563","page","type-page","status-publish","hentry"],"aioseo_notices":[],"_links":{"self":[{"href":"https:\/\/www.arovite.com\/en\/wp-json\/wp\/v2\/pages\/8563","targetHints":{"allow":["GET"]}}],"collection":[{"href":"https:\/\/www.arovite.com\/en\/wp-json\/wp\/v2\/pages"}],"about":[{"href":"https:\/\/www.arovite.com\/en\/wp-json\/wp\/v2\/types\/page"}],"author":[{"embeddable":true,"href":"https:\/\/www.arovite.com\/en\/wp-json\/wp\/v2\/users\/1"}],"replies":[{"embeddable":true,"href":"https:\/\/www.arovite.com\/en\/wp-json\/wp\/v2\/comments?post=8563"}],"version-history":[{"count":1,"href":"https:\/\/www.arovite.com\/en\/wp-json\/wp\/v2\/pages\/8563\/revisions"}],"predecessor-version":[{"id":24704,"href":"https:\/\/www.arovite.com\/en\/wp-json\/wp\/v2\/pages\/8563\/revisions\/24704"}],"wp:attachment":[{"href":"https:\/\/www.arovite.com\/en\/wp-json\/wp\/v2\/media?parent=8563"}],"curies":[{"name":"wp","href":"https:\/\/api.w.org\/{rel}","templated":true}]}}