{"id":8488,"date":"2017-06-12T16:30:03","date_gmt":"2017-06-12T16:30:03","guid":{"rendered":"http:\/\/www.arovite.com\/sordo-estella-luis-miguel-2015\/"},"modified":"2017-06-14T14:34:19","modified_gmt":"2017-06-14T14:34:19","slug":"sordo-estella-luis-miguel-2015","status":"publish","type":"page","link":"https:\/\/www.arovite.com\/en\/sordo-estella-luis-miguel-2015\/","title":{"rendered":"SORDO ESTELLA, Luis Miguel (2015)"},"content":{"rendered":"<div class=\"wpb-content-wrapper\"><p>[vc_row][vc_column width=&#8221;1\/1&#8243;][vc_column_text][vc_empty_space height=&#8221;20&#8243;]<br \/>\n<strong>Referencia bibliogr\u00e1fica<\/strong><br \/>\nSORDO ESTELLA, Luis Miguel (2015): <em>Las negociaciones de los gobiernos democr\u00e1ticos espa\u00f1oles y ETA (1976-2006)<\/em>. Tesis doctoral, Universidad Nacional de Educaci\u00f3n a Distancia.<\/p>\n<p><a class=\"button blue medium \"href=\"http:\/\/e-spacio.uned.es\/fez\/eserv\/tesisuned:IUGM-Lmsordo\/SORDO_ESTELLA_LuisMiguel_Tesis.pdf\" target=\"_blank\">Consultar PDF<\/a>[vc_empty_space height=&#8221;10&#8243;]<br \/>\n<strong>Resumen<\/strong><br \/>\nEsta tesis doctoral analiza la metodolog\u00eda utilizada en las conversaciones\/negociaciones llevadas a cabo por los Gobiernos democr\u00e1ticos espa\u00f1oles y la organizaci\u00f3n terrorista ETA durante el periodo comprendido entre 1976-2006. Durante los \u00faltimos cincuenta a\u00f1os, Espa\u00f1a ha sido uno de los pocos pa\u00edses donde se ha convivido a diario con la violencia terrorista de una organizaci\u00f3n separatista de fuertes ra\u00edces nacionalistas radicales. Esta violencia terrorista expresada de m\u00faltiples formas como son: la extorsi\u00f3n, la amenaza, el secuestro o el asesinato, y que ha dejado hondas secuelas f\u00edsicas, morales y psicol\u00f3gicas a un gran n\u00famero de personas de la sociedad vasca y espa\u00f1ola, no ha dejado de ser una preocupaci\u00f3n constante de todos los Gobiernos democr\u00e1ticos espa\u00f1oles a partir de 1975 (a\u00f1o del fallecimiento del entonces Jefe del Estado espa\u00f1ol, General Franco). En consecuencia, dichos Gobiernos han intentado hacer frente al miedo y al terror de ETA, no s\u00f3lo con medidas judiciales y policiales propias del Estado de Derecho, sino tambi\u00e9n a trav\u00e9s del intento de negociaci\u00f3n con los responsables de dicha organizaci\u00f3n terrorista para el cese de la violencia. En este contexto, la hip\u00f3tesis de investigaci\u00f3n que se plantea es si las diversas teor\u00edas y modelos de t\u00e9cnicas de negociaci\u00f3n y mediaci\u00f3n para la resoluci\u00f3n de conflictos fueron desarrolladas durante las negociaciones mantenidas por los sucesivos Gobiernos democr\u00e1ticos espa\u00f1oles y la organizaci\u00f3n terrorista ETA en el periodo de 1976-2006, de manera que permitieran alcanzar un acuerdo global entre las partes para el cese total de la violencia y la posterior resoluci\u00f3n pac\u00edfica del llamado &#8220;conflicto pol\u00edtico vasco&#8221;.<br \/>\n[vc_empty_space height=&#8221;10&#8243;]<br \/>\n<strong>Autor<\/strong><br \/>\nLuis Miguel Sordo Estella. <a title=\"Dialnet\" href=\"https:\/\/dialnet.unirioja.es\/servlet\/autor?codigo=4107074\" target=\"_blank\">P\u00e1gina del autor en Dialnet.<\/a><br \/>\n[vc_empty_space height=&#8221;10&#8243;]<br \/>\n<strong>Tipo de documento<\/strong><br \/>\nTesis doctoral<br \/>\n[vc_empty_space height=&#8221;10&#8243;]<br \/>\n[\/vc_column_text][\/vc_column][\/vc_row]<\/p>\n<\/div>","protected":false},"excerpt":{"rendered":"<p>[vc_row][vc_column width=&#8221;1\/1&#8243;][vc_column_text][vc_empty_space height=&#8221;20&#8243;] Referencia bibliogr\u00e1fica SORDO ESTELLA, Luis Miguel (2015): Las negociaciones de los gobiernos democr\u00e1ticos espa\u00f1oles y ETA (1976-2006). Tesis doctoral, Universidad Nacional de Educaci\u00f3n a Distancia. Consultar PDF[vc_empty_space&hellip;<\/p>\n","protected":false},"author":1,"featured_media":0,"parent":0,"menu_order":0,"comment_status":"open","ping_status":"open","template":"","meta":{"om_disable_all_campaigns":false,"_monsterinsights_skip_tracking":false,"_monsterinsights_sitenote_active":false,"_monsterinsights_sitenote_note":"","_monsterinsights_sitenote_category":0,"_uf_show_specific_survey":0,"_uf_disable_surveys":false,"_vp_format_video_url":"","_vp_image_focal_point":[],"_vp_custom_popup_image":0,"_vp_format_audio_url":"","_vp_custom_thumbnail":0,"_vp_custom_thumbnail_focal_point":[],"_vp_hover_thumbnail":0,"_vp_hover_thumbnail_focal_point":[],"footnotes":""},"class_list":["post-8488","page","type-page","status-publish","hentry"],"aioseo_notices":[],"_links":{"self":[{"href":"https:\/\/www.arovite.com\/en\/wp-json\/wp\/v2\/pages\/8488","targetHints":{"allow":["GET"]}}],"collection":[{"href":"https:\/\/www.arovite.com\/en\/wp-json\/wp\/v2\/pages"}],"about":[{"href":"https:\/\/www.arovite.com\/en\/wp-json\/wp\/v2\/types\/page"}],"author":[{"embeddable":true,"href":"https:\/\/www.arovite.com\/en\/wp-json\/wp\/v2\/users\/1"}],"replies":[{"embeddable":true,"href":"https:\/\/www.arovite.com\/en\/wp-json\/wp\/v2\/comments?post=8488"}],"version-history":[{"count":2,"href":"https:\/\/www.arovite.com\/en\/wp-json\/wp\/v2\/pages\/8488\/revisions"}],"predecessor-version":[{"id":8559,"href":"https:\/\/www.arovite.com\/en\/wp-json\/wp\/v2\/pages\/8488\/revisions\/8559"}],"wp:attachment":[{"href":"https:\/\/www.arovite.com\/en\/wp-json\/wp\/v2\/media?parent=8488"}],"curies":[{"name":"wp","href":"https:\/\/api.w.org\/{rel}","templated":true}]}}