{"id":8483,"date":"2017-06-12T16:28:53","date_gmt":"2017-06-12T16:28:53","guid":{"rendered":"http:\/\/www.arovite.com\/rivera-antonio-2016\/"},"modified":"2017-06-14T14:37:14","modified_gmt":"2017-06-14T14:37:14","slug":"rivera-antonio-2016","status":"publish","type":"page","link":"https:\/\/www.arovite.com\/en\/rivera-antonio-2016\/","title":{"rendered":"RIVERA, Antonio (2016)"},"content":{"rendered":"<div class=\"wpb-content-wrapper\"><p>[vc_row][vc_column width=&#8221;1\/1&#8243;][vc_column_text][vc_empty_space height=&#8221;20&#8243;]<br \/>\n<strong>Referencia bibliogr\u00e1fica<\/strong><br \/>\nRIVERA, Antonio (2016): \u00abViolencia vasca: Una memoria sin historia\u00bb, <em>Libre Pensamiento<\/em>, n\u00ba88, pp.70-77.<\/p>\n<p><a class=\"button blue medium \"href=\"http:\/\/www.arovite.com\/documentos\/2016_Rivera.pdf\" target=\"_blank\">Consultar PDF<\/a>[vc_empty_space height=&#8221;10&#8243;]<br \/>\n<strong>Resumen<\/strong><br \/>\nLa idea de que el Pa\u00eds Vasco fue especialmente castigado por la dictadura franquista es una imagen popularizada en los a\u00f1os 60 y 70, a partir de la represi\u00f3n desatada en ese momento. Sin embargo, las cifras reales de la guerra civil y del primer franquismo matizar\u00edan ese supuesto. Memoria e historia se relacionan tambi\u00e9n en este caso de manera singular y buscando objetivos diferentes.<br \/>\n[vc_empty_space height=&#8221;10&#8243;]<br \/>\n<strong>Autor<\/strong><br \/>\nAntonio Rivera. <a title=\"Dialnet\" href=\"https:\/\/dialnet.unirioja.es\/servlet\/autor?codigo=4180305\" target=\"_blank\">P\u00e1gina del autor en Dialnet.<\/a><br \/>\n[vc_empty_space height=&#8221;10&#8243;]<br \/>\n<strong>Tipo de documento<\/strong><br \/>\nArt\u00edculo<br \/>\n[vc_empty_space height=&#8221;10&#8243;]<br \/>\n<a title=\"Dialnet\" href=\"https:\/\/www.academia.edu\/30927976\/Violencia_vasca._Una_memoria_sin_historia.pdf\" target=\"_blank\"><strong>Enlace alternativo<\/strong><\/a><br \/>\n[vc_empty_space height=&#8221;10&#8243;]<br \/>\n[\/vc_column_text][\/vc_column][\/vc_row]<\/p>\n<\/div>","protected":false},"excerpt":{"rendered":"<p>[vc_row][vc_column width=&#8221;1\/1&#8243;][vc_column_text][vc_empty_space height=&#8221;20&#8243;] Referencia bibliogr\u00e1fica RIVERA, Antonio (2016): \u00abViolencia vasca: Una memoria sin historia\u00bb, Libre Pensamiento, n\u00ba88, pp.70-77. Consultar PDF[vc_empty_space height=&#8221;10&#8243;] Resumen La idea de que el Pa\u00eds Vasco fue&hellip;<\/p>\n","protected":false},"author":1,"featured_media":0,"parent":0,"menu_order":0,"comment_status":"open","ping_status":"open","template":"","meta":{"om_disable_all_campaigns":false,"_monsterinsights_skip_tracking":false,"_monsterinsights_sitenote_active":false,"_monsterinsights_sitenote_note":"","_monsterinsights_sitenote_category":0,"_uf_show_specific_survey":0,"_uf_disable_surveys":false,"_vp_format_video_url":"","_vp_image_focal_point":[],"_vp_custom_popup_image":0,"_vp_format_audio_url":"","_vp_custom_thumbnail":0,"_vp_custom_thumbnail_focal_point":[],"_vp_hover_thumbnail":0,"_vp_hover_thumbnail_focal_point":[],"footnotes":""},"class_list":["post-8483","page","type-page","status-publish","hentry"],"aioseo_notices":[],"_links":{"self":[{"href":"https:\/\/www.arovite.com\/en\/wp-json\/wp\/v2\/pages\/8483","targetHints":{"allow":["GET"]}}],"collection":[{"href":"https:\/\/www.arovite.com\/en\/wp-json\/wp\/v2\/pages"}],"about":[{"href":"https:\/\/www.arovite.com\/en\/wp-json\/wp\/v2\/types\/page"}],"author":[{"embeddable":true,"href":"https:\/\/www.arovite.com\/en\/wp-json\/wp\/v2\/users\/1"}],"replies":[{"embeddable":true,"href":"https:\/\/www.arovite.com\/en\/wp-json\/wp\/v2\/comments?post=8483"}],"version-history":[{"count":1,"href":"https:\/\/www.arovite.com\/en\/wp-json\/wp\/v2\/pages\/8483\/revisions"}],"predecessor-version":[{"id":8567,"href":"https:\/\/www.arovite.com\/en\/wp-json\/wp\/v2\/pages\/8483\/revisions\/8567"}],"wp:attachment":[{"href":"https:\/\/www.arovite.com\/en\/wp-json\/wp\/v2\/media?parent=8483"}],"curies":[{"name":"wp","href":"https:\/\/api.w.org\/{rel}","templated":true}]}}