{"id":8479,"date":"2017-06-12T16:27:20","date_gmt":"2017-06-12T16:27:20","guid":{"rendered":"http:\/\/www.arovite.com\/ovejero-lucas-felix-2017\/"},"modified":"2017-06-14T14:38:36","modified_gmt":"2017-06-14T14:38:36","slug":"ovejero-lucas-felix-2017","status":"publish","type":"page","link":"https:\/\/www.arovite.com\/en\/ovejero-lucas-felix-2017\/","title":{"rendered":"OVEJERO LUCAS, F\u00e9lix (2017)"},"content":{"rendered":"<div class=\"wpb-content-wrapper\"><p>[vc_row][vc_column width=&#8221;1\/1&#8243;][vc_column_text][vc_empty_space height=&#8221;20&#8243;]<br \/>\n<strong>Referencia bibliogr\u00e1fica<\/strong><br \/>\nOVEJERO LUCAS, F\u00e9lix (2017): \u00abPa\u00eds Vasco: por qu\u00e9 respirar sigue resultando dif\u00edcil\u00bb, <em>Revista de Libros<\/em>.<\/p>\n<p><a class=\"button blue medium \"href=\"http:\/\/www.revistadelibros.com\/discusion\/pais-vasco-por-que-respirar-sigue-resultando-dificil\" target=\"_blank\">Consultar PDF<\/a>[vc_empty_space height=&#8221;10&#8243;]<br \/>\n<strong>Resumen<\/strong><br \/>\nEste art\u00edculo es una rese\u00f1a a la obra de Edurne Portela, <em>Los ecos de los disparos. Cultura y memoria de la violencia<\/em> (Barcelona: Galaxia Gutemberg, 2016).<br \/>\n[vc_empty_space height=&#8221;10&#8243;]<br \/>\n<strong>Autor<\/strong><br \/>\nF\u00e9lix Ovejero Lucas. <a title=\"Dialnet\" href=\"https:\/\/dialnet.unirioja.es\/servlet\/autor?codigo=146752\" target=\"_blank\">P\u00e1gina del autor en Dialnet.<\/a><br \/>\n[vc_empty_space height=&#8221;10&#8243;]<br \/>\n<strong>Tipo de documento<\/strong><br \/>\nArt\u00edculo<br \/>\n[vc_empty_space height=&#8221;10&#8243;]<br \/>\n[\/vc_column_text][\/vc_column][\/vc_row]<\/p>\n<\/div>","protected":false},"excerpt":{"rendered":"<p>[vc_row][vc_column width=&#8221;1\/1&#8243;][vc_column_text][vc_empty_space height=&#8221;20&#8243;] Referencia bibliogr\u00e1fica OVEJERO LUCAS, F\u00e9lix (2017): \u00abPa\u00eds Vasco: por qu\u00e9 respirar sigue resultando dif\u00edcil\u00bb, Revista de Libros. Consultar PDF[vc_empty_space height=&#8221;10&#8243;] Resumen Este art\u00edculo es una rese\u00f1a a&hellip;<\/p>\n","protected":false},"author":1,"featured_media":0,"parent":0,"menu_order":0,"comment_status":"open","ping_status":"open","template":"","meta":{"om_disable_all_campaigns":false,"_monsterinsights_skip_tracking":false,"_monsterinsights_sitenote_active":false,"_monsterinsights_sitenote_note":"","_monsterinsights_sitenote_category":0,"_uf_show_specific_survey":0,"_uf_disable_surveys":false,"_vp_format_video_url":"","_vp_image_focal_point":[],"_vp_custom_popup_image":0,"_vp_format_audio_url":"","_vp_custom_thumbnail":0,"_vp_custom_thumbnail_focal_point":[],"_vp_hover_thumbnail":0,"_vp_hover_thumbnail_focal_point":[],"footnotes":""},"class_list":["post-8479","page","type-page","status-publish","hentry"],"aioseo_notices":[],"_links":{"self":[{"href":"https:\/\/www.arovite.com\/en\/wp-json\/wp\/v2\/pages\/8479","targetHints":{"allow":["GET"]}}],"collection":[{"href":"https:\/\/www.arovite.com\/en\/wp-json\/wp\/v2\/pages"}],"about":[{"href":"https:\/\/www.arovite.com\/en\/wp-json\/wp\/v2\/types\/page"}],"author":[{"embeddable":true,"href":"https:\/\/www.arovite.com\/en\/wp-json\/wp\/v2\/users\/1"}],"replies":[{"embeddable":true,"href":"https:\/\/www.arovite.com\/en\/wp-json\/wp\/v2\/comments?post=8479"}],"version-history":[{"count":1,"href":"https:\/\/www.arovite.com\/en\/wp-json\/wp\/v2\/pages\/8479\/revisions"}],"predecessor-version":[{"id":8570,"href":"https:\/\/www.arovite.com\/en\/wp-json\/wp\/v2\/pages\/8479\/revisions\/8570"}],"wp:attachment":[{"href":"https:\/\/www.arovite.com\/en\/wp-json\/wp\/v2\/media?parent=8479"}],"curies":[{"name":"wp","href":"https:\/\/api.w.org\/{rel}","templated":true}]}}