{"id":8406,"date":"2017-06-12T15:47:37","date_gmt":"2017-06-12T15:47:37","guid":{"rendered":"http:\/\/www.arovite.com\/estornes-zubizarreta-idoia-2016\/"},"modified":"2023-06-07T10:20:26","modified_gmt":"2023-06-07T10:20:26","slug":"estornes-zubizarreta-idoia-2016","status":"publish","type":"page","link":"https:\/\/www.arovite.com\/en\/estornes-zubizarreta-idoia-2016\/","title":{"rendered":"ESTORN\u00c9S ZUBIZARRETA, Idoia (2016)"},"content":{"rendered":"<div class=\"wpb-content-wrapper\"><p>[vc_row][vc_column width=&#8221;1\/1&#8243;][vc_column_text][vc_empty_space height=&#8221;20&#8243;]<br \/>\n<strong>Referencia bibliogr\u00e1fica<\/strong><br \/>\nESTORN\u00c9S ZUBIZARRETA, Idoia (2016): \u00abLa militancia vasca anti-franquista en la selva de los mitos\u00bb, en GONZ\u00c1LEZ, Cecilia y SARR\u00cdA BUL, Ar\u00e1nzazu (eds.): <em>Militancias radicales. Narrar los sesenta y setenta desde el siglo XXI.<\/em> Madrid: Postmetropolis editorial, pp. 39-59.<\/p>\n<p><a class=\"button blue medium \" href=\"http:\/\/www.arovite.com\/documentos\/2016_Estornes.pdf\" target=\"_blank\" rel=\"noopener\">Consultar PDF<\/a>[vc_empty_space height=&#8221;10&#8243;]<br \/>\n<strong>Resumen<\/strong><br \/>\nEn la Espa\u00f1a de posguerra hubo vencedores que se sintieron culpables y emigraron a la oposici\u00f3n; vencidos que se acomodaron, antes o despu\u00e9s, a alg\u00fan confort posible. Hubo de todo seg\u00fan etapas, oportunidad, caracteres. Y una gran masa objetivamente franquista, por defecto. Solo el militante escapaba a estas contingencias porque tuvo su verdad, un pu\u00f1ado de valores incontrovertibles y otro de mitos. Sin tradici\u00f3n universitaria, el militante vasco anti-franquista hered\u00f3 su parte del acervo m\u00edtico mencionado. El nacionalista \u2013el m\u00e1s interpelado debido a la existencia de eta\u2013, cont\u00f3 con un repertorio del que destacar\u00eda cuatro mitos naciog\u00e9nicos generados en tiempos anteriores: el del indigenismo igualitario y matriarcal, el de la independencia originaria, el del nacionalismo como \u201cpueblo en marcha\u201d y el m\u00e1s presente hoy, el de la inextinguible pugna Espa\u00f1a em&gt;versus Euskadi encarnado en la \u00faltima guerra civil.<br \/>\n[vc_empty_space height=&#8221;10&#8243;]<br \/>\n<strong>Autor<\/strong><br \/>\nIdoia Estorn\u00e9s Zubizarreta. <a title=\"Dialnet\" href=\"https:\/\/dialnet.unirioja.es\/servlet\/autor?codigo=15544\" target=\"_blank\" rel=\"noopener\">P\u00e1gina del autor en Dialnet.<\/a><br \/>\n[vc_empty_space height=&#8221;10&#8243;]<br \/>\n<strong>Tipo de documento<\/strong><br \/>\nCap\u00edtulo de libro<br \/>\n[vc_empty_space height=&#8221;10&#8243;]<br \/>\n[\/vc_column_text][\/vc_column][\/vc_row]<\/p>\n<\/div>","protected":false},"excerpt":{"rendered":"<p>[vc_row][vc_column width=&#8221;1\/1&#8243;][vc_column_text][vc_empty_space height=&#8221;20&#8243;] Referencia bibliogr\u00e1fica ESTORN\u00c9S ZUBIZARRETA, Idoia (2016): \u00abLa militancia vasca anti-franquista en la selva de los mitos\u00bb, en GONZ\u00c1LEZ, Cecilia y SARR\u00cdA BUL, Ar\u00e1nzazu (eds.): Militancias radicales. Narrar&hellip;<\/p>\n","protected":false},"author":1,"featured_media":0,"parent":0,"menu_order":0,"comment_status":"open","ping_status":"open","template":"","meta":{"om_disable_all_campaigns":false,"_monsterinsights_skip_tracking":false,"_monsterinsights_sitenote_active":false,"_monsterinsights_sitenote_note":"","_monsterinsights_sitenote_category":0,"_uf_show_specific_survey":0,"_uf_disable_surveys":false,"_vp_format_video_url":"","_vp_image_focal_point":[],"_vp_custom_popup_image":0,"_vp_format_audio_url":"","_vp_custom_thumbnail":0,"_vp_custom_thumbnail_focal_point":[],"_vp_hover_thumbnail":0,"_vp_hover_thumbnail_focal_point":[],"footnotes":""},"class_list":["post-8406","page","type-page","status-publish","hentry"],"aioseo_notices":[],"_links":{"self":[{"href":"https:\/\/www.arovite.com\/en\/wp-json\/wp\/v2\/pages\/8406","targetHints":{"allow":["GET"]}}],"collection":[{"href":"https:\/\/www.arovite.com\/en\/wp-json\/wp\/v2\/pages"}],"about":[{"href":"https:\/\/www.arovite.com\/en\/wp-json\/wp\/v2\/types\/page"}],"author":[{"embeddable":true,"href":"https:\/\/www.arovite.com\/en\/wp-json\/wp\/v2\/users\/1"}],"replies":[{"embeddable":true,"href":"https:\/\/www.arovite.com\/en\/wp-json\/wp\/v2\/comments?post=8406"}],"version-history":[{"count":1,"href":"https:\/\/www.arovite.com\/en\/wp-json\/wp\/v2\/pages\/8406\/revisions"}],"predecessor-version":[{"id":17761,"href":"https:\/\/www.arovite.com\/en\/wp-json\/wp\/v2\/pages\/8406\/revisions\/17761"}],"wp:attachment":[{"href":"https:\/\/www.arovite.com\/en\/wp-json\/wp\/v2\/media?parent=8406"}],"curies":[{"name":"wp","href":"https:\/\/api.w.org\/{rel}","templated":true}]}}