{"id":8384,"date":"2017-06-12T15:39:04","date_gmt":"2017-06-12T15:39:04","guid":{"rendered":"http:\/\/www.arovite.com\/baby-shopie-2016\/"},"modified":"2017-06-14T14:31:02","modified_gmt":"2017-06-14T14:31:02","slug":"baby-shopie-2016","status":"publish","type":"page","link":"https:\/\/www.arovite.com\/en\/baby-shopie-2016\/","title":{"rendered":"BABY, Shopie (2016)"},"content":{"rendered":"<div class=\"wpb-content-wrapper\"><p>[vc_row][vc_column width=&#8221;1\/1&#8243;][vc_column_text][vc_empty_space height=&#8221;20&#8243;]<br \/>\n<strong>Referencia bibliogr\u00e1fica<\/strong><br \/>\nBABY, Shopie (2016): \u00abLes victimes oubli\u00e9es de la transition espagnole\u00bb, <em>Histoire@Politique<\/em>, n\u00b0 29, pp. 1-17.<\/p>\n<p><a class=\"button blue medium \"href=\"https:\/\/www.cairn.info\/revue-histoire-politique-2016-2-page-88.htm\" target=\"_blank\">Consultar PDF<\/a>[vc_empty_space height=&#8221;10&#8243;]<br \/>\n<strong>R\u00e9sum\u00e9<\/strong><br \/>\nCet article s\u2019efforcera de d\u00e9montrer dans un premier temps que les victimes de la transition ont p\u00e2ti de leur grande h\u00e9t\u00e9rog\u00e9n\u00e9it\u00e9, elles qui, incapables de constituer un collectif efficace, sont \u00e9cartel\u00e9es entre plusieurs causes victimaires, celles du terrorisme, du franquisme et du conflit basque. Elles portent en elles, comme nous l\u2019analyserons dans un second temps, un brouillage des perceptions victimaires embl\u00e9matique des situations o\u00f9 les conflits se sont superpos\u00e9s les uns aux autres. L\u00e0, les \u00e9vidences acquises perdent pied et viennent se heurter \u00e0 une tension fondamentale et non r\u00e9solue, celle qui se noue entre historicit\u00e9 et morale, entre prise en compte des temporalit\u00e9s du r\u00e9el et universalisation de la condition victimaire. La d\u00e9monstration suivie ici repose sur une analyse conjointe des textes juridiques replac\u00e9s dans le double contexte socio-politique de leur adoption et de leurs effets, ainsi que sur des documents produits par les associations de victimes, notamment par le biais de leurs sites web.<br \/>\n[vc_empty_space height=&#8221;10&#8243;]<br \/>\n<strong>Autor<\/strong><br \/>\nSophie Baby. <a title=\"Dialnet\" href=\"https:\/\/dialnet.unirioja.es\/servlet\/autor?codigo=1204131\" target=\"_blank\">P\u00e1gina del autor en Dialnet.<\/a><br \/>\n[vc_empty_space height=&#8221;10&#8243;]<br \/>\n<strong>Tipo de documento<\/strong><br \/>\nArt\u00edculo<br \/>\n[vc_empty_space height=&#8221;10&#8243;]<br \/>\n<a title=\"Dialnet\" href=\"https:\/\/www.academia.edu\/28615472\/Les_victimes_oubli%C3%A9es_de_la_transition_espagnole\" target=\"_blank\"><strong>Enlace alternativo<\/strong><\/a><br \/>\n[vc_empty_space height=&#8221;10&#8243;]<br \/>\n[\/vc_column_text][\/vc_column][\/vc_row]<\/p>\n<\/div>","protected":false},"excerpt":{"rendered":"<p>[vc_row][vc_column width=&#8221;1\/1&#8243;][vc_column_text][vc_empty_space height=&#8221;20&#8243;] Referencia bibliogr\u00e1fica BABY, Shopie (2016): \u00abLes victimes oubli\u00e9es de la transition espagnole\u00bb, Histoire@Politique, n\u00b0 29, pp. 1-17. Consultar PDF[vc_empty_space height=&#8221;10&#8243;] R\u00e9sum\u00e9 Cet article s\u2019efforcera de d\u00e9montrer dans&hellip;<\/p>\n","protected":false},"author":1,"featured_media":0,"parent":0,"menu_order":0,"comment_status":"open","ping_status":"open","template":"","meta":{"om_disable_all_campaigns":false,"_monsterinsights_skip_tracking":false,"_monsterinsights_sitenote_active":false,"_monsterinsights_sitenote_note":"","_monsterinsights_sitenote_category":0,"_uf_show_specific_survey":0,"_uf_disable_surveys":false,"_vp_format_video_url":"","_vp_image_focal_point":[],"_vp_custom_popup_image":0,"_vp_format_audio_url":"","_vp_custom_thumbnail":0,"_vp_custom_thumbnail_focal_point":[],"_vp_hover_thumbnail":0,"_vp_hover_thumbnail_focal_point":[],"footnotes":""},"class_list":["post-8384","page","type-page","status-publish","hentry"],"aioseo_notices":[],"_links":{"self":[{"href":"https:\/\/www.arovite.com\/en\/wp-json\/wp\/v2\/pages\/8384","targetHints":{"allow":["GET"]}}],"collection":[{"href":"https:\/\/www.arovite.com\/en\/wp-json\/wp\/v2\/pages"}],"about":[{"href":"https:\/\/www.arovite.com\/en\/wp-json\/wp\/v2\/types\/page"}],"author":[{"embeddable":true,"href":"https:\/\/www.arovite.com\/en\/wp-json\/wp\/v2\/users\/1"}],"replies":[{"embeddable":true,"href":"https:\/\/www.arovite.com\/en\/wp-json\/wp\/v2\/comments?post=8384"}],"version-history":[{"count":2,"href":"https:\/\/www.arovite.com\/en\/wp-json\/wp\/v2\/pages\/8384\/revisions"}],"predecessor-version":[{"id":8548,"href":"https:\/\/www.arovite.com\/en\/wp-json\/wp\/v2\/pages\/8384\/revisions\/8548"}],"wp:attachment":[{"href":"https:\/\/www.arovite.com\/en\/wp-json\/wp\/v2\/media?parent=8384"}],"curies":[{"name":"wp","href":"https:\/\/api.w.org\/{rel}","templated":true}]}}