{"id":8376,"date":"2017-06-12T15:36:01","date_gmt":"2017-06-12T15:36:01","guid":{"rendered":"http:\/\/www.arovite.com\/arteta-aurelio-2013\/"},"modified":"2017-06-14T14:28:42","modified_gmt":"2017-06-14T14:28:42","slug":"arteta-aurelio-2013","status":"publish","type":"page","link":"https:\/\/www.arovite.com\/en\/arteta-aurelio-2013\/","title":{"rendered":"ARTETA, Aurelio (2013)"},"content":{"rendered":"<div class=\"wpb-content-wrapper\"><p>[vc_row][vc_column width=&#8221;1\/1&#8243;][vc_column_text][vc_empty_space height=&#8221;20&#8243;]<br \/>\n<strong>Referencia bibliogr\u00e1fica<\/strong><br \/>\nARTETA, Aurelio (2013): \u00abV\u00edctimas de una moral pervertida\u00bb, <em>Jornada El final de la violencia y el discurso de las v\u00edctimas<\/em>, Zaragoza: Fundaci\u00f3n Manuel Gim\u00e9nez Abad de Estudios Parlamentarios y del Estado Auton\u00f3mico.<\/p>\n<p><a class=\"button blue medium \"href=\"https:\/\/dialnet.unirioja.es\/servlet\/articulo?codigo=5729682\" target=\"_blank\">Consultar PDF<\/a>[vc_empty_space height=&#8221;10&#8243;]<br \/>\n<strong>Resumen<\/strong><br \/>\nEl final de ETA comenzar\u00e1 a acercarse con la desaparici\u00f3n de la extendida creencia en sus ideas nucleares. No bastar\u00e1 su desarme, mientras la banda y la poblaci\u00f3n que a\u00fan la sostiene no acepten tambi\u00e9n desarmarse de sus prejuicios m\u00e1s falsos y peligrosos. Y mientras el resto de la sociedad vasca y sus principales instituciones no entablen asimismo debates abiertos sobre esas creencias que alimentan al nacionalismo terrorista y al moderado; o sea, mientras no cuestionen sus premisas te\u00f3ricas y sus presuntos derechos. Al contrario, ETA habr\u00eda vencido, si no militarmente s\u00ed ideol\u00f3gicamente, a trav\u00e9s de la infecci\u00f3n de buena parte de la sociedad vasca y espa\u00f1ola. Y los primeras damnificados ser\u00edan las propias v\u00edctimas de ese terrorismo.<br \/>\n[vc_empty_space height=&#8221;10&#8243;]<br \/>\n<strong>Autor<\/strong><br \/>\nAurelio Arteta. <a title=\"Dialnet\" href=\"https:\/\/dialnet.unirioja.es\/servlet\/autor?codigo=67330\" target=\"_blank\">P\u00e1gina del autor en Dialnet.<\/a><br \/>\n[vc_empty_space height=&#8221;10&#8243;]<br \/>\n<strong>Tipo de documento<\/strong><br \/>\nConferencia<br \/>\n[vc_empty_space height=&#8221;10&#8243;]<br \/>\n[\/vc_column_text][\/vc_column][\/vc_row]<\/p>\n<\/div>","protected":false},"excerpt":{"rendered":"<p>[vc_row][vc_column width=&#8221;1\/1&#8243;][vc_column_text][vc_empty_space height=&#8221;20&#8243;] Referencia bibliogr\u00e1fica ARTETA, Aurelio (2013): \u00abV\u00edctimas de una moral pervertida\u00bb, Jornada El final de la violencia y el discurso de las v\u00edctimas, Zaragoza: Fundaci\u00f3n Manuel Gim\u00e9nez Abad&hellip;<\/p>\n","protected":false},"author":1,"featured_media":0,"parent":0,"menu_order":0,"comment_status":"open","ping_status":"open","template":"","meta":{"om_disable_all_campaigns":false,"_monsterinsights_skip_tracking":false,"_monsterinsights_sitenote_active":false,"_monsterinsights_sitenote_note":"","_monsterinsights_sitenote_category":0,"_uf_show_specific_survey":0,"_uf_disable_surveys":false,"_vp_format_video_url":"","_vp_image_focal_point":[],"_vp_custom_popup_image":0,"_vp_format_audio_url":"","_vp_custom_thumbnail":0,"_vp_custom_thumbnail_focal_point":[],"_vp_hover_thumbnail":0,"_vp_hover_thumbnail_focal_point":[],"footnotes":""},"class_list":["post-8376","page","type-page","status-publish","hentry"],"aioseo_notices":[],"_links":{"self":[{"href":"https:\/\/www.arovite.com\/en\/wp-json\/wp\/v2\/pages\/8376","targetHints":{"allow":["GET"]}}],"collection":[{"href":"https:\/\/www.arovite.com\/en\/wp-json\/wp\/v2\/pages"}],"about":[{"href":"https:\/\/www.arovite.com\/en\/wp-json\/wp\/v2\/types\/page"}],"author":[{"embeddable":true,"href":"https:\/\/www.arovite.com\/en\/wp-json\/wp\/v2\/users\/1"}],"replies":[{"embeddable":true,"href":"https:\/\/www.arovite.com\/en\/wp-json\/wp\/v2\/comments?post=8376"}],"version-history":[{"count":1,"href":"https:\/\/www.arovite.com\/en\/wp-json\/wp\/v2\/pages\/8376\/revisions"}],"predecessor-version":[{"id":8540,"href":"https:\/\/www.arovite.com\/en\/wp-json\/wp\/v2\/pages\/8376\/revisions\/8540"}],"wp:attachment":[{"href":"https:\/\/www.arovite.com\/en\/wp-json\/wp\/v2\/media?parent=8376"}],"curies":[{"name":"wp","href":"https:\/\/api.w.org\/{rel}","templated":true}]}}