{"id":8372,"date":"2017-06-12T15:34:28","date_gmt":"2017-06-12T15:34:28","guid":{"rendered":"http:\/\/www.arovite.com\/arteta-aurelio-2010\/"},"modified":"2023-06-07T10:22:08","modified_gmt":"2023-06-07T10:22:08","slug":"arteta-aurelio-2010","status":"publish","type":"page","link":"https:\/\/www.arovite.com\/en\/arteta-aurelio-2010\/","title":{"rendered":"ARTETA, Aurelio (2010)"},"content":{"rendered":"<div class=\"wpb-content-wrapper\"><p>[vc_row][vc_column width=&#8221;1\/1&#8243;][vc_column_text][vc_empty_space height=&#8221;20&#8243;]<br \/>\n<strong>Referencia bibliogr\u00e1fica<\/strong><br \/>\nARTETA, Aurelio (2010): \u00abNo s\u00f3lo debe acabar ETA\u00bb, <em>IV Jornadas Internacionales sobre Terrorismo. Los finales del Terrorismo: lecciones desde la perspectiva comparada.<\/em> Zaragoza: Fundaci\u00f3n Manuel Gim\u00e9nez Abad de Estudios Parlamentarios y del Estado Auton\u00f3mico, pp. 1-12.<\/p>\n<p><a class=\"button blue medium \" href=\"https:\/\/dialnet.unirioja.es\/servlet\/articulo?codigo=5735653\" target=\"_blank\" rel=\"noopener\">Consultar PDF<\/a>[vc_empty_space height=&#8221;10&#8243;]<br \/>\n<strong>Resumen<\/strong><br \/>\nSe nos pregunta cu\u00e1l ser\u00e1 el final de ETA y, naturalmente, uno s\u00f3lo puede hablar de <em>c\u00f3mo deber\u00eda ser<\/em> a su juicio ese final seg\u00fan criterios de justicia. Al parecer, ese final no es inminente y hoy (16 de noviembre de 2010) ni siquiera sabemos que haya fundamentos suficientes para tan esperado acontecimiento. Y semejante retraso no s\u00f3lo es bueno para que los partidos constitucionalistas se vayan fortaleciendo en sus exigencias, sino sobre todo para que la ciudadan\u00eda vaya tambi\u00e9n adquiriendo conciencia de las responsabilidades que tambi\u00e9n a ella le tocan. Quiero decir, para que todos vayamos pensando en cosas como las que aqu\u00ed se apuntar\u00e1n. E incluso para preparar un final m\u00e1s deseable que el ahora mismo previsible y hacernos presentes con vistas a encaminar ese proceso.<br \/>\n[vc_empty_space height=&#8221;10&#8243;]<br \/>\n<strong>Autor<\/strong><br \/>\nAurelio Arteta. <a title=\"Dialnet\" href=\"https:\/\/dialnet.unirioja.es\/servlet\/autor?codigo=67330\" target=\"_blank\" rel=\"noopener\">P\u00e1gina del autor en Dialnet.<\/a><br \/>\n[vc_empty_space height=&#8221;10&#8243;]<br \/>\n<strong>Tipo de documento<\/strong><br \/>\nConferencia<br \/>\n[vc_empty_space height=&#8221;10&#8243;]<br \/>\n[\/vc_column_text][\/vc_column][\/vc_row]<\/p>\n<\/div>","protected":false},"excerpt":{"rendered":"<p>[vc_row][vc_column width=&#8221;1\/1&#8243;][vc_column_text][vc_empty_space height=&#8221;20&#8243;] Referencia bibliogr\u00e1fica ARTETA, Aurelio (2010): \u00abNo s\u00f3lo debe acabar ETA\u00bb, IV Jornadas Internacionales sobre Terrorismo. Los finales del Terrorismo: lecciones desde la perspectiva comparada. Zaragoza: Fundaci\u00f3n Manuel&hellip;<\/p>\n","protected":false},"author":1,"featured_media":0,"parent":0,"menu_order":0,"comment_status":"open","ping_status":"open","template":"","meta":{"om_disable_all_campaigns":false,"_monsterinsights_skip_tracking":false,"_monsterinsights_sitenote_active":false,"_monsterinsights_sitenote_note":"","_monsterinsights_sitenote_category":0,"_uf_show_specific_survey":0,"_uf_disable_surveys":false,"_vp_format_video_url":"","_vp_image_focal_point":[],"_vp_custom_popup_image":0,"_vp_format_audio_url":"","_vp_custom_thumbnail":0,"_vp_custom_thumbnail_focal_point":[],"_vp_hover_thumbnail":0,"_vp_hover_thumbnail_focal_point":[],"footnotes":""},"class_list":["post-8372","page","type-page","status-publish","hentry"],"aioseo_notices":[],"_links":{"self":[{"href":"https:\/\/www.arovite.com\/en\/wp-json\/wp\/v2\/pages\/8372","targetHints":{"allow":["GET"]}}],"collection":[{"href":"https:\/\/www.arovite.com\/en\/wp-json\/wp\/v2\/pages"}],"about":[{"href":"https:\/\/www.arovite.com\/en\/wp-json\/wp\/v2\/types\/page"}],"author":[{"embeddable":true,"href":"https:\/\/www.arovite.com\/en\/wp-json\/wp\/v2\/users\/1"}],"replies":[{"embeddable":true,"href":"https:\/\/www.arovite.com\/en\/wp-json\/wp\/v2\/comments?post=8372"}],"version-history":[{"count":2,"href":"https:\/\/www.arovite.com\/en\/wp-json\/wp\/v2\/pages\/8372\/revisions"}],"predecessor-version":[{"id":17769,"href":"https:\/\/www.arovite.com\/en\/wp-json\/wp\/v2\/pages\/8372\/revisions\/17769"}],"wp:attachment":[{"href":"https:\/\/www.arovite.com\/en\/wp-json\/wp\/v2\/media?parent=8372"}],"curies":[{"name":"wp","href":"https:\/\/api.w.org\/{rel}","templated":true}]}}