{"id":8351,"date":"2017-06-12T15:24:40","date_gmt":"2017-06-12T15:24:40","guid":{"rendered":"http:\/\/www.arovite.com\/?page_id=8351\/"},"modified":"2017-06-14T14:01:45","modified_gmt":"2017-06-14T14:01:45","slug":"aizpuru-mikel-2016","status":"publish","type":"page","link":"https:\/\/www.arovite.com\/en\/aizpuru-mikel-2016\/","title":{"rendered":"AIZPURU, Mikel (2016)"},"content":{"rendered":"<div class=\"wpb-content-wrapper\"><p>[vc_row][vc_column width=&#8221;1\/1&#8243;][vc_column_text][vc_empty_space height=&#8221;20&#8243;]<br \/>\n<strong>Referencia bibliogr\u00e1fica<\/strong><br \/>\nAIZPURU, Mikel (2016): \u00ab\u00bfEl primer informe policial sobre ETA? Los archivos franquistas como fuente para la investigaci\u00f3n hist\u00f3rica\u00bb, <em>Sancho el Sabio<\/em>, n\u00ba 39, pp. 223-251.<\/p>\n<p><a class=\"button blue medium \" href=\"http:\/\/www.memoriadigitalvasca.es\/bitstream\/10357\/47386\/1\/Mikel%20Aizpuru.pdf\" target=\"_blank\" rel=\"noopener noreferrer\">Consultar PDF<\/a>[vc_empty_space height=&#8221;10&#8243;]<br \/>\n<strong>Resumen<\/strong><br \/>\nLos documentos policiales no han estado a disposici\u00f3n de los investigadores por una pol\u00edtica archiv\u00edstica que impide consultar expedientes que tengan una antig\u00fcedad inferior a los cincuenta a\u00f1os. Una de las fuentes que est\u00e1 empezando a estar disponible es el Bolet\u00edn de Informaci\u00f3n de la Brigada Pol\u00edtico-Social. En este art\u00edculo se reflexiona sobre la validez de esta fuente para el conocimiento hist\u00f3rico y se adjunta parte de un bolet\u00edn del a\u00f1o 1961. Es probablemente la primera vez que la polic\u00eda espa\u00f1ola menciona a ETA.<br \/>\n[vc_empty_space height=&#8221;10&#8243;]<br \/>\n<strong>Laburpena<\/strong><br \/>\nBerrogeita hamar urte baino gutxiagoko espedienteak kontsultatzea galarazten duen artxibo-politikaren ondorioz, ikertzaileek ez dituzte eskuragarri eduki polizia-dokumentuak. Eskuragarri jartzen hasi diren iturrietako bat Brigada Politiko Sozialaren Informazio Buletina da. Artikulu honetan, iturri horrek jakintza historikorako duen balioari buruzko gogoeta egiten da, eta 1961eko buletin baten zati bat dago erantsita. Baliteke Espainiako poliziak ETA aipatu zuen lehen aldia izatea.<br \/>\n[vc_empty_space height=&#8221;10&#8243;]<br \/>\n<strong>Abstract<\/strong><br \/>\nPolice documents have not been available to researchers due to an archivist policy that prevents the consultation of files that are less than fifty years old. One of the sources that is beginning to become available is the Information Bulletin of the Political-Social Brigade. This article reflects on the validity of this source for historical knowledge and part of a bulletin from 1961 is attached. It is probably the first time the Spanish police mentions ETA<br \/>\n[vc_empty_space height=&#8221;10&#8243;]<br \/>\n<strong>Autor<\/strong><br \/>\nMikel Aizpuru. <a title=\"Dialnet\" href=\"https:\/\/dialnet.unirioja.es\/servlet\/autor?codigo=15768\" target=\"_blank\" rel=\"noopener noreferrer\">P\u00e1gina del autor en Dialnet.<\/a><br \/>\n[vc_empty_space height=&#8221;10&#8243;]<br \/>\n<strong>Tipo de documento<\/strong><br \/>\nArt\u00edculo<br \/>\n[vc_empty_space height=&#8221;10&#8243;]<br \/>\n<a title=\"Dialnet\" href=\"https:\/\/dialnet.unirioja.es\/servlet\/articulo?codigo=5748527\" target=\"_blank\"><strong>Enlace alternativo<\/strong><\/a><br \/>\n[vc_empty_space height=&#8221;10&#8243;]<br \/>\n[\/vc_column_text][\/vc_column][\/vc_row]<\/p>\n<\/div>","protected":false},"excerpt":{"rendered":"<p>[vc_row][vc_column width=&#8221;1\/1&#8243;][vc_column_text][vc_empty_space height=&#8221;20&#8243;] Referencia bibliogr\u00e1fica AIZPURU, Mikel (2016): \u00ab\u00bfEl primer informe policial sobre ETA? Los archivos franquistas como fuente para la investigaci\u00f3n hist\u00f3rica\u00bb, Sancho el Sabio, n\u00ba 39, pp. 223-251.&hellip;<\/p>\n","protected":false},"author":1,"featured_media":0,"parent":0,"menu_order":0,"comment_status":"open","ping_status":"open","template":"","meta":{"om_disable_all_campaigns":false,"_monsterinsights_skip_tracking":false,"_monsterinsights_sitenote_active":false,"_monsterinsights_sitenote_note":"","_monsterinsights_sitenote_category":0,"_uf_show_specific_survey":0,"_uf_disable_surveys":false,"_vp_format_video_url":"","_vp_image_focal_point":[],"_vp_custom_popup_image":0,"_vp_format_audio_url":"","_vp_custom_thumbnail":0,"_vp_custom_thumbnail_focal_point":[],"_vp_hover_thumbnail":0,"_vp_hover_thumbnail_focal_point":[],"footnotes":""},"class_list":["post-8351","page","type-page","status-publish","hentry"],"aioseo_notices":[],"_links":{"self":[{"href":"https:\/\/www.arovite.com\/en\/wp-json\/wp\/v2\/pages\/8351","targetHints":{"allow":["GET"]}}],"collection":[{"href":"https:\/\/www.arovite.com\/en\/wp-json\/wp\/v2\/pages"}],"about":[{"href":"https:\/\/www.arovite.com\/en\/wp-json\/wp\/v2\/types\/page"}],"author":[{"embeddable":true,"href":"https:\/\/www.arovite.com\/en\/wp-json\/wp\/v2\/users\/1"}],"replies":[{"embeddable":true,"href":"https:\/\/www.arovite.com\/en\/wp-json\/wp\/v2\/comments?post=8351"}],"version-history":[{"count":3,"href":"https:\/\/www.arovite.com\/en\/wp-json\/wp\/v2\/pages\/8351\/revisions"}],"predecessor-version":[{"id":8507,"href":"https:\/\/www.arovite.com\/en\/wp-json\/wp\/v2\/pages\/8351\/revisions\/8507"}],"wp:attachment":[{"href":"https:\/\/www.arovite.com\/en\/wp-json\/wp\/v2\/media?parent=8351"}],"curies":[{"name":"wp","href":"https:\/\/api.w.org\/{rel}","templated":true}]}}