{"id":8001,"date":"2017-02-16T15:41:55","date_gmt":"2017-02-16T15:41:55","guid":{"rendered":"http:\/\/www.arovite.com\/nortzuk-gara\/"},"modified":"2017-02-16T15:44:22","modified_gmt":"2017-02-16T15:44:22","slug":"who-we-are","status":"publish","type":"page","link":"https:\/\/www.arovite.com\/en\/who-we-are\/","title":{"rendered":"Who we are"},"content":{"rendered":"<div class=\"wpb-content-wrapper\"><p>[vc_row][vc_column][vc_empty_space height=&#8221;50px&#8221;][\/vc_column][\/vc_row][vc_row][vc_column width=&#8221;2\/3&#8243;][vc_column_text css_animation=&#8221;left-to-right&#8221;]<\/p>\n<h3>AROVITE. Digital Archive of Terrorist Violence in the Basque Country<\/h3>\n<h5>AROVITE is a source of reference for research on terrorism in the Basque Country committed by the different ramifications of ETA, the GAL, the extreme right or the Autonomous Anti-Capitalist Commandos.<\/h5>\n<h5>AROVITE has two functions. On one hand, it manages information now scattered across the Internet. In this area, the section of external links is very useful, as it gives access to the most important online resources: archives, libraries, research groups, websites of associations of victims of terrorism, international references, etc. On the other hand, AROVITE is a content repository. Here, our bibliographic search engine and our reading suggestions stand out. We have also published several graphs, a timeline of terrorism in the Basque Country, a list of films that deal with this particular issue, etc.<\/h5>\n<h5>AROVITE is an initiative of the Institute of Social History Valent\u00edn de Foronda, of the University of the Basque Country, an institution with a remarkable research trajectory in the field of Modern History of the Basque Country. AROVITE is a result of one of the fields of research of the Institute: politics of memory and victims of political violence in the Basque Country, 1936-2011.<\/h5>\n<p>[\/vc_column_text][\/vc_column][vc_column width=&#8221;1\/3&#8243;][vc_single_image image=&#8221;1019&#8243; img_size=&#8221;full&#8221; alignment=&#8221;right&#8221; css_animation=&#8221;right-to-left&#8221;][\/vc_column][\/vc_row][vc_row][vc_column][vc_empty_space height=&#8221;50px&#8221;][\/vc_column][\/vc_row][vc_row][vc_column][vc_column_text][testimonial img=&#8221;http:\/\/arovite.com\/wp-content\/uploads\/2014\/02\/reinares.jpg&#8221; name=&#8221;Fernando Reinares&#8221; subtitle=&#8221;1989&#8243;]&#8221;El terrorismo puede ser definido, en perspectiva sociol\u00f3gica, como una forma de acci\u00f3n colectiva caracterizada por el recurso sistem\u00e1tico y tendencialmente exclusivo a la violencia armada, ya sea potencial o efectiva, con la intenci\u00f3n de afectar la distribuci\u00f3n del poder mediante atentados cuyo impacto psicol\u00f3gico y simb\u00f3lico supera al derivado de los da\u00f1os personales y materiales que provocan. Se trata de un fen\u00f3meno surgido en su configuraci\u00f3n actual a finales de los a\u00f1os sesenta, preferentemente en el contexto de las sociedades industrializadas y protagonizado por organizaciones clandestinas de dimensiones reducidas e ideol\u00f3gicamente inspiradas&#8221;.[\/testimonial][\/vc_column_text][\/vc_column][\/vc_row][vc_row][vc_column][vc_empty_space height=&#8221;50px&#8221;][\/vc_column][\/vc_row]<\/p>\n<\/div>","protected":false},"excerpt":{"rendered":"<p>[vc_row][vc_column][vc_empty_space height=&#8221;50px&#8221;][\/vc_column][\/vc_row][vc_row][vc_column width=&#8221;2\/3&#8243;][vc_column_text css_animation=&#8221;left-to-right&#8221;] AROVITE. Digital Archive of Terrorist Violence in the Basque Country AROVITE is a source of reference for research on terrorism in the Basque Country committed by&hellip;<\/p>\n","protected":false},"author":1,"featured_media":0,"parent":0,"menu_order":0,"comment_status":"closed","ping_status":"closed","template":"","meta":{"om_disable_all_campaigns":false,"_monsterinsights_skip_tracking":false,"_monsterinsights_sitenote_active":false,"_monsterinsights_sitenote_note":"","_monsterinsights_sitenote_category":0,"_uf_show_specific_survey":0,"_uf_disable_surveys":false,"_vp_format_video_url":"","_vp_image_focal_point":[],"_vp_custom_popup_image":0,"_vp_format_audio_url":"","_vp_custom_thumbnail":0,"_vp_custom_thumbnail_focal_point":[],"_vp_hover_thumbnail":0,"_vp_hover_thumbnail_focal_point":[],"footnotes":""},"class_list":["post-8001","page","type-page","status-publish","hentry"],"aioseo_notices":[],"_links":{"self":[{"href":"https:\/\/www.arovite.com\/en\/wp-json\/wp\/v2\/pages\/8001","targetHints":{"allow":["GET"]}}],"collection":[{"href":"https:\/\/www.arovite.com\/en\/wp-json\/wp\/v2\/pages"}],"about":[{"href":"https:\/\/www.arovite.com\/en\/wp-json\/wp\/v2\/types\/page"}],"author":[{"embeddable":true,"href":"https:\/\/www.arovite.com\/en\/wp-json\/wp\/v2\/users\/1"}],"replies":[{"embeddable":true,"href":"https:\/\/www.arovite.com\/en\/wp-json\/wp\/v2\/comments?post=8001"}],"version-history":[{"count":1,"href":"https:\/\/www.arovite.com\/en\/wp-json\/wp\/v2\/pages\/8001\/revisions"}],"predecessor-version":[{"id":8003,"href":"https:\/\/www.arovite.com\/en\/wp-json\/wp\/v2\/pages\/8001\/revisions\/8003"}],"wp:attachment":[{"href":"https:\/\/www.arovite.com\/en\/wp-json\/wp\/v2\/media?parent=8001"}],"curies":[{"name":"wp","href":"https:\/\/api.w.org\/{rel}","templated":true}]}}