{"id":6882,"date":"2016-09-20T10:41:25","date_gmt":"2016-09-20T10:41:25","guid":{"rendered":"http:\/\/www.arovite.com\/en\/?page_id=6882"},"modified":"2025-06-15T11:01:29","modified_gmt":"2025-06-15T11:01:29","slug":"right-to-the-cinema","status":"publish","type":"page","link":"https:\/\/www.arovite.com\/en\/collection-of-bakeaz\/right-to-the-cinema\/","title":{"rendered":"Right to the Cinema"},"content":{"rendered":"<div class=\"wpb-content-wrapper\"><p>[vc_row][vc_column][vc_column_text]Right to the Cinema is a collection of monographic books that offers educators a pedagogical proposal which harnesses the appeal and potential of cinema for values-based education. Each title in the collection addresses different topics, all of them related to human rights. It is one of the projects of the Bakeaz School of Peace.[\/vc_column_text][vc_empty_space height=&#8221;20px&#8221;]\n<div class=\"vp-portfolio vp-uid-68db85fc vp-id-23943  \"\n\tdata-vp-layout=\"grid\" data-vp-content-source=\"post-based\" data-vp-items-style=\"default\" data-vp-items-click-action=\"url\" data-vp-items-gap=\"30\" data-vp-items-gap-vertical=\"\" data-vp-pagination=\"load-more\" data-vp-next-page-url=\"\" data-vp-grid-columns=\"3\" data-vp-grid-images-aspect-ratio=\"4:4\" data-vp-grid-items-vertical-align=\"top\" >\n\t<div class=\"vp-portfolio__preloader-wrap\">\n\t\t<div class=\"vp-portfolio__preloader\">\n\t\t\t<img decoding=\"async\" loading=\"eager\" src=\"https:\/\/www.arovite.com\/wp-content\/plugins\/visual-portfolio-pro\/core-plugin\/assets\/images\/logo-dark.svg\" alt=\"Visual Portfolio, Posts &amp; Image Gallery for WordPress\" width=\"20\" height=\"20\" data-skip-lazy>\n\t\t<\/div>\n\t<\/div>\n\t\t<div class=\"vp-portfolio__items-wrap\">\n\t\t\t\n<div class=\"vp-portfolio__items vp-portfolio__items-style-default vp-portfolio__items-show-overlay-hover\">\n\n\t\t<article\t\tclass=\"vp-portfolio__item-wrap post-7077 portfolio type-portfolio status-publish format-standard has-post-thumbnail hentry portfolio_category-bakeaz portfolio_category-right-to-the-cinema vp-portfolio__item-uid-0a2e2b0b\" data-vp-filter=\"bakeaz,right-to-the-cinema\" \t\t>\n\t\t\t\t\t\t\t\t\t<figure class=\"vp-portfolio__item\">\n\t\t\t\t\n<div class=\"vp-portfolio__item-img-wrap\">\n\t<div class=\"vp-portfolio__item-img\">\n\t\t\t<a\n\t\thref=\"https:\/\/www.arovite.com\/en\/portfolio\/right-to-the-cinema\/derechos-al-cine-propuesta-metodologica\/\"\n\t\t\t>\n\t\n\t\t<noscript><img loading=\"lazy\" decoding=\"async\" width=\"1500\" height=\"1000\" data-skip-lazy src=\"https:\/\/www.arovite.com\/wp-content\/uploads\/2016\/11\/DC01_cast-1.jpg\" class=\"wp-image-22776\" alt=\"\" srcset=\"https:\/\/www.arovite.com\/wp-content\/uploads\/2016\/11\/DC01_cast-1.jpg 1500w, https:\/\/www.arovite.com\/wp-content\/uploads\/2016\/11\/DC01_cast-1-300x200.jpg 300w, https:\/\/www.arovite.com\/wp-content\/uploads\/2016\/11\/DC01_cast-1-1024x683.jpg 1024w, https:\/\/www.arovite.com\/wp-content\/uploads\/2016\/11\/DC01_cast-1-768x512.jpg 768w, https:\/\/www.arovite.com\/wp-content\/uploads\/2016\/11\/DC01_cast-1-500x333.jpg 500w, https:\/\/www.arovite.com\/wp-content\/uploads\/2016\/11\/DC01_cast-1-800x533.jpg 800w, https:\/\/www.arovite.com\/wp-content\/uploads\/2016\/11\/DC01_cast-1-1280x853.jpg 1280w, https:\/\/www.arovite.com\/wp-content\/uploads\/2016\/11\/DC01_cast-1-100x68.jpg 100w, https:\/\/www.arovite.com\/wp-content\/uploads\/2016\/11\/DC01_cast-1-450x300.jpg 450w\" sizes=\"auto, (max-width: 1500px) 100vw, 1500px\" \/><\/noscript><img fetchpriority=\"high\" decoding=\"async\" width=\"1500\" height=\"1000\" src=\"https:\/\/www.arovite.com\/wp-content\/uploads\/2016\/11\/DC01_cast-1.jpg\" class=\"wp-image-22776 vp-lazyload\" alt srcset=\"data:image\/svg+xml;base64,PHN2ZyB3aWR0aD0iMTUwMCIgaGVpZ2h0PSIxMDAwIiB2aWV3Qm94PSIwIDAgMTUwMCAxMDAwIiBmaWxsPSJub25lIiB4bWxucz0iaHR0cDovL3d3dy53My5vcmcvMjAwMC9zdmciPjwvc3ZnPg==\" data-src=\"https:\/\/www.arovite.com\/wp-content\/uploads\/2016\/11\/DC01_cast-1.jpg\" data-srcset=\"https:\/\/www.arovite.com\/wp-content\/uploads\/2016\/11\/DC01_cast-1.jpg 1500w, https:\/\/www.arovite.com\/wp-content\/uploads\/2016\/11\/DC01_cast-1-300x200.jpg 300w, https:\/\/www.arovite.com\/wp-content\/uploads\/2016\/11\/DC01_cast-1-1024x683.jpg 1024w, https:\/\/www.arovite.com\/wp-content\/uploads\/2016\/11\/DC01_cast-1-768x512.jpg 768w, https:\/\/www.arovite.com\/wp-content\/uploads\/2016\/11\/DC01_cast-1-500x333.jpg 500w, https:\/\/www.arovite.com\/wp-content\/uploads\/2016\/11\/DC01_cast-1-800x533.jpg 800w, https:\/\/www.arovite.com\/wp-content\/uploads\/2016\/11\/DC01_cast-1-1280x853.jpg 1280w, https:\/\/www.arovite.com\/wp-content\/uploads\/2016\/11\/DC01_cast-1-100x68.jpg 100w, https:\/\/www.arovite.com\/wp-content\/uploads\/2016\/11\/DC01_cast-1-450x300.jpg 450w\" data-sizes=\"auto\" loading=\"eager\">\n\t\t<div class=\"vp-portfolio__item-overlay\">\n\t\t\t\t\t<\/div>\n\n\t\t<\/a>\t<\/div>\n<\/div>\n\n\t<figcaption class=\"vp-portfolio__item-caption vp-portfolio__item-caption-text-align-center\">\n\t\t<div class=\"vp-portfolio__item-meta\">\n\t\t\t\n<h2 class=\"vp-portfolio__item-meta-title\">\n\t\t<a\n\t\thref=\"https:\/\/www.arovite.com\/en\/portfolio\/right-to-the-cinema\/derechos-al-cine-propuesta-metodologica\/\"\n\t\t\t>\n\tDerechos al cine: propuesta metodol\u00f3gica<\/a><\/h2>\n\n<div class=\"vp-portfolio__item-meta-excerpt\">\n\t<div>\n\t\tRicardo Arana, M\u00aa \u00c1ngeles Echevarr\u00eda y Hern\u00e1n Echevarr\u00eda\t<\/div>\n<\/div>\n\t\t<\/div>\n\t<\/figcaption>\n\t\t\t<\/figure>\n\t\t\t\t\t<\/article>\n\t\t\n\t\t<article\t\tclass=\"vp-portfolio__item-wrap post-7080 portfolio type-portfolio status-publish format-standard has-post-thumbnail hentry portfolio_category-bakeaz portfolio_category-right-to-the-cinema vp-portfolio__item-uid-13d2a267\" data-vp-filter=\"bakeaz,right-to-the-cinema\" \t\t>\n\t\t\t\t\t\t\t\t\t<figure class=\"vp-portfolio__item\">\n\t\t\t\t\n<div class=\"vp-portfolio__item-img-wrap\">\n\t<div class=\"vp-portfolio__item-img\">\n\t\t\t<a\n\t\thref=\"https:\/\/www.arovite.com\/en\/portfolio\/right-to-the-cinema\/la-inmigracion-en-clave-de-comedia\/\"\n\t\t\t>\n\t\n\t\t<noscript><img loading=\"lazy\" decoding=\"async\" width=\"1500\" height=\"1000\" data-skip-lazy src=\"https:\/\/www.arovite.com\/wp-content\/uploads\/2016\/11\/DC02_cast-1.jpg\" class=\"wp-image-22779\" alt=\"\" srcset=\"https:\/\/www.arovite.com\/wp-content\/uploads\/2016\/11\/DC02_cast-1.jpg 1500w, https:\/\/www.arovite.com\/wp-content\/uploads\/2016\/11\/DC02_cast-1-300x200.jpg 300w, https:\/\/www.arovite.com\/wp-content\/uploads\/2016\/11\/DC02_cast-1-1024x683.jpg 1024w, https:\/\/www.arovite.com\/wp-content\/uploads\/2016\/11\/DC02_cast-1-768x512.jpg 768w, https:\/\/www.arovite.com\/wp-content\/uploads\/2016\/11\/DC02_cast-1-500x333.jpg 500w, https:\/\/www.arovite.com\/wp-content\/uploads\/2016\/11\/DC02_cast-1-800x533.jpg 800w, https:\/\/www.arovite.com\/wp-content\/uploads\/2016\/11\/DC02_cast-1-1280x853.jpg 1280w, https:\/\/www.arovite.com\/wp-content\/uploads\/2016\/11\/DC02_cast-1-100x68.jpg 100w, https:\/\/www.arovite.com\/wp-content\/uploads\/2016\/11\/DC02_cast-1-450x300.jpg 450w\" sizes=\"auto, (max-width: 1500px) 100vw, 1500px\" \/><\/noscript><img decoding=\"async\" width=\"1500\" height=\"1000\" src=\"https:\/\/www.arovite.com\/wp-content\/uploads\/2016\/11\/DC02_cast-1.jpg\" class=\"wp-image-22779 vp-lazyload\" alt srcset=\"data:image\/svg+xml;base64,PHN2ZyB3aWR0aD0iMTUwMCIgaGVpZ2h0PSIxMDAwIiB2aWV3Qm94PSIwIDAgMTUwMCAxMDAwIiBmaWxsPSJub25lIiB4bWxucz0iaHR0cDovL3d3dy53My5vcmcvMjAwMC9zdmciPjwvc3ZnPg==\" data-src=\"https:\/\/www.arovite.com\/wp-content\/uploads\/2016\/11\/DC02_cast-1.jpg\" data-srcset=\"https:\/\/www.arovite.com\/wp-content\/uploads\/2016\/11\/DC02_cast-1.jpg 1500w, https:\/\/www.arovite.com\/wp-content\/uploads\/2016\/11\/DC02_cast-1-300x200.jpg 300w, https:\/\/www.arovite.com\/wp-content\/uploads\/2016\/11\/DC02_cast-1-1024x683.jpg 1024w, https:\/\/www.arovite.com\/wp-content\/uploads\/2016\/11\/DC02_cast-1-768x512.jpg 768w, https:\/\/www.arovite.com\/wp-content\/uploads\/2016\/11\/DC02_cast-1-500x333.jpg 500w, https:\/\/www.arovite.com\/wp-content\/uploads\/2016\/11\/DC02_cast-1-800x533.jpg 800w, https:\/\/www.arovite.com\/wp-content\/uploads\/2016\/11\/DC02_cast-1-1280x853.jpg 1280w, https:\/\/www.arovite.com\/wp-content\/uploads\/2016\/11\/DC02_cast-1-100x68.jpg 100w, https:\/\/www.arovite.com\/wp-content\/uploads\/2016\/11\/DC02_cast-1-450x300.jpg 450w\" data-sizes=\"auto\" loading=\"eager\">\n\t\t<div class=\"vp-portfolio__item-overlay\">\n\t\t\t\t\t<\/div>\n\n\t\t<\/a>\t<\/div>\n<\/div>\n\n\t<figcaption class=\"vp-portfolio__item-caption vp-portfolio__item-caption-text-align-center\">\n\t\t<div class=\"vp-portfolio__item-meta\">\n\t\t\t\n<h2 class=\"vp-portfolio__item-meta-title\">\n\t\t<a\n\t\thref=\"https:\/\/www.arovite.com\/en\/portfolio\/right-to-the-cinema\/la-inmigracion-en-clave-de-comedia\/\"\n\t\t\t>\n\tLa inmigraci\u00f3n en clave de comedia<\/a><\/h2>\n\n<div class=\"vp-portfolio__item-meta-excerpt\">\n\t<div>\n\t\tRicardo Arana\t<\/div>\n<\/div>\n\t\t<\/div>\n\t<\/figcaption>\n\t\t\t<\/figure>\n\t\t\t\t\t<\/article>\n\t\t\n\t\t<article\t\tclass=\"vp-portfolio__item-wrap post-7083 portfolio type-portfolio status-publish format-standard has-post-thumbnail hentry portfolio_category-bakeaz portfolio_category-right-to-the-cinema vp-portfolio__item-uid-8adbf3dd\" data-vp-filter=\"bakeaz,right-to-the-cinema\" \t\t>\n\t\t\t\t\t\t\t\t\t<figure class=\"vp-portfolio__item\">\n\t\t\t\t\n<div class=\"vp-portfolio__item-img-wrap\">\n\t<div class=\"vp-portfolio__item-img\">\n\t\t\t<a\n\t\thref=\"https:\/\/www.arovite.com\/en\/portfolio\/right-to-the-cinema\/la-democracia-en-blanco-y-negro\/\"\n\t\t\t>\n\t\n\t\t<noscript><img loading=\"lazy\" decoding=\"async\" width=\"1500\" height=\"1000\" data-skip-lazy src=\"https:\/\/www.arovite.com\/wp-content\/uploads\/2016\/11\/DC03_cast-1.jpg\" class=\"wp-image-22782\" alt=\"\" srcset=\"https:\/\/www.arovite.com\/wp-content\/uploads\/2016\/11\/DC03_cast-1.jpg 1500w, https:\/\/www.arovite.com\/wp-content\/uploads\/2016\/11\/DC03_cast-1-300x200.jpg 300w, https:\/\/www.arovite.com\/wp-content\/uploads\/2016\/11\/DC03_cast-1-1024x683.jpg 1024w, https:\/\/www.arovite.com\/wp-content\/uploads\/2016\/11\/DC03_cast-1-768x512.jpg 768w, https:\/\/www.arovite.com\/wp-content\/uploads\/2016\/11\/DC03_cast-1-500x333.jpg 500w, https:\/\/www.arovite.com\/wp-content\/uploads\/2016\/11\/DC03_cast-1-800x533.jpg 800w, https:\/\/www.arovite.com\/wp-content\/uploads\/2016\/11\/DC03_cast-1-1280x853.jpg 1280w, https:\/\/www.arovite.com\/wp-content\/uploads\/2016\/11\/DC03_cast-1-100x68.jpg 100w, https:\/\/www.arovite.com\/wp-content\/uploads\/2016\/11\/DC03_cast-1-450x300.jpg 450w\" sizes=\"auto, (max-width: 1500px) 100vw, 1500px\" \/><\/noscript><img decoding=\"async\" width=\"1500\" height=\"1000\" src=\"https:\/\/www.arovite.com\/wp-content\/uploads\/2016\/11\/DC03_cast-1.jpg\" class=\"wp-image-22782 vp-lazyload\" alt srcset=\"data:image\/svg+xml;base64,PHN2ZyB3aWR0aD0iMTUwMCIgaGVpZ2h0PSIxMDAwIiB2aWV3Qm94PSIwIDAgMTUwMCAxMDAwIiBmaWxsPSJub25lIiB4bWxucz0iaHR0cDovL3d3dy53My5vcmcvMjAwMC9zdmciPjwvc3ZnPg==\" data-src=\"https:\/\/www.arovite.com\/wp-content\/uploads\/2016\/11\/DC03_cast-1.jpg\" data-srcset=\"https:\/\/www.arovite.com\/wp-content\/uploads\/2016\/11\/DC03_cast-1.jpg 1500w, https:\/\/www.arovite.com\/wp-content\/uploads\/2016\/11\/DC03_cast-1-300x200.jpg 300w, https:\/\/www.arovite.com\/wp-content\/uploads\/2016\/11\/DC03_cast-1-1024x683.jpg 1024w, https:\/\/www.arovite.com\/wp-content\/uploads\/2016\/11\/DC03_cast-1-768x512.jpg 768w, https:\/\/www.arovite.com\/wp-content\/uploads\/2016\/11\/DC03_cast-1-500x333.jpg 500w, https:\/\/www.arovite.com\/wp-content\/uploads\/2016\/11\/DC03_cast-1-800x533.jpg 800w, https:\/\/www.arovite.com\/wp-content\/uploads\/2016\/11\/DC03_cast-1-1280x853.jpg 1280w, https:\/\/www.arovite.com\/wp-content\/uploads\/2016\/11\/DC03_cast-1-100x68.jpg 100w, https:\/\/www.arovite.com\/wp-content\/uploads\/2016\/11\/DC03_cast-1-450x300.jpg 450w\" data-sizes=\"auto\" loading=\"eager\">\n\t\t<div class=\"vp-portfolio__item-overlay\">\n\t\t\t\t\t<\/div>\n\n\t\t<\/a>\t<\/div>\n<\/div>\n\n\t<figcaption class=\"vp-portfolio__item-caption vp-portfolio__item-caption-text-align-center\">\n\t\t<div class=\"vp-portfolio__item-meta\">\n\t\t\t\n<h2 class=\"vp-portfolio__item-meta-title\">\n\t\t<a\n\t\thref=\"https:\/\/www.arovite.com\/en\/portfolio\/right-to-the-cinema\/la-democracia-en-blanco-y-negro\/\"\n\t\t\t>\n\tLa democracia en blanco y negro<\/a><\/h2>\n\n<div class=\"vp-portfolio__item-meta-excerpt\">\n\t<div>\n\t\tRicardo Arana y Hern\u00e1n Echeverr\u00eda (coords.)\t<\/div>\n<\/div>\n\t\t<\/div>\n\t<\/figcaption>\n\t\t\t<\/figure>\n\t\t\t\t\t<\/article>\n\t\t\n<\/div>\n\t\t<\/div>\n\t\t\t\t<div class=\"vp-portfolio__layout-elements vp-portfolio__layout-elements-bottom vp-portfolio__layout-elements-align-center\">\n\t\t\t\t<div class=\"vp-portfolio__pagination-wrap\">\n\t\t\n<div class=\"vp-pagination vp-pagination__no-more vp-pagination__style-minimal\" data-vp-pagination-type=\"load-more\">\n\t<div class=\"vp-pagination__item\">\n\t\t<a class=\"vp-pagination__load-more\" href=\"\">\n\t\t\t<span>Cargar m\u00e1s<\/span>\n\t\t\t<span class=\"vp-pagination__load-more-loading\"><span class=\"vp-spinner\"><\/span><span class=\"vp-screen-reader-text\"> Cargando m\u00e1s...<\/span><\/span>\n\t\t\t<span class=\"vp-pagination__load-more-no-more\">Has llegado al final de la lista<\/span>\n\t\t<\/a>\n\t<\/div>\n<\/div>\n\t\t<\/div>\n\t\t\t\t<\/div>\n\t\t\n<\/div>\n[\/vc_column][\/vc_row]<\/p>\n<\/div>","protected":false},"excerpt":{"rendered":"<h5>Derechos al Cine es una colecci\u00f3n de libros monogr\u00e1ficos que ponen a disposici\u00f3n de los educadores una propuesta pedag\u00f3gica que aprovecha la fuerza de atracci\u00f3n y las potencialidades del cine para la educaci\u00f3n en valores. Cada uno de los t\u00edtulos de la colecci\u00f3n aborda temas diferentes, todos ellos relacionados con los derechos humanos. Es uno de los proyectos de la Escuela de paz de Bakeaz.<\/h5>\n","protected":false},"author":1,"featured_media":0,"parent":3996,"menu_order":0,"comment_status":"closed","ping_status":"closed","template":"","meta":{"om_disable_all_campaigns":false,"_monsterinsights_skip_tracking":false,"_monsterinsights_sitenote_active":false,"_monsterinsights_sitenote_note":"","_monsterinsights_sitenote_category":0,"_uf_show_specific_survey":0,"_uf_disable_surveys":false,"_vp_format_video_url":"","_vp_image_focal_point":[],"_vp_custom_popup_image":0,"_vp_format_audio_url":"","_vp_custom_thumbnail":0,"_vp_custom_thumbnail_focal_point":[],"_vp_hover_thumbnail":0,"_vp_hover_thumbnail_focal_point":[],"footnotes":""},"class_list":["post-6882","page","type-page","status-publish","hentry"],"aioseo_notices":[],"_links":{"self":[{"href":"https:\/\/www.arovite.com\/en\/wp-json\/wp\/v2\/pages\/6882","targetHints":{"allow":["GET"]}}],"collection":[{"href":"https:\/\/www.arovite.com\/en\/wp-json\/wp\/v2\/pages"}],"about":[{"href":"https:\/\/www.arovite.com\/en\/wp-json\/wp\/v2\/types\/page"}],"author":[{"embeddable":true,"href":"https:\/\/www.arovite.com\/en\/wp-json\/wp\/v2\/users\/1"}],"replies":[{"embeddable":true,"href":"https:\/\/www.arovite.com\/en\/wp-json\/wp\/v2\/comments?post=6882"}],"version-history":[{"count":6,"href":"https:\/\/www.arovite.com\/en\/wp-json\/wp\/v2\/pages\/6882\/revisions"}],"predecessor-version":[{"id":23946,"href":"https:\/\/www.arovite.com\/en\/wp-json\/wp\/v2\/pages\/6882\/revisions\/23946"}],"up":[{"embeddable":true,"href":"https:\/\/www.arovite.com\/en\/wp-json\/wp\/v2\/pages\/3996"}],"wp:attachment":[{"href":"https:\/\/www.arovite.com\/en\/wp-json\/wp\/v2\/media?parent=6882"}],"curies":[{"name":"wp","href":"https:\/\/api.w.org\/{rel}","templated":true}]}}