{"id":6831,"date":"2016-09-09T16:32:51","date_gmt":"2016-09-09T16:32:51","guid":{"rendered":"http:\/\/www.arovite.com\/pagazaurtundua-maite-2007-2\/"},"modified":"2016-09-09T16:32:51","modified_gmt":"2016-09-09T16:32:51","slug":"pagazaurtundua-maite-2007","status":"publish","type":"page","link":"https:\/\/www.arovite.com\/en\/pagazaurtundua-maite-2007\/","title":{"rendered":"PAGAZAURTUNDUA, Maite (2007)"},"content":{"rendered":"<div class=\"wpb-content-wrapper\"><p>[vc_row][vc_column width=&#8221;1\/1&#8243;][vc_column_text][vc_empty_space height=&#8221;20&#8243;]<br \/>\n<strong>Referencia bibliogr\u00e1fica<\/strong><br \/>\nPAGAZAURTUNDUA, Maite (2007): \u00abEl modelo de poder del terrorismo\u00bb, <em>Cuadernos de Periodistas. Revista de la Asociaci\u00f3n de la Prensa de Madrid<\/em>, n\u00ba 11, pp.17-26.<\/p>\n<p><a class=\"button blue medium \"href=\"http:\/\/www.apmadrid.es\/wp-content\/uploads\/images\/stories\/doc\/vapm20100519111031.pdf\" target=\"_blank\">Consultar PDF<\/a>[vc_empty_space height=&#8221;10&#8243;]<br \/>\n<strong>Resumen<\/strong><br \/>\nEl mundo del terrorismo etarra muta cuando se ve cercado. Cada vez que ven una debilidad o un resquicio de debilidad en nosotros, acumulan fuerzas y se sienten estimulados a seguir adelante. Los principios \u00e9ticos son un elemento clave para obligar a evolucionar al entramado terrorista y para neutralizar de ra\u00edz la cultura del odio que transmiten una generaci\u00f3n tras otra.<br \/>\n[vc_empty_space height=&#8221;10&#8243;]<br \/>\n<strong>Autor<\/strong><br \/>\nMaite Pagazaurtundua. <a title=\"Dialnet\" href=\"https:\/\/dialnet.unirioja.es\/servlet\/autor?codigo=1736036\" target=\"_blank\">P\u00e1gina del autor en Dialnet.<\/a><br \/>\n[vc_empty_space height=&#8221;10&#8243;]<br \/>\n<strong>Tipo de documento<\/strong><br \/>\nArt\u00edculo<br \/>\n[vc_empty_space height=&#8221;10&#8243;]<br \/>\n[\/vc_column_text][\/vc_column][\/vc_row]<\/p>\n<\/div>","protected":false},"excerpt":{"rendered":"<p>[vc_row][vc_column width=&#8221;1\/1&#8243;][vc_column_text][vc_empty_space height=&#8221;20&#8243;] Referencia bibliogr\u00e1fica PAGAZAURTUNDUA, Maite (2007): \u00abEl modelo de poder del terrorismo\u00bb, Cuadernos de Periodistas. Revista de la Asociaci\u00f3n de la Prensa de Madrid, n\u00ba 11, pp.17-26. Consultar&hellip;<\/p>\n","protected":false},"author":1,"featured_media":0,"parent":0,"menu_order":0,"comment_status":"open","ping_status":"open","template":"","meta":{"om_disable_all_campaigns":false,"_monsterinsights_skip_tracking":false,"_monsterinsights_sitenote_active":false,"_monsterinsights_sitenote_note":"","_monsterinsights_sitenote_category":0,"_uf_show_specific_survey":0,"_uf_disable_surveys":false,"_vp_format_video_url":"","_vp_image_focal_point":[],"_vp_custom_popup_image":0,"_vp_format_audio_url":"","_vp_custom_thumbnail":0,"_vp_custom_thumbnail_focal_point":[],"_vp_hover_thumbnail":0,"_vp_hover_thumbnail_focal_point":[],"footnotes":""},"class_list":["post-6831","page","type-page","status-publish","hentry"],"aioseo_notices":[],"_links":{"self":[{"href":"https:\/\/www.arovite.com\/en\/wp-json\/wp\/v2\/pages\/6831","targetHints":{"allow":["GET"]}}],"collection":[{"href":"https:\/\/www.arovite.com\/en\/wp-json\/wp\/v2\/pages"}],"about":[{"href":"https:\/\/www.arovite.com\/en\/wp-json\/wp\/v2\/types\/page"}],"author":[{"embeddable":true,"href":"https:\/\/www.arovite.com\/en\/wp-json\/wp\/v2\/users\/1"}],"replies":[{"embeddable":true,"href":"https:\/\/www.arovite.com\/en\/wp-json\/wp\/v2\/comments?post=6831"}],"version-history":[{"count":0,"href":"https:\/\/www.arovite.com\/en\/wp-json\/wp\/v2\/pages\/6831\/revisions"}],"wp:attachment":[{"href":"https:\/\/www.arovite.com\/en\/wp-json\/wp\/v2\/media?parent=6831"}],"curies":[{"name":"wp","href":"https:\/\/api.w.org\/{rel}","templated":true}]}}