{"id":6821,"date":"2016-09-09T16:50:20","date_gmt":"2016-09-09T16:50:20","guid":{"rendered":"http:\/\/www.arovite.com\/fundacion-miguel-angel-blanco-2016-2\/"},"modified":"2016-09-09T16:50:20","modified_gmt":"2016-09-09T16:50:20","slug":"fundacion-miguel-angel-blanco-2016","status":"publish","type":"page","link":"https:\/\/www.arovite.com\/en\/fundacion-miguel-angel-blanco-2016\/","title":{"rendered":"FUNDACI\u00d3N MIGUEL \u00c1NGEL BLANCO (2016)"},"content":{"rendered":"<div class=\"wpb-content-wrapper\"><p>[vc_row][vc_column width=&#8221;1\/1&#8243;][vc_column_text][vc_empty_space height=&#8221;20&#8243;]<br \/>\n<strong>Referencia bibliogr\u00e1fica<\/strong><br \/>\nFUNDACI\u00d3N MIGUEL \u00c1NGEL BLANCO (2016): <em>Miguel \u00c1ngel Blanco. La fuerza de la memoria<\/em>. Fundaci\u00f3n Miguel \u00c1ngel Blanco.<\/p>\n<p><a class=\"button blue medium \"href=\" http:\/\/www.fmiguelangelblanco.es\/media\/comic-la-fuerza-de-la-memoria.pdf\" target=\"_blank\">Consultar PDF<\/a>[vc_empty_space height=&#8221;10&#8243;]<br \/>\n<strong>Resumen<\/strong><br \/>\nLa intenci\u00f3n de esta obra did\u00e1ctica sobre la historia de Miguel \u00c1ngel Blanco es promover, difundir, relatar a todas las generaciones la Historia de Miguel \u00c1ngel Blanco, su verdad, su dignidad, su derecho a la justicia.<br \/>\n[vc_empty_space height=&#8221;10&#8243;]<br \/>\n<strong>Tipo de documento<\/strong><br \/>\nGu\u00eda did\u00e1ctica<br \/>\n[vc_empty_space height=&#8221;10&#8243;]<br \/>\n[\/vc_column_text][\/vc_column][\/vc_row]<\/p>\n<\/div>","protected":false},"excerpt":{"rendered":"<p>[vc_row][vc_column width=&#8221;1\/1&#8243;][vc_column_text][vc_empty_space height=&#8221;20&#8243;] Referencia bibliogr\u00e1fica FUNDACI\u00d3N MIGUEL \u00c1NGEL BLANCO (2016): Miguel \u00c1ngel Blanco. La fuerza de la memoria. Fundaci\u00f3n Miguel \u00c1ngel Blanco. Consultar PDF[vc_empty_space height=&#8221;10&#8243;] Resumen La intenci\u00f3n de esta&hellip;<\/p>\n","protected":false},"author":1,"featured_media":0,"parent":0,"menu_order":0,"comment_status":"open","ping_status":"open","template":"","meta":{"om_disable_all_campaigns":false,"_monsterinsights_skip_tracking":false,"_monsterinsights_sitenote_active":false,"_monsterinsights_sitenote_note":"","_monsterinsights_sitenote_category":0,"_uf_show_specific_survey":0,"_uf_disable_surveys":false,"_vp_format_video_url":"","_vp_image_focal_point":[],"_vp_custom_popup_image":0,"_vp_format_audio_url":"","_vp_custom_thumbnail":0,"_vp_custom_thumbnail_focal_point":[],"_vp_hover_thumbnail":0,"_vp_hover_thumbnail_focal_point":[],"footnotes":""},"class_list":["post-6821","page","type-page","status-publish","hentry"],"aioseo_notices":[],"_links":{"self":[{"href":"https:\/\/www.arovite.com\/en\/wp-json\/wp\/v2\/pages\/6821","targetHints":{"allow":["GET"]}}],"collection":[{"href":"https:\/\/www.arovite.com\/en\/wp-json\/wp\/v2\/pages"}],"about":[{"href":"https:\/\/www.arovite.com\/en\/wp-json\/wp\/v2\/types\/page"}],"author":[{"embeddable":true,"href":"https:\/\/www.arovite.com\/en\/wp-json\/wp\/v2\/users\/1"}],"replies":[{"embeddable":true,"href":"https:\/\/www.arovite.com\/en\/wp-json\/wp\/v2\/comments?post=6821"}],"version-history":[{"count":0,"href":"https:\/\/www.arovite.com\/en\/wp-json\/wp\/v2\/pages\/6821\/revisions"}],"wp:attachment":[{"href":"https:\/\/www.arovite.com\/en\/wp-json\/wp\/v2\/media?parent=6821"}],"curies":[{"name":"wp","href":"https:\/\/api.w.org\/{rel}","templated":true}]}}