{"id":6754,"date":"2016-09-11T07:37:27","date_gmt":"2016-09-11T07:37:27","guid":{"rendered":"http:\/\/www.arovite.com\/irisarri-carredano-rocio-2012-2\/"},"modified":"2016-09-11T07:37:27","modified_gmt":"2016-09-11T07:37:27","slug":"irisarri-carredano-rocio-2012","status":"publish","type":"page","link":"https:\/\/www.arovite.com\/en\/irisarri-carredano-rocio-2012\/","title":{"rendered":"IRISARRI CARREDANO, Roc\u00edo (2012)"},"content":{"rendered":"<div class=\"wpb-content-wrapper\"><p>[vc_row][vc_column width=&#8221;1\/1&#8243;][vc_column_text][vc_empty_space height=&#8221;20&#8243;]<br \/>\n<strong>Referencia bibliogr\u00e1fica<\/strong><br \/>\nIRISARRI CARREDANO, Roc\u00edo (s\/f): <em>La actuaci\u00f3n de la prensa frente a Miguel \u00c1ngel Blanco. La cobertura informativo que realiz\u00f3 la prensa entre los d\u00edas 11 y 13 de julio de 1997 y sus consecuencias<\/em>. Madrid: Universidad Carlos III de Madrid.<\/p>\n<p><a class=\"button blue medium \"href=\"http:\/\/www.fmiguelangelblanco.es\/media\/archivos\/pdf\/publicaciones\/La_actuacion_de_la_prensa_frente_a_MAB.pdf\" target=\"_blank\">Consultar PDF<\/a> [vc_empty_space height=&#8221;10&#8243;]<br \/>\n<strong>Resumen<\/strong><br \/>\nMiguel \u00c1ngel Blanco recibi\u00f3 un tratamiento excepcional y diferente en comparaci\u00f3n con el resto de las v\u00edctimas de ETA, siendo este el adecuado por parte de la prensa escrita para lograr una activaci\u00f3n social respecto a estos casos. La uni\u00f3n pol\u00edtica, period\u00edstica y social fue consecuencia de un sentimiento que se logr\u00f3 con este caso particular, que no se hab\u00eda dado antes en Espa\u00f1a, en cuanto a v\u00edctimas de ETA se refiere. Se demostr\u00f3 que con una uni\u00f3n clara, se pod\u00eda paralizar aquellos que aterrorizaban por medios de actos terroristas al mostrar un rechazo \u00fanico y fuerte. Y fue esta unidad lo que precisamente permiti\u00f3 una cobertura informativa diferente a la que se daba hasta entonces.<br \/>\n[vc_empty_space height=&#8221;10&#8243;]<br \/>\n<strong>Tipo de documento<\/strong><br \/>\nTrabajo fin de carrera<br \/>\n[vc_empty_space height=&#8221;10&#8243;]<br \/>\n[\/vc_column_text][\/vc_column][\/vc_row]<\/p>\n<\/div>","protected":false},"excerpt":{"rendered":"<p>[vc_row][vc_column width=&#8221;1\/1&#8243;][vc_column_text][vc_empty_space height=&#8221;20&#8243;] Referencia bibliogr\u00e1fica IRISARRI CARREDANO, Roc\u00edo (s\/f): La actuaci\u00f3n de la prensa frente a Miguel \u00c1ngel Blanco. La cobertura informativo que realiz\u00f3 la prensa entre los d\u00edas 11&hellip;<\/p>\n","protected":false},"author":1,"featured_media":0,"parent":0,"menu_order":0,"comment_status":"open","ping_status":"open","template":"","meta":{"om_disable_all_campaigns":false,"_monsterinsights_skip_tracking":false,"_monsterinsights_sitenote_active":false,"_monsterinsights_sitenote_note":"","_monsterinsights_sitenote_category":0,"_uf_show_specific_survey":0,"_uf_disable_surveys":false,"_vp_format_video_url":"","_vp_image_focal_point":[],"_vp_custom_popup_image":0,"_vp_format_audio_url":"","_vp_custom_thumbnail":0,"_vp_custom_thumbnail_focal_point":[],"_vp_hover_thumbnail":0,"_vp_hover_thumbnail_focal_point":[],"footnotes":""},"class_list":["post-6754","page","type-page","status-publish","hentry"],"aioseo_notices":[],"_links":{"self":[{"href":"https:\/\/www.arovite.com\/en\/wp-json\/wp\/v2\/pages\/6754","targetHints":{"allow":["GET"]}}],"collection":[{"href":"https:\/\/www.arovite.com\/en\/wp-json\/wp\/v2\/pages"}],"about":[{"href":"https:\/\/www.arovite.com\/en\/wp-json\/wp\/v2\/types\/page"}],"author":[{"embeddable":true,"href":"https:\/\/www.arovite.com\/en\/wp-json\/wp\/v2\/users\/1"}],"replies":[{"embeddable":true,"href":"https:\/\/www.arovite.com\/en\/wp-json\/wp\/v2\/comments?post=6754"}],"version-history":[{"count":0,"href":"https:\/\/www.arovite.com\/en\/wp-json\/wp\/v2\/pages\/6754\/revisions"}],"wp:attachment":[{"href":"https:\/\/www.arovite.com\/en\/wp-json\/wp\/v2\/media?parent=6754"}],"curies":[{"name":"wp","href":"https:\/\/api.w.org\/{rel}","templated":true}]}}