{"id":6735,"date":"2016-09-11T07:33:16","date_gmt":"2016-09-11T07:33:16","guid":{"rendered":"http:\/\/www.arovite.com\/saez-de-la-fuente-aldama-izaskun-2002-2\/"},"modified":"2016-09-11T07:33:16","modified_gmt":"2016-09-11T07:33:16","slug":"saez-de-la-fuente-aldama-izaskun-2002","status":"publish","type":"page","link":"https:\/\/www.arovite.com\/en\/saez-de-la-fuente-aldama-izaskun-2002\/","title":{"rendered":"S\u00c1EZ DE LA FUENTE ALDAMA, Izaskun (2002)"},"content":{"rendered":"<div class=\"wpb-content-wrapper\"><p>[vc_row][vc_column width=&#8221;1\/1&#8243;][vc_column_text][vc_empty_space height=&#8221;20&#8243;]<br \/>\n<strong>Referencia bibliogr\u00e1fica<\/strong><br \/>\nS\u00c1EZ DE LA FUENTE ALDAMA, Izaskun (2002): <em>El Movimiento de Liberaci\u00f3n Nacional Vasco, una religi\u00f3n de sustituci\u00f3n<\/em>. Bilbao: Instituto Diocesano de Teolog\u00eda y Pastoral, Editorial Descl\u00e9e de Brouwer.<\/p>\n<p><a class=\"button blue medium\" href=\"http:\/\/www.arovite.com\/documentos\/2002_Saez_de_la_Fuente.pdf\" target=\"_blank\">Consultar PDF<\/a>[vc_empty_space height=&#8221;10&#8243;]<br \/>\n<strong>Resumen<\/strong><br \/>\nEl objetivo fundamental de esta investigaci\u00f3n consiste en el an\u00e1lisis del fen\u00f3meno nacional desde una perspectiva sociorreligiosa y, en concreto, del modelo de sacralidad subyacente al Movimiento de Liberaci\u00f3n Nacional Vasco (en adelante, MLNV), su g\u00e9nesis y su din\u00e1mica interna. El estudio se localiza en la Comunidad Aut\u00f3noma Vasca (CAV) y en la Navarra. Dada la falta de correspondencia entre la Euskal Herria propugnada por la izquierda abertzale y la Euskadi real sancionada jur\u00eddicamente a trav\u00e9s del Estatuto de Autonom\u00eda de 1979, he tratado de desvelar y argumentar la presencia de referentes navarros en su imaginario ideol\u00f3gico, simb\u00f3lico y ritual. El periodo de investigaci\u00f3n comprende desde el inicio de la transici\u00f3n democr\u00e1tica (1975) hasta la declaraci\u00f3n de alto el fuego por parte de Euskadi ta Askatasuna (ETA) el 17 de septiembre de 1998. Esta delimitaci\u00f3n obedece a una hip\u00f3tesis de partida fundamentada en el convencimiento de que, con el paso de los a\u00f1os, el colectivo de la IA, y en especial su generaci\u00f3n joven, ha agudizado el proceso de secularizaci\u00f3n, de vaciamiento de la religiosidad institucional tradicional y de transposici\u00f3n de creencias. Pero, el que este libro salga a la luz p\u00fablica cuando, desgraciadamente, ETA se halla inmersa en una nueva espiral violenta, me impulsa a rebasar dichos l\u00edmites para ofrecer, a modo de ep\u00edlogo, algunas reflexiones sobre la tregua y el \u00ednterin pol\u00edtico que desemboca en las elecciones del 13 de mayo de 2001.<br \/>\n[vc_empty_space height=&#8221;10&#8243;]<br \/>\n<strong>Autor<\/strong><br \/>\nIzaskun S\u00e1ez de la Fuente Aldama. <a title=\"Dialnet\" href=\" https:\/\/dialnet.unirioja.es\/servlet\/autor?codigo=291316\" target=\"_blank\">P\u00e1gina del autor en Dialnet.<\/a><br \/>\n[vc_empty_space height=&#8221;10&#8243;]<br \/>\n<strong>Tipo de documento<\/strong><br \/>\nLibro<br \/>\n[vc_empty_space height=&#8221;10&#8243;]<br \/>\n[\/vc_column_text][\/vc_column][\/vc_row]<\/p>\n<\/div>","protected":false},"excerpt":{"rendered":"<p>[vc_row][vc_column width=&#8221;1\/1&#8243;][vc_column_text][vc_empty_space height=&#8221;20&#8243;] Referencia bibliogr\u00e1fica S\u00c1EZ DE LA FUENTE ALDAMA, Izaskun (2002): El Movimiento de Liberaci\u00f3n Nacional Vasco, una religi\u00f3n de sustituci\u00f3n. Bilbao: Instituto Diocesano de Teolog\u00eda y Pastoral, Editorial&hellip;<\/p>\n","protected":false},"author":1,"featured_media":0,"parent":0,"menu_order":0,"comment_status":"open","ping_status":"open","template":"","meta":{"om_disable_all_campaigns":false,"_monsterinsights_skip_tracking":false,"_monsterinsights_sitenote_active":false,"_monsterinsights_sitenote_note":"","_monsterinsights_sitenote_category":0,"_uf_show_specific_survey":0,"_uf_disable_surveys":false,"_vp_format_video_url":"","_vp_image_focal_point":[],"_vp_custom_popup_image":0,"_vp_format_audio_url":"","_vp_custom_thumbnail":0,"_vp_custom_thumbnail_focal_point":[],"_vp_hover_thumbnail":0,"_vp_hover_thumbnail_focal_point":[],"footnotes":""},"class_list":["post-6735","page","type-page","status-publish","hentry"],"aioseo_notices":[],"_links":{"self":[{"href":"https:\/\/www.arovite.com\/en\/wp-json\/wp\/v2\/pages\/6735","targetHints":{"allow":["GET"]}}],"collection":[{"href":"https:\/\/www.arovite.com\/en\/wp-json\/wp\/v2\/pages"}],"about":[{"href":"https:\/\/www.arovite.com\/en\/wp-json\/wp\/v2\/types\/page"}],"author":[{"embeddable":true,"href":"https:\/\/www.arovite.com\/en\/wp-json\/wp\/v2\/users\/1"}],"replies":[{"embeddable":true,"href":"https:\/\/www.arovite.com\/en\/wp-json\/wp\/v2\/comments?post=6735"}],"version-history":[{"count":0,"href":"https:\/\/www.arovite.com\/en\/wp-json\/wp\/v2\/pages\/6735\/revisions"}],"wp:attachment":[{"href":"https:\/\/www.arovite.com\/en\/wp-json\/wp\/v2\/media?parent=6735"}],"curies":[{"name":"wp","href":"https:\/\/api.w.org\/{rel}","templated":true}]}}