{"id":6721,"date":"2016-09-11T07:30:06","date_gmt":"2016-09-11T07:30:06","guid":{"rendered":"http:\/\/www.arovite.com\/argituz-2016-2\/"},"modified":"2025-10-05T08:28:44","modified_gmt":"2025-10-05T08:28:44","slug":"argituz-2016","status":"publish","type":"page","link":"https:\/\/www.arovite.com\/en\/argituz-2016\/","title":{"rendered":"ARGITUZ (2016)"},"content":{"rendered":"<div class=\"wpb-content-wrapper\"><p>[vc_row][vc_column width=&#8221;1\/1&#8243;][vc_column_text][vc_empty_space height=&#8221;20&#8243;]<br \/>\n<strong>Referencia bibliogr\u00e1fica<\/strong><br \/>\nARGITUZ (2016): <em>Hacia una memoria compartida. Informe sobre violaciones de derechos humanos y hechos violentos acaecidos en Errenteria de 1956 a 2012<\/em>. Ayuntamiento de Errenteria, Diputaci\u00f3n Foral de Gipuzkoa.<\/p>\n<p><a class=\"button blue medium \" href=\"https:\/\/static.errenteria.eus\/web\/eu\/herria\/artxiboa\/monografiak\/18MemoriaPartekatuBaterantz\/castellano.pdf\" target=\"_blank\" rel=\"noopener\">Consultar PDF<\/a> [vc_empty_space height=&#8221;10&#8243;]<br \/>\n<strong>Resumen<\/strong><br \/>\nEste informe pretende abordar con respeto una revisi\u00f3n cr\u00edtica de las violaciones de derechos humanos y otras violencias de motivaci\u00f3n pol\u00edtica acontecidas en Errenteria, de 1956 a 2012. Para ello, hemos procedido a realizar, con una visi\u00f3n integral y no parcializada, una recogida de datos y testimonios \u2013estos \u00faltimos se muestran en cursiva\u2013 sobre los hechos violentos m\u00e1s destacados que han tenido lugar en esta villa, para que ayuden a reconstruir la memoria de lo acontecido, para que no se repitan similares vulneraciones y favorecer con ello la convivencia presente y futura en esta localidad.<br \/>\n[vc_empty_space height=&#8221;10&#8243;]<br \/>\n<strong>Tipo de documento<\/strong><br \/>\nLibro<br \/>\n[vc_empty_space height=&#8221;10&#8243;]<br \/>\n[\/vc_column_text][\/vc_column][\/vc_row]<\/p>\n<\/div>","protected":false},"excerpt":{"rendered":"<p>[vc_row][vc_column width=&#8221;1\/1&#8243;][vc_column_text][vc_empty_space height=&#8221;20&#8243;] Referencia bibliogr\u00e1fica ARGITUZ (2016): Hacia una memoria compartida. Informe sobre violaciones de derechos humanos y hechos violentos acaecidos en Errenteria de 1956 a 2012. Ayuntamiento de Errenteria,&hellip;<\/p>\n","protected":false},"author":1,"featured_media":0,"parent":0,"menu_order":0,"comment_status":"open","ping_status":"open","template":"","meta":{"om_disable_all_campaigns":false,"_monsterinsights_skip_tracking":false,"_monsterinsights_sitenote_active":false,"_monsterinsights_sitenote_note":"","_monsterinsights_sitenote_category":0,"_uf_show_specific_survey":0,"_uf_disable_surveys":false,"_vp_format_video_url":"","_vp_image_focal_point":[],"_vp_custom_popup_image":0,"_vp_format_audio_url":"","_vp_custom_thumbnail":0,"_vp_custom_thumbnail_focal_point":[],"_vp_hover_thumbnail":0,"_vp_hover_thumbnail_focal_point":[],"footnotes":""},"class_list":["post-6721","page","type-page","status-publish","hentry"],"aioseo_notices":[],"_links":{"self":[{"href":"https:\/\/www.arovite.com\/en\/wp-json\/wp\/v2\/pages\/6721","targetHints":{"allow":["GET"]}}],"collection":[{"href":"https:\/\/www.arovite.com\/en\/wp-json\/wp\/v2\/pages"}],"about":[{"href":"https:\/\/www.arovite.com\/en\/wp-json\/wp\/v2\/types\/page"}],"author":[{"embeddable":true,"href":"https:\/\/www.arovite.com\/en\/wp-json\/wp\/v2\/users\/1"}],"replies":[{"embeddable":true,"href":"https:\/\/www.arovite.com\/en\/wp-json\/wp\/v2\/comments?post=6721"}],"version-history":[{"count":5,"href":"https:\/\/www.arovite.com\/en\/wp-json\/wp\/v2\/pages\/6721\/revisions"}],"predecessor-version":[{"id":24682,"href":"https:\/\/www.arovite.com\/en\/wp-json\/wp\/v2\/pages\/6721\/revisions\/24682"}],"wp:attachment":[{"href":"https:\/\/www.arovite.com\/en\/wp-json\/wp\/v2\/media?parent=6721"}],"curies":[{"name":"wp","href":"https:\/\/api.w.org\/{rel}","templated":true}]}}