{"id":6706,"date":"2016-09-11T07:26:01","date_gmt":"2016-09-11T07:26:01","guid":{"rendered":"http:\/\/www.arovite.com\/intxaurbe-vitorica-jose-ramon-ruiz-vieytez-eduardo-j-y-urrutia-asua-gorka-2016-2\/"},"modified":"2025-10-05T09:02:55","modified_gmt":"2025-10-05T09:02:55","slug":"intxaurbe-vitorica-jose-ramon-ruiz-vieytez-eduardo-j-y-urrutia-asua-gorka-2016","status":"publish","type":"page","link":"https:\/\/www.arovite.com\/en\/intxaurbe-vitorica-jose-ramon-ruiz-vieytez-eduardo-j-y-urrutia-asua-gorka-2016\/","title":{"rendered":"INTXAURBE VITORICA, Jos\u00e9 Ram\u00f3n, RUIZ VIEYTEZ, Eduardo J., y URRUTIA ASUA, Gorka (2016)"},"content":{"rendered":"<div class=\"wpb-content-wrapper\"><p>[vc_row][vc_column width=&#8221;1\/1&#8243;][vc_column_text][vc_empty_space height=&#8221;20&#8243;]<br \/>\n<strong>Referencia bibliogr\u00e1fica<\/strong><br \/>\nINTXAURBE VITORICA, Jos\u00e9 Ram\u00f3n, RUIZ VIEYTEZ, Eduardo J., y URRUTIA ASUA, Gorka (2016): <em>Informe sobre la injusticia padecida por el colectivo de ertzainas y sus familias a consecuencia de la amenaza de ETA (1990-2011)<\/em>. Secretar\u00eda General de Paz y Convivencia, Gobierno Vasco.<\/p>\n<p><a class=\"button blue  medium \" href=\"https:\/\/www.euskadi.eus\/contenidos\/informacion\/documentos_paz_convivencia\/es_def\/InformeAmenazadosErtzaintzaCasWeb.pdf\" target=\"_blank\">Consultar PDF<\/a>[vc_empty_space height=&#8221;10&#8243;]<br \/>\n<strong>Resumen<\/strong><br \/>\nEste informe refleja y analiza la amenaza que ETA ejerci\u00f3 sobre el cuerpo de la Ertzaintza y sus familias entre los a\u00f1os 1990 y 2011, haciendo especial \u00e9nfasis en la manera en que sus derechos se vieron afectados como consecuencia de la intimidaci\u00f3n a la que fueron sometidos por la banda terrorista.<br \/>\n[vc_empty_space height=&#8221;10&#8243;]<br \/>\n<strong>Autor<\/strong><br \/>\nJos\u00e9 Ram\u00f3n Intxaurbe. <a title=\"Dialnet\" href=\"https:\/\/dialnet.unirioja.es\/servlet\/autor?codigo=3621519\" target=\"_blank\" rel=\"noopener\">P\u00e1gina del autor en Dialnet.<\/a><br \/>\n[vc_empty_space height=&#8221;10&#8243;]<br \/>\n<strong>Autor<\/strong><br \/>\nEduardo Javier Ruiz Vieytez. <a title=\"Dialnet\" href=\"https:\/\/dialnet.unirioja.es\/servlet\/autor?codigo=799477\" target=\"_blank\" rel=\"noopener\">P\u00e1gina del autor en Dialnet.<\/a><br \/>\nGorka Urrutia Asua. <a title=\"Dialnet\" href=\"https:\/\/dialnet.unirioja.es\/servlet\/autor?codigo=1803204\" target=\"_blank\" rel=\"noopener\">P\u00e1gina del autor en Dialnet.<\/a><br \/>\n[vc_empty_space height=&#8221;10&#8243;]<br \/>\n<strong>Tipo de documento<\/strong><br \/>\nInforme<br \/>\n[vc_empty_space height=&#8221;10&#8243;]<br \/>\n[\/vc_column_text][\/vc_column][\/vc_row]<\/p>\n<\/div>","protected":false},"excerpt":{"rendered":"<p>[vc_row][vc_column width=&#8221;1\/1&#8243;][vc_column_text][vc_empty_space height=&#8221;20&#8243;] Referencia bibliogr\u00e1fica INTXAURBE VITORICA, Jos\u00e9 Ram\u00f3n, RUIZ VIEYTEZ, Eduardo J., y URRUTIA ASUA, Gorka (2016): Informe sobre la injusticia padecida por el colectivo de ertzainas y sus&hellip;<\/p>\n","protected":false},"author":1,"featured_media":0,"parent":0,"menu_order":0,"comment_status":"open","ping_status":"open","template":"","meta":{"om_disable_all_campaigns":false,"_monsterinsights_skip_tracking":false,"_monsterinsights_sitenote_active":false,"_monsterinsights_sitenote_note":"","_monsterinsights_sitenote_category":0,"_uf_show_specific_survey":0,"_uf_disable_surveys":false,"_vp_format_video_url":"","_vp_image_focal_point":[],"_vp_custom_popup_image":0,"_vp_format_audio_url":"","_vp_custom_thumbnail":0,"_vp_custom_thumbnail_focal_point":[],"_vp_hover_thumbnail":0,"_vp_hover_thumbnail_focal_point":[],"footnotes":""},"class_list":["post-6706","page","type-page","status-publish","hentry"],"aioseo_notices":[],"_links":{"self":[{"href":"https:\/\/www.arovite.com\/en\/wp-json\/wp\/v2\/pages\/6706","targetHints":{"allow":["GET"]}}],"collection":[{"href":"https:\/\/www.arovite.com\/en\/wp-json\/wp\/v2\/pages"}],"about":[{"href":"https:\/\/www.arovite.com\/en\/wp-json\/wp\/v2\/types\/page"}],"author":[{"embeddable":true,"href":"https:\/\/www.arovite.com\/en\/wp-json\/wp\/v2\/users\/1"}],"replies":[{"embeddable":true,"href":"https:\/\/www.arovite.com\/en\/wp-json\/wp\/v2\/comments?post=6706"}],"version-history":[{"count":4,"href":"https:\/\/www.arovite.com\/en\/wp-json\/wp\/v2\/pages\/6706\/revisions"}],"predecessor-version":[{"id":24733,"href":"https:\/\/www.arovite.com\/en\/wp-json\/wp\/v2\/pages\/6706\/revisions\/24733"}],"wp:attachment":[{"href":"https:\/\/www.arovite.com\/en\/wp-json\/wp\/v2\/media?parent=6706"}],"curies":[{"name":"wp","href":"https:\/\/api.w.org\/{rel}","templated":true}]}}