{"id":6699,"date":"2016-09-11T07:24:16","date_gmt":"2016-09-11T07:24:16","guid":{"rendered":"http:\/\/www.arovite.com\/pagazaurtundua-maite-2015-2\/"},"modified":"2016-09-11T07:24:31","modified_gmt":"2016-09-11T07:24:31","slug":"pagazaurtundua-maite-2015","status":"publish","type":"page","link":"https:\/\/www.arovite.com\/en\/pagazaurtundua-maite-2015\/","title":{"rendered":"PAGAZAURTUND\u00daA, Maite (2015)"},"content":{"rendered":"<div class=\"wpb-content-wrapper\"><p>[vc_row][vc_column width=&#8221;1\/1&#8243;][vc_column_text][vc_empty_space height=&#8221;20&#8243;]<br \/>\n<strong>Referencia bibliogr\u00e1fica<\/strong><br \/>\nPAGAZAURTUNDUA, Maite (2015): <em>Los profesores de la UPV-EHU frente a ETA<\/em>. UPyD.<\/p>\n<p><a class=\"button blue medium \"href=\"http:\/\/docplayer.es\/8753367-Los-profesores-de-la-upv-ehu-frente-a-eta.html\" target=\"_blank\">Consultar PDF<\/a>[vc_empty_space height=&#8221;10&#8243;]<br \/>\n<strong>Resumen<\/strong><br \/>\nAlgunos profesores universitarios lideraron gran parte del discurso contra ETA, y generaron los m\u00e1s activos n\u00facleos de resistencia ciudadana. No fue gratis. Sufrieron persecuci\u00f3n por ello. La universidad vasca merece una mirada espec\u00edfica, pero adem\u00e1s los profesores que actuaron con coraje y lucidez pueden aportar tambi\u00e9n ahora algunos importantes argumentos para la regeneraci\u00f3n de una sociedad que arrastra los efectos de la violencia f\u00edsica y simb\u00f3lica de ETA y su mundo. Sigue haciendo falta su discurso, contra las mentiras, contra el blanqueamiento de la imagen de los asesinos, contra el nuevo lobby del entorno de ETA. Frente a la tentaci\u00f3n de la impunidad social o judicial, disfrazada con mil ropajes.<br \/>\n[vc_empty_space height=&#8221;10&#8243;]<br \/>\n<strong>Autor<\/strong><br \/>\nMaite Pagazaurtundua. <a title=\"Dialnet\" href=\"https:\/\/dialnet.unirioja.es\/servlet\/autor?codigo=1736036\" target=\"_blank\">P\u00e1gina del autor en Dialnet.<\/a><br \/>\n[vc_empty_space height=&#8221;10&#8243;]<br \/>\n<strong>Tipo de documento<\/strong><br \/>\nInforme<br \/>\n[vc_empty_space height=&#8221;10&#8243;]<br \/>\n[\/vc_column_text][\/vc_column][\/vc_row]<\/p>\n<\/div>","protected":false},"excerpt":{"rendered":"<p>[vc_row][vc_column width=&#8221;1\/1&#8243;][vc_column_text][vc_empty_space height=&#8221;20&#8243;] Referencia bibliogr\u00e1fica PAGAZAURTUNDUA, Maite (2015): Los profesores de la UPV-EHU frente a ETA. UPyD. Consultar PDF[vc_empty_space height=&#8221;10&#8243;] Resumen Algunos profesores universitarios lideraron gran parte del discurso contra&hellip;<\/p>\n","protected":false},"author":1,"featured_media":0,"parent":0,"menu_order":0,"comment_status":"open","ping_status":"open","template":"","meta":{"om_disable_all_campaigns":false,"_monsterinsights_skip_tracking":false,"_monsterinsights_sitenote_active":false,"_monsterinsights_sitenote_note":"","_monsterinsights_sitenote_category":0,"_uf_show_specific_survey":0,"_uf_disable_surveys":false,"_vp_format_video_url":"","_vp_image_focal_point":[],"_vp_custom_popup_image":0,"_vp_format_audio_url":"","_vp_custom_thumbnail":0,"_vp_custom_thumbnail_focal_point":[],"_vp_hover_thumbnail":0,"_vp_hover_thumbnail_focal_point":[],"footnotes":""},"class_list":["post-6699","page","type-page","status-publish","hentry"],"aioseo_notices":[],"_links":{"self":[{"href":"https:\/\/www.arovite.com\/en\/wp-json\/wp\/v2\/pages\/6699","targetHints":{"allow":["GET"]}}],"collection":[{"href":"https:\/\/www.arovite.com\/en\/wp-json\/wp\/v2\/pages"}],"about":[{"href":"https:\/\/www.arovite.com\/en\/wp-json\/wp\/v2\/types\/page"}],"author":[{"embeddable":true,"href":"https:\/\/www.arovite.com\/en\/wp-json\/wp\/v2\/users\/1"}],"replies":[{"embeddable":true,"href":"https:\/\/www.arovite.com\/en\/wp-json\/wp\/v2\/comments?post=6699"}],"version-history":[{"count":1,"href":"https:\/\/www.arovite.com\/en\/wp-json\/wp\/v2\/pages\/6699\/revisions"}],"predecessor-version":[{"id":6701,"href":"https:\/\/www.arovite.com\/en\/wp-json\/wp\/v2\/pages\/6699\/revisions\/6701"}],"wp:attachment":[{"href":"https:\/\/www.arovite.com\/en\/wp-json\/wp\/v2\/media?parent=6699"}],"curies":[{"name":"wp","href":"https:\/\/api.w.org\/{rel}","templated":true}]}}