{"id":6266,"date":"2016-01-20T18:09:32","date_gmt":"2016-01-20T18:09:32","guid":{"rendered":"http:\/\/www.arovite.com\/?page_id=6266"},"modified":"2016-01-20T18:09:32","modified_gmt":"2016-01-20T18:09:32","slug":"vvaa-2010-2","status":"publish","type":"page","link":"https:\/\/www.arovite.com\/en\/vvaa-2010-2\/","title":{"rendered":"VVAA (2010)"},"content":{"rendered":"<div class=\"wpb-content-wrapper\"><p>[vc_row][vc_column width=&#8221;1\/1&#8243;][vc_column_text][vc_empty_space height=&#8221;20&#8243;]<br \/>\n<strong>Referencia bibliogr\u00e1fica<\/strong><br \/>\nVVAA (2010): <em>La visibilidad social y pol\u00edtica de las v\u00edctimas del terrorismo<\/em>. Vitoria-Gasteiz: Fundaci\u00f3n Fernando Buesa y Aldaketa-Cambio por Euskadi.<\/p>\n<p><a class=\"button blue  medium \" href=\"http:\/\/www.arovite.com\/documentos\/2010_Fundacion_Fernando_Buesa.pdf\" target=\"_blank\">Consultar PDF<\/a>[vc_empty_space height=&#8221;10&#8243;]<br \/>\n<strong>Resumen<\/strong><br \/>\nEn el marco del convenio de colaboraci\u00f3n suscrito entre la Fundaci\u00f3n Fernando Buesa Blanco Fundazioa y Aldaketa-Cambio por Euskadi, se celebraron los <em>III Encuentros \/ 3. Topaketak<\/em> bajo el t\u00edtulo La <em>visibilidad social y pol\u00edtica de las v\u00edctimas del terrorismo<\/em>, que tuvieron lugar en Vitoria-Gasteiz el 23 de octubre de 2008. Esta publicaci\u00f3n presenta las intervenciones de quienes participaron en dichos Encuentros.<br \/>\n[vc_empty_space height=&#8221;10&#8243;]<br \/>\n<strong>Tipo de documento<\/strong><br \/>\nLibro<br \/>\n[vc_empty_space height=&#8221;10&#8243;]<br \/>\n<a title=\"Enlace alternativo\" href=\"http:\/\/www.bideo.info\/buesa\/imagenes\/topaketak3.pdf\" target=\"_blank\"><strong>Enlace alternativo.<\/strong><\/a><br \/>\n[vc_empty_space height=&#8221;10&#8243;][\/vc_column_text][\/vc_column][\/vc_row]<\/p>\n<\/div>","protected":false},"excerpt":{"rendered":"<p>[vc_row][vc_column width=&#8221;1\/1&#8243;][vc_column_text][vc_empty_space height=&#8221;20&#8243;] Referencia bibliogr\u00e1fica VVAA (2010): La visibilidad social y pol\u00edtica de las v\u00edctimas del terrorismo. Vitoria-Gasteiz: Fundaci\u00f3n Fernando Buesa y Aldaketa-Cambio por Euskadi. Consultar PDF[vc_empty_space height=&#8221;10&#8243;] Resumen En&hellip;<\/p>\n","protected":false},"author":2,"featured_media":0,"parent":0,"menu_order":0,"comment_status":"open","ping_status":"open","template":"","meta":{"om_disable_all_campaigns":false,"_monsterinsights_skip_tracking":false,"_monsterinsights_sitenote_active":false,"_monsterinsights_sitenote_note":"","_monsterinsights_sitenote_category":0,"_uf_show_specific_survey":0,"_uf_disable_surveys":false,"_vp_format_video_url":"","_vp_image_focal_point":[],"_vp_custom_popup_image":0,"_vp_format_audio_url":"","_vp_custom_thumbnail":0,"_vp_custom_thumbnail_focal_point":[],"_vp_hover_thumbnail":0,"_vp_hover_thumbnail_focal_point":[],"footnotes":""},"class_list":["post-6266","page","type-page","status-publish","hentry"],"aioseo_notices":[],"_links":{"self":[{"href":"https:\/\/www.arovite.com\/en\/wp-json\/wp\/v2\/pages\/6266","targetHints":{"allow":["GET"]}}],"collection":[{"href":"https:\/\/www.arovite.com\/en\/wp-json\/wp\/v2\/pages"}],"about":[{"href":"https:\/\/www.arovite.com\/en\/wp-json\/wp\/v2\/types\/page"}],"author":[{"embeddable":true,"href":"https:\/\/www.arovite.com\/en\/wp-json\/wp\/v2\/users\/2"}],"replies":[{"embeddable":true,"href":"https:\/\/www.arovite.com\/en\/wp-json\/wp\/v2\/comments?post=6266"}],"version-history":[{"count":1,"href":"https:\/\/www.arovite.com\/en\/wp-json\/wp\/v2\/pages\/6266\/revisions"}],"predecessor-version":[{"id":6285,"href":"https:\/\/www.arovite.com\/en\/wp-json\/wp\/v2\/pages\/6266\/revisions\/6285"}],"wp:attachment":[{"href":"https:\/\/www.arovite.com\/en\/wp-json\/wp\/v2\/media?parent=6266"}],"curies":[{"name":"wp","href":"https:\/\/api.w.org\/{rel}","templated":true}]}}