{"id":6260,"date":"2016-01-20T18:09:03","date_gmt":"2016-01-20T18:09:03","guid":{"rendered":"http:\/\/www.arovite.com\/?page_id=6260"},"modified":"2016-01-24T21:43:15","modified_gmt":"2016-01-24T21:43:15","slug":"vvaa-2006-2","status":"publish","type":"page","link":"https:\/\/www.arovite.com\/en\/vvaa-2006-2\/","title":{"rendered":"VVAA (2006)"},"content":{"rendered":"<div class=\"wpb-content-wrapper\"><p>[vc_row][vc_column width=&#8221;1\/1&#8243;][vc_column_text][vc_empty_space height=&#8221;20&#8243;]<br \/>\n<strong>Referencia bibliogr\u00e1fica<\/strong><br \/>\nVVAA (2006): <em>El significado pol\u00edtico de las v\u00edctimas del terrorismo, el valor del estado de derecho y de la ciudadan\u00eda<\/em>. Vitoria-Gasteiz: Fundaci\u00f3n Fernando Buesa Blanco. <\/p>\n<p><a class=\"button blue  medium \" href=\"http:\/\/www.arovite.com\/documentos\/2006_Fundacion_Fernando_Buesa.pdf\" target=\"_blank\">Consultar PDF<\/a>[vc_empty_space height=&#8221;10&#8243;]<br \/>\n<strong>Resumen<\/strong><br \/>\nEn el marco del convenio de colaboraci\u00f3n suscrito entre ambas instituciones se celebraron los I Encuentros Fundaci\u00f3n Fernando Buesa Blanco Fundazioa y Aldaketa-Cambio por Euskadi sobre <em>El significado pol\u00edtico de las v\u00edctimas del terrorismo: el valor del estado de derecho y la ciudadan\u00eda<\/em>, que tuvieron lugar en Bilbao el 28 de octubre de 2005. Esta publicaci\u00f3n presenta los textos-ponencias de quienes intervinieron. Mediante esta primera entrega editorial conjunta se aspira a promover el compromiso con las v\u00edctimas del terrorismo y a fomentar la cultura de la paz.<br \/>\n[vc_empty_space height=&#8221;10&#8243;]<br \/>\n<strong>Autor<\/strong><br \/>\nJoseba Arregi. <a title=\"Dialnet\" href=\"http:\/\/dialnet.unirioja.es\/servlet\/autor?codigo=320318\" target=\"_blank\">P\u00e1gina del autor en Dialnet.<\/a><br \/>\nMaite Pagazaurtund\u00faa. <a title=\"Dialnet\" href=\"http:\/\/dialnet.unirioja.es\/servlet\/autor?codigo=1736036\" target=\"_blank\">P\u00e1gina del autor en Dialnet.<\/a><br \/>\nHermann Tertsch. <a title=\"Dialnet\" href=\"http:\/\/dialnet.unirioja.es\/servlet\/autor?codigo=147087\" target=\"_blank\">P\u00e1gina del autor en Dialnet.<\/a><br \/>\nAntonio Elorza. <a title=\"Dialnet\" href=\"http:\/\/dialnet.unirioja.es\/servlet\/autor?codigo=150128\" target=\"_blank\">P\u00e1gina del autor en Dialnet.<\/a><br \/>\nJavier G\u00f3mez Berm\u00fadez. <a title=\"Dialnet\" href=\"http:\/\/dialnet.unirioja.es\/servlet\/autor?codigo=1974383\" target=\"_blank\">P\u00e1gina del autor en Dialnet.<\/a><br \/>\n[vc_empty_space height=&#8221;10&#8243;]<br \/>\n<strong>Tipo de documento<\/strong><br \/>\nLibro<br \/>\n[vc_empty_space height=&#8221;10&#8243;]<br \/>\n<a title=\"Enlace alternativo\" href=\"http:\/\/www.fundacionfernandobuesa.com\/pdf\/topaketak1.pdf\" target=\"_blank\"><strong>Enlace alternativo.<\/strong><\/a><br \/>\n[vc_empty_space height=&#8221;10&#8243;][\/vc_column_text][\/vc_column][\/vc_row]<\/p>\n<\/div>","protected":false},"excerpt":{"rendered":"<p>[vc_row][vc_column width=&#8221;1\/1&#8243;][vc_column_text][vc_empty_space height=&#8221;20&#8243;] Referencia bibliogr\u00e1fica VVAA (2006): El significado pol\u00edtico de las v\u00edctimas del terrorismo, el valor del estado de derecho y de la ciudadan\u00eda. Vitoria-Gasteiz: Fundaci\u00f3n Fernando Buesa Blanco.&hellip;<\/p>\n","protected":false},"author":2,"featured_media":0,"parent":0,"menu_order":0,"comment_status":"open","ping_status":"open","template":"","meta":{"om_disable_all_campaigns":false,"_monsterinsights_skip_tracking":false,"_monsterinsights_sitenote_active":false,"_monsterinsights_sitenote_note":"","_monsterinsights_sitenote_category":0,"_uf_show_specific_survey":0,"_uf_disable_surveys":false,"_vp_format_video_url":"","_vp_image_focal_point":[],"_vp_custom_popup_image":0,"_vp_format_audio_url":"","_vp_custom_thumbnail":0,"_vp_custom_thumbnail_focal_point":[],"_vp_hover_thumbnail":0,"_vp_hover_thumbnail_focal_point":[],"footnotes":""},"class_list":["post-6260","page","type-page","status-publish","hentry"],"aioseo_notices":[],"_links":{"self":[{"href":"https:\/\/www.arovite.com\/en\/wp-json\/wp\/v2\/pages\/6260","targetHints":{"allow":["GET"]}}],"collection":[{"href":"https:\/\/www.arovite.com\/en\/wp-json\/wp\/v2\/pages"}],"about":[{"href":"https:\/\/www.arovite.com\/en\/wp-json\/wp\/v2\/types\/page"}],"author":[{"embeddable":true,"href":"https:\/\/www.arovite.com\/en\/wp-json\/wp\/v2\/users\/2"}],"replies":[{"embeddable":true,"href":"https:\/\/www.arovite.com\/en\/wp-json\/wp\/v2\/comments?post=6260"}],"version-history":[{"count":2,"href":"https:\/\/www.arovite.com\/en\/wp-json\/wp\/v2\/pages\/6260\/revisions"}],"predecessor-version":[{"id":6522,"href":"https:\/\/www.arovite.com\/en\/wp-json\/wp\/v2\/pages\/6260\/revisions\/6522"}],"wp:attachment":[{"href":"https:\/\/www.arovite.com\/en\/wp-json\/wp\/v2\/media?parent=6260"}],"curies":[{"name":"wp","href":"https:\/\/api.w.org\/{rel}","templated":true}]}}